{"id":2595,"date":"2018-05-03T16:23:42","date_gmt":"2018-05-03T14:23:42","guid":{"rendered":"http:\/\/ocean-web.fr\/%d8%a7%d9%84%d9%85%d8%b1%d8%a7%d8%ac%d8%b9\/"},"modified":"2023-10-04T16:35:10","modified_gmt":"2023-10-04T14:35:10","slug":"%d8%a7%d9%84%d9%85%d8%b1%d8%a7%d8%ac%d8%b9","status":"publish","type":"page","link":"https:\/\/jlvtraductions.com\/ar\/%d8%a7%d9%84%d9%85%d8%b1%d8%a7%d8%ac%d8%b9\/","title":{"rendered":"\u0627\u0644\u0645\u0631\u0627\u062c\u0639"},"content":{"rendered":"<p>[vc_row full_width=&#8221;stretch_row&#8221; extra_bg_mask=&#8221;9&#8243; hide_bg_image_on_tablet=&#8221;&#8221; hide_bg_image_on_mobile=&#8221;&#8221; css=&#8221;.vc_custom_1696428458076{padding-right: 15% !important;padding-left: 15% !important;background: #ffffff url(https:\/\/jlvtraductions.com\/wp-content\/uploads\/2018\/04\/fome_7.png?id=1728) !important;background-position: top left !important;background-repeat: no-repeat !important;background-size: cover !important;}&#8221;][vc_column][vc_empty_space height=&#8221;1em&#8221; alter_height=&#8221;none&#8221; hide_on_desktop=&#8221;&#8221; hide_on_notebook=&#8221;&#8221; hide_on_tablet=&#8221;&#8221; hide_on_mobile=&#8221;&#8221;][vc_empty_space height=&#8221;2em&#8221; alter_height=&#8221;none&#8221; hide_on_desktop=&#8221;&#8221; hide_on_notebook=&#8221;&#8221; hide_on_tablet=&#8221;&#8221; hide_on_mobile=&#8221;1&#8243;][vc_empty_space height=&#8221;2em&#8221; alter_height=&#8221;none&#8221; hide_on_desktop=&#8221;&#8221; hide_on_notebook=&#8221;&#8221; hide_on_tablet=&#8221;1&#8243; hide_on_mobile=&#8221;1&#8243;][vc_row_inner][vc_column_inner width=&#8221;3\/4&#8243;]<div id=\"sc_title_972329995\"\n\t\tclass=\"sc_title color_style_default sc_title_default\"><h5 class=\"sc_item_title sc_title_title sc_align_right sc_item_title_style_default sc_item_title_tag\"><b>\u0625\u0646 \u0632\u0628\u0627\u0626\u0646\u0646\u0627 \u0627\u0644\u0645\u062a\u0637\u0644\u0628\u064a\u0646\u060c \u0627\u0644\u0631\u0627\u0636\u064a\u0646 \u0639\u0646 \u0639\u0645\u0644\u0646\u0627 \u0644\u062f\u0631\u062c\u0629 \u0623\u0646\u0647\u0645 \u0627\u062a\u0635\u0644\u0648\u0627 \u0628\u0646\u0627 \u0644\u0639\u062f\u0629 \u0633\u0646\u0648\u0627\u062a\u060c \u0647\u0645 \u0636\u0645\u0627\u0646\u0629 \u062c\u062f\u064a\u0629 \u062a\u0631\u062c\u0645\u0627\u062a\u0646\u0627.<\/b><\/h5><\/div><!-- \/.sc_title -->[vc_empty_space height=&#8221;2em&#8221; alter_height=&#8221;none&#8221; hide_on_desktop=&#8221;&#8221; hide_on_notebook=&#8221;&#8221; hide_on_tablet=&#8221;&#8221; hide_on_mobile=&#8221;&#8221;][vc_column_text css_animation=&#8221;bounceInLeft&#8221;]<\/p>\n<p lang=\"fr-FR\">\u0644\u0642\u062f \u0648\u062b\u0642\u0648\u0627 \u0628\u0646\u0627 \u0645\u0646\u0630 \u0623\u0643\u062b\u0631 \u0645\u0646 \u0639\u0634\u0631\u064a\u0646 \u0639\u0627\u0645\u064b\u0627 \u0648\u064a\u0646\u062a\u0645\u0648\u0646 \u0625\u0644\u0649 \u0642\u0637\u0627\u0639\u0627\u062a \u0645\u062e\u062a\u0644\u0641\u0629 \u0645\u0646 \u0627\u0644\u0635\u0646\u0627\u0639\u0629 \u0648\u0627\u0644\u0642\u0637\u0627\u0639 \u0627\u0644\u062b\u0627\u0644\u062b (\u0634\u0631\u0643\u0627\u062a \u0627\u0644\u062e\u062f\u0645\u0627\u062a \u0648\u0648\u0643\u0627\u0644\u0627\u062a \u0627\u0644\u062a\u0631\u062c\u0645\u0629 \u0641\u064a \u0641\u0631\u0646\u0633\u0627 \u0648\u0627\u0644\u062e\u0627\u0631\u062c \u0648\u0627\u0644\u0645\u0647\u0646 \u0627\u0644\u062d\u0631\u0629) \u0648\u0627\u0644\u0645\u0624\u0633\u0633\u0627\u062a \u0627\u0644\u062f\u0648\u0644\u064a\u0629.<\/p>\n<p lang=\"fr-FR\">\u0641\u0644\u0633\u0641\u062a\u0646\u0627 \u0628\u0633\u064a\u0637\u0629: \u0646\u062d\u0646 \u0644\u0627 \u0646\u0641\u0631\u0642 \u0641\u064a \u0627\u0644\u062c\u0648\u062f\u0629 \u0628\u064a\u0646 \u0627\u0644\u0646\u0635 \u0627\u0644\u0645\u062e\u0635\u0635 \u0644\u0644\u0646\u0634\u0631 \u0623\u0648 \u0648\u062b\u064a\u0642\u0629 \u0627\u0644\u0639\u0645\u0644\u060c \u0645\u0647\u0645\u0627 \u0643\u0627\u0646\u062a \u0643\u062a\u0627\u0628\u062a\u0647 \u0633\u064a\u0626\u0629 \u0641\u064a \u0627\u0644\u0644\u063a\u0629 \u0627\u0644\u0645\u0635\u062f\u0631.<\/p>\n<p>[\/vc_column_text][\/vc_column_inner][vc_column_inner width=&#8221;1\/4&#8243;]<div id=\"sc_skills_349115823\"\n\t\tclass=\"sc_skills sc_skills_pie sc_skills_compact_off\"\n\t\t\t\tdata-type=\"pie\"\n\t\t><div class=\"sc_skills_column trx_addons_column-1_1\"><div class=\"sc_skills_item_wrap\"><div class=\"sc_skills_item\"><canvas id=\"sc_skills_canvas_1956575710\"><\/canvas><div class=\"sc_skills_total\" data-start=\"0\" data-stop=\"76 \" data-step=\"1\" data-steps=\"100\" data-max=\"100\" data-speed=\"26\" data-duration=\"1976\" data-color=\"#94c01f\" data-bg_color=\"#f7f7f7\" data-border_color=\"\" data-cutout=\"99\" data-easing=\"easeOutCirc\" data-ed=\"%\">0%<\/div><\/div><div class=\"sc_skills_item_title\">\u0632\u0628\u0627\u0626\u0646 \u0631\u0627\u0636\u0648\u0646 \u062c\u062f\u0627<\/div><\/div><\/div><\/div>[vc_empty_space height=&#8221;2em&#8221; alter_height=&#8221;none&#8221; hide_on_desktop=&#8221;&#8221; hide_on_notebook=&#8221;&#8221; hide_on_tablet=&#8221;&#8221; hide_on_mobile=&#8221;&#8221;][\/vc_column_inner][\/vc_row_inner][vc_single_image image=&#8221;2971&#8243; img_size=&#8221;2000&#215;300&#8243; style=&#8221;vc_box_shadow_3d&#8221; css_animation=&#8221;bounceInUp&#8221;][vc_empty_space height=&#8221;2em&#8221; alter_height=&#8221;none&#8221; hide_on_desktop=&#8221;&#8221; hide_on_notebook=&#8221;&#8221; hide_on_tablet=&#8221;&#8221; hide_on_mobile=&#8221;&#8221;][\/vc_column][\/vc_row][vc_row full_width=&#8221;stretch_row&#8221; extra_bg_mask=&#8221;9&#8243; hide_bg_image_on_tablet=&#8221;&#8221; hide_bg_image_on_mobile=&#8221;&#8221; css=&#8221;.vc_custom_1696428488038{padding-right: 15% !important;padding-left: 15% !important;background: #f3f5f9 url(https:\/\/jlvtraductions.com\/wp-content\/uploads\/2018\/04\/fome_9.png?id=1732) !important;background-position: top left !important;}&#8221;][vc_column][vc_empty_space height=&#8221;1em&#8221; alter_height=&#8221;none&#8221; hide_on_desktop=&#8221;&#8221; hide_on_notebook=&#8221;&#8221; hide_on_tablet=&#8221;&#8221; hide_on_mobile=&#8221;&#8221;][vc_empty_space height=&#8221;2em&#8221; alter_height=&#8221;none&#8221; hide_on_desktop=&#8221;&#8221; hide_on_notebook=&#8221;&#8221; hide_on_tablet=&#8221;1&#8243; hide_on_mobile=&#8221;1&#8243;]<div id=\"sc_title_483059627\"\n\t\tclass=\"sc_title color_style_default sc_title_default\"><h2 class=\"sc_item_title sc_title_title sc_align_right sc_item_title_style_default sc_item_title_tag\"><b>\u0641\u064a\u0645\u0627 \u064a\u0644\u064a \u0628\u0639\u0636 \u0645\u0631\u0627\u062c\u0639\u0646\u0627 \u0627\u0644\u0631\u0626\u064a\u0633\u064a\u0629:<\/b> :<\/h2><\/div><!-- \/.sc_title -->[vc_empty_space height=&#8221;2em&#8221; alter_height=&#8221;none&#8221; hide_on_desktop=&#8221;&#8221; hide_on_notebook=&#8221;&#8221; hide_on_tablet=&#8221;&#8221; hide_on_mobile=&#8221;1&#8243;][vc_empty_space height=&#8221;2em&#8221; alter_height=&#8221;none&#8221; hide_on_desktop=&#8221;&#8221; hide_on_notebook=&#8221;&#8221; hide_on_tablet=&#8221;&#8221; hide_on_mobile=&#8221;&#8221;]<div id=\"sc_icons_202319070\" \n\tclass=\"sc_icons sc_icons_default sc_icons_size_small sc_align_center\"><div class=\"sc_icons_columns_wrap sc_item_columns trx_addons_columns_wrap columns_padding_bottom\"><div class=\"trx_addons_column-1_5\"><div class=\"sc_icons_item\"><div id=\"sc_icons_202319070_icon-ambulance\" class=\"sc_icons_icon sc_icon_type_ icon-ambulance\"\n\t\t\t\t\t\t\t\t\t\t\t\t><span class=\"sc_icon_type_ icon-ambulance\"><\/span><\/div><h4 class=\"sc_icons_item_title\"><span>\u062a\u0623\u0645\u064a\u0646<\/span><\/h4><div class=\"sc_icons_item_description\"><span>Axa, Dekra, Allianz<\/span><\/div><\/div><\/div><div class=\"trx_addons_column-1_5\"><div class=\"sc_icons_item\"><div id=\"sc_icons_202319070_icon-lightbulb-light\" class=\"sc_icons_icon sc_icon_type_ icon-lightbulb-light\"\n\t\t\t\t\t\t\t\t\t\t\t\t><span class=\"sc_icon_type_ icon-lightbulb-light\"><\/span><\/div><h4 class=\"sc_icons_item_title\"><span>\u0645\u0644\u0643\u064a\u0629 \u0641\u0643\u0631\u064a\u0629<\/span><\/h4><div class=\"sc_icons_item_description\"><span>Morningside, Park IP, Cassiopi, OHMI<\/span><\/div><\/div><\/div><div class=\"trx_addons_column-1_5\"><div class=\"sc_icons_item\"><div id=\"sc_icons_202319070_icon-globe-light\" class=\"sc_icons_icon sc_icon_type_ icon-globe-light\"\n\t\t\t\t\t\t\t\t\t\t\t\t><span class=\"sc_icon_type_ icon-globe-light\"><\/span><\/div><h4 class=\"sc_icons_item_title\"><span>\u0648\u0643\u0644\u0627\u062a \u0627\u0644\u062a\u0631\u062c\u0645\u0629 \u0627\u0644\u062a\u0627\u0628\u0639\u0629 \u0644\u0646\u0627<\/span><\/h4><div class=\"sc_icons_item_description\"><span>Peter \u00dcehlein, Tradeuras, Donnelley, Merrilbrink, Metropol AG, Centre de traduction du Luxembourg<\/span><\/div><\/div><\/div><div class=\"trx_addons_column-1_5\"><div class=\"sc_icons_item\"><div id=\"sc_icons_202319070_icon-wrench\" class=\"sc_icons_icon sc_icon_type_ icon-wrench\"\n\t\t\t\t\t\t\t\t\t\t\t\t><span class=\"sc_icon_type_ icon-wrench\"><\/span><\/div><h4 class=\"sc_icons_item_title\"><span>\u0635\u0646\u0627\u0639\u0629<\/span><\/h4><div class=\"sc_icons_item_description\"><span>Alstom, Proxipi, S\u00e9nalia, Boehringer-Ingelheim, Bosch, Canon, Siemens, Boc Edwards, Honda, Stein Heurtey<\/span><\/div><\/div><\/div><div class=\"trx_addons_column-1_5\"><div class=\"sc_icons_item\"><div id=\"sc_icons_202319070_icon-box\" class=\"sc_icons_icon sc_icon_type_ icon-box\"\n\t\t\t\t\t\t\t\t\t\t\t\t><span class=\"sc_icon_type_ icon-box\"><\/span><\/div><h4 class=\"sc_icons_item_title\"><span>\u0648\u0623\u064a\u0636\u0627<\/span><\/h4><div class=\"sc_icons_item_description\"><span>\u00c9ditions Belin, Goldman Sachs Group, HSBC, France T\u00e9l\u00e9visions, La Poste, Pernod-Ricard, MFP<\/span><\/div><\/div><\/div><\/div><\/div><!-- \/.sc_icons -->[vc_empty_space height=&#8221;1em&#8221; alter_height=&#8221;none&#8221; hide_on_desktop=&#8221;&#8221; hide_on_notebook=&#8221;&#8221; hide_on_tablet=&#8221;&#8221; hide_on_mobile=&#8221;1&#8243;]<div id=\"widget_slider_1582058258\" class=\"widget_area sc_widget_slider vc_widget_slider wpb_content_element  vc_custom_1525271403872\"><aside id=\"widget_slider_1582058258_widget\" class=\"widget widget_slider\">\t\t\t<div class=\"slider_wrap slider_engine_swiper\">\n\t\t\t\t<div id=\"widget_slider_1582058258_outer\" class=\"slider_outer slider_swiper_outer slider_style_default slider_outer_direction_horizontal slider_outer_multi slider_outer_nopagination slider_outer_nocontrols slider_outer_titles_center\"><div id=\"widget_slider_1582058258_swiper\" class=\"slider_container slider_swiper swiper-slider-container slider_nocontrols slider_titles_center slider_resize slider_height_auto slider_direction_horizontal slider_nopagination slider_multi slider_type_images\" data-ratio=\"4:3\" data-interval=\"3000\" data-effect=\"slide\" data-pagination=\"bullets\" data-direction=\"horizontal\" data-slides-per-view=\"5\" data-slides-space=\"0\"><div class=\"slider-wrapper swiper-wrapper\"><div  class=\"slider-slide swiper-slide\" data-image=\"https:\/\/jlvtraductions.com\/wp-content\/uploads\/2018\/04\/alstom-e1524070366504.jpg\" style=\"\"><img decoding=\"async\" src=\"https:\/\/jlvtraductions.com\/wp-content\/uploads\/2018\/04\/alstom-e1524070366504.jpg\" alt=\"\"><\/div><div  class=\"slider-slide swiper-slide\" data-image=\"https:\/\/jlvtraductions.com\/wp-content\/uploads\/2018\/04\/honda-e1524070469808.jpg\" style=\"\"><img decoding=\"async\" src=\"https:\/\/jlvtraductions.com\/wp-content\/uploads\/2018\/04\/honda-e1524070469808.jpg\" alt=\"\"><\/div><div  class=\"slider-slide swiper-slide\" data-image=\"https:\/\/jlvtraductions.com\/wp-content\/uploads\/2018\/04\/dekra-e1524070454325.jpg\" style=\"\"><img decoding=\"async\" src=\"https:\/\/jlvtraductions.com\/wp-content\/uploads\/2018\/04\/dekra-e1524070454325.jpg\" alt=\"\"><\/div><div  class=\"slider-slide swiper-slide\" data-image=\"https:\/\/jlvtraductions.com\/wp-content\/uploads\/2018\/04\/canon-e1524070435502.jpg\" style=\"\"><img decoding=\"async\" src=\"https:\/\/jlvtraductions.com\/wp-content\/uploads\/2018\/04\/canon-e1524070435502.jpg\" alt=\"\"><\/div><div  class=\"slider-slide swiper-slide\" data-image=\"https:\/\/jlvtraductions.com\/wp-content\/uploads\/2018\/04\/axa-e1524070397304.jpg\" style=\"\"><img decoding=\"async\" src=\"https:\/\/jlvtraductions.com\/wp-content\/uploads\/2018\/04\/axa-e1524070397304.jpg\" alt=\"\"><\/div><div  class=\"slider-slide swiper-slide\" data-image=\"https:\/\/jlvtraductions.com\/wp-content\/uploads\/2018\/04\/la_poste-e1524070522117.jpg\" style=\"\"><img decoding=\"async\" src=\"https:\/\/jlvtraductions.com\/wp-content\/uploads\/2018\/04\/la_poste-e1524070522117.jpg\" alt=\"\"><\/div><div  class=\"slider-slide swiper-slide\" data-image=\"https:\/\/jlvtraductions.com\/wp-content\/uploads\/2018\/04\/bosch-e1524070417722.jpg\" style=\"\"><img decoding=\"async\" src=\"https:\/\/jlvtraductions.com\/wp-content\/uploads\/2018\/04\/bosch-e1524070417722.jpg\" alt=\"\"><\/div><div  class=\"slider-slide swiper-slide\" data-image=\"https:\/\/jlvtraductions.com\/wp-content\/uploads\/2018\/04\/allianz-e1524070336850.jpg\" style=\"\"><img decoding=\"async\" src=\"https:\/\/jlvtraductions.com\/wp-content\/uploads\/2018\/04\/allianz-e1524070336850.jpg\" alt=\"\"><\/div><div  class=\"slider-slide swiper-slide\" data-image=\"https:\/\/jlvtraductions.com\/wp-content\/uploads\/2018\/04\/id_park-e1524070490795.jpg\" style=\"\"><img decoding=\"async\" src=\"https:\/\/jlvtraductions.com\/wp-content\/uploads\/2018\/04\/id_park-e1524070490795.jpg\" alt=\"\"><\/div><\/div><!-- \/.slider-wrapper --><\/div><!-- \/.slider_container --><\/div><!-- \/.slider_outer -->\t\t\t<\/div>\n\t\t\t<\/aside><\/div>[vc_empty_space height=&#8221;2em&#8221; alter_height=&#8221;none&#8221; hide_on_desktop=&#8221;&#8221; hide_on_notebook=&#8221;&#8221; hide_on_tablet=&#8221;&#8221; hide_on_mobile=&#8221;1&#8243;][vc_single_image image=&#8221;4405&#8243; img_size=&#8221;2000&#215;300&#8243; alignment=&#8221;center&#8221; style=&#8221;vc_box_shadow_3d&#8221; css_animation=&#8221;bounceInUp&#8221;][vc_empty_space height=&#8221;2em&#8221; alter_height=&#8221;none&#8221; hide_on_desktop=&#8221;&#8221; hide_on_notebook=&#8221;&#8221; hide_on_tablet=&#8221;&#8221; hide_on_mobile=&#8221;&#8221;][\/vc_column][\/vc_row][vc_row][vc_column][vc_empty_space height=&#8221;4em&#8221; alter_height=&#8221;none&#8221; hide_on_desktop=&#8221;&#8221; hide_on_notebook=&#8221;&#8221; hide_on_tablet=&#8221;&#8221; hide_on_mobile=&#8221;&#8221;][\/vc_column][\/vc_row]<\/p>\n","protected":false},"excerpt":{"rendered":"<p>[vc_row full_width=&#8221;stretch_row&#8221; extra_bg_mask=&#8221;9&#8243; hide_bg_image_on_tablet=&#8221;&#8221; hide_bg_image_on_mobile=&#8221;&#8221; css=&#8221;.vc_custom_1696428458076{padding-right: 15% !important;padding-left: 15% !important;background: #ffffff url(https:\/\/jlvtraductions.com\/wp-content\/uploads\/2018\/04\/fome_7.png?id=1728) !important;background-position: top left !important;background-repeat: no-repeat !important;background-size: cover !important;}&#8221;][vc_column][vc_empty_space height=&#8221;1em&#8221; alter_height=&#8221;none&#8221; hide_on_desktop=&#8221;&#8221; hide_on_notebook=&#8221;&#8221; hide_on_tablet=&#8221;&#8221; hide_on_mobile=&#8221;&#8221;][vc_empty_space height=&#8221;2em&#8221; alter_height=&#8221;none&#8221; hide_on_desktop=&#8221;&#8221; hide_on_notebook=&#8221;&#8221; hide_on_tablet=&#8221;&#8221; hide_on_mobile=&#8221;1&#8243;][vc_empty_space height=&#8221;2em&#8221; alter_height=&#8221;none&#8221; hide_on_desktop=&#8221;&#8221; hide_on_notebook=&#8221;&#8221; hide_on_tablet=&#8221;1&#8243; hide_on_mobile=&#8221;1&#8243;][vc_row_inner][vc_column_inner width=&#8221;3\/4&#8243;][vc_empty_space height=&#8221;2em&#8221; alter_height=&#8221;none&#8221; hide_on_desktop=&#8221;&#8221; hide_on_notebook=&#8221;&#8221; hide_on_tablet=&#8221;&#8221; hide_on_mobile=&#8221;&#8221;][vc_column_text css_animation=&#8221;bounceInLeft&#8221;] \u0644\u0642\u062f \u0648\u062b\u0642\u0648\u0627 \u0628\u0646\u0627 \u0645\u0646\u0630&hellip;<\/p>\n","protected":false},"author":1,"featured_media":0,"parent":0,"menu_order":0,"comment_status":"closed","ping_status":"closed","template":"","meta":{"_monsterinsights_skip_tracking":false,"_monsterinsights_sitenote_active":false,"_monsterinsights_sitenote_note":"","_monsterinsights_sitenote_category":0,"footnotes":""},"class_list":["post-2595","page","type-page","status-publish","hentry"],"_links":{"self":[{"href":"https:\/\/jlvtraductions.com\/ar\/wp-json\/wp\/v2\/pages\/2595"}],"collection":[{"href":"https:\/\/jlvtraductions.com\/ar\/wp-json\/wp\/v2\/pages"}],"about":[{"href":"https:\/\/jlvtraductions.com\/ar\/wp-json\/wp\/v2\/types\/page"}],"author":[{"embeddable":true,"href":"https:\/\/jlvtraductions.com\/ar\/wp-json\/wp\/v2\/users\/1"}],"replies":[{"embeddable":true,"href":"https:\/\/jlvtraductions.com\/ar\/wp-json\/wp\/v2\/comments?post=2595"}],"version-history":[{"count":11,"href":"https:\/\/jlvtraductions.com\/ar\/wp-json\/wp\/v2\/pages\/2595\/revisions"}],"predecessor-version":[{"id":7715,"href":"https:\/\/jlvtraductions.com\/ar\/wp-json\/wp\/v2\/pages\/2595\/revisions\/7715"}],"wp:attachment":[{"href":"https:\/\/jlvtraductions.com\/ar\/wp-json\/wp\/v2\/media?parent=2595"}],"curies":[{"name":"wp","href":"https:\/\/api.w.org\/{rel}","templated":true}]}}