{"id":4821,"date":"2021-03-19T12:59:29","date_gmt":"2021-03-19T11:59:29","guid":{"rendered":"https:\/\/jlvtraductions.com\/jobs\/"},"modified":"2021-03-22T17:28:30","modified_gmt":"2021-03-22T16:28:30","slug":"job-openings","status":"publish","type":"page","link":"https:\/\/jlvtraductions.com\/da\/job-openings\/","title":{"rendered":"Jobs"},"content":{"rendered":"\t<div class=\"awsm-job-wrap\">\n\n\t\t<div class=\"awsm-filter-wrap\"><form action=\"https:\/\/jlvtraductions.com\/wp-admin\/admin-ajax.php\" method=\"POST\"><div class=\"awsm-filter-item-search\"><div class=\"awsm-filter-item-search-in\"><label for=\"awsm-jq-1\" class=\"awsm-sr-only\">Search<\/label><input type=\"text\" id=\"awsm-jq-1\" name=\"jq\" value=\"\" placeholder=\"Search\" class=\"awsm-job-search awsm-job-form-control\"><span class=\"awsm-job-search-btn awsm-job-search-icon-wrapper\"><i class=\"awsm-job-icon-search\"><\/i><\/span><span class=\"awsm-job-search-close-btn awsm-job-search-icon-wrapper awsm-job-hide\"><i class=\"awsm-job-icon-close-circle\"><\/i><\/span><\/div><\/div><input type=\"hidden\" name=\"lang\" value=\"da\"><input type=\"hidden\" name=\"action\" value=\"jobfilter\"><\/form><\/div>\n\t\t<div class=\"awsm-job-listings awsm-row awsm-grid-col-3\" data-listings=\"10\" data-lang=\"da\">\n\t\t\t<div class=\"awsm-job-listing-item awsm-grid-item\" id=\"awsm-grid-item-4814\">\t\t<a href=\"https:\/\/jlvtraductions.com\/da\/job-openings\/soger-specialiserede-oversaettere-dk-fr-se-no-fi\/\" class=\"awsm-job-item\">\t\t\t<div class=\"awsm-grid-left-col\">\n\t\t\t\t\n\t\t\t\t\n\t\t\t\t<h2 class=\"awsm-job-post-title\">\n\t\t\t\t\tS\u00d8GER SPECIALISEREDE OVERS\u00c6TTERE DK \/ FR \/ SE \/ NO \/ FI\t\t\t\t<\/h2>\n\n\t\t\t\t\t\t\t<\/div>\n\n\t\t\t<div class=\"awsm-grid-right-col\">\n\t\t\t\t<div class=\"awsm-job-more-container\"><span class=\"awsm-job-more\">More Details <span><\/span><\/span><\/div>\t\t\t<\/div>\n\t\t<\/a>\t<\/div>\t\t<\/div>\n\n\t<\/div>\n\t\n","protected":false},"excerpt":{"rendered":"S\u00d8GER SPECIALISEREDE OVERS\u00c6TTERE MED ERFARING INDEN FOR F\u00d8LGENDE SPROG OG OMR\u00c5DER: DANSK TIL FRANSK (DK til FR) FRANSK TIL DANSK (FR til DK) SVENSK TIL FRANSK (SV til FR) FRANSK TIL SVENSK (FR til SV) NORSK TIL FRANSK (NO til FR) FRANSK TIL NORSK (FR til NO) FINSK TIL FRANSK&hellip;","protected":false},"author":1,"featured_media":0,"parent":0,"menu_order":0,"comment_status":"closed","ping_status":"closed","template":"","meta":{"_monsterinsights_skip_tracking":false,"_monsterinsights_sitenote_active":false,"_monsterinsights_sitenote_note":"","_monsterinsights_sitenote_category":0,"footnotes":""},"class_list":["post-4821","page","type-page","status-publish","hentry"],"_links":{"self":[{"href":"https:\/\/jlvtraductions.com\/da\/wp-json\/wp\/v2\/pages\/4821"}],"collection":[{"href":"https:\/\/jlvtraductions.com\/da\/wp-json\/wp\/v2\/pages"}],"about":[{"href":"https:\/\/jlvtraductions.com\/da\/wp-json\/wp\/v2\/types\/page"}],"author":[{"embeddable":true,"href":"https:\/\/jlvtraductions.com\/da\/wp-json\/wp\/v2\/users\/1"}],"replies":[{"embeddable":true,"href":"https:\/\/jlvtraductions.com\/da\/wp-json\/wp\/v2\/comments?post=4821"}],"version-history":[{"count":1,"href":"https:\/\/jlvtraductions.com\/da\/wp-json\/wp\/v2\/pages\/4821\/revisions"}],"predecessor-version":[{"id":4822,"href":"https:\/\/jlvtraductions.com\/da\/wp-json\/wp\/v2\/pages\/4821\/revisions\/4822"}],"wp:attachment":[{"href":"https:\/\/jlvtraductions.com\/da\/wp-json\/wp\/v2\/media?parent=4821"}],"curies":[{"name":"wp","href":"https:\/\/api.w.org\/{rel}","templated":true}]}}