{"id":2599,"date":"2018-05-03T16:25:33","date_gmt":"2018-05-03T14:25:33","guid":{"rendered":"http:\/\/ocean-web.fr\/referenzen\/"},"modified":"2023-02-23T11:06:57","modified_gmt":"2023-02-23T10:06:57","slug":"referenzen","status":"publish","type":"page","link":"https:\/\/jlvtraductions.com\/de\/referenzen\/","title":{"rendered":"Referenzen"},"content":{"rendered":"<p>[vc_row full_width=&#8220;stretch_row&#8220; extra_bg_mask=&#8220;9&#8243; hide_bg_image_on_tablet=&#8220;&#8220; hide_bg_image_on_mobile=&#8220;&#8220; css=&#8220;.vc_custom_1526647405419{background: #ffffff url(https:\/\/jlvtraductions.com\/wp-content\/uploads\/2018\/04\/fome_7.png?id=1728) !important;background-position: top left !important;background-repeat: no-repeat !important;background-size: cover !important;}&#8220;][vc_column][vc_empty_space height=&#8220;1em&#8220; alter_height=&#8220;none&#8220; hide_on_desktop=&#8220;&#8220; hide_on_notebook=&#8220;&#8220; hide_on_tablet=&#8220;&#8220; hide_on_mobile=&#8220;&#8220;][vc_empty_space height=&#8220;2em&#8220; alter_height=&#8220;none&#8220; hide_on_desktop=&#8220;&#8220; hide_on_notebook=&#8220;&#8220; hide_on_tablet=&#8220;&#8220; hide_on_mobile=&#8220;1&#8243;][vc_empty_space height=&#8220;2em&#8220; alter_height=&#8220;none&#8220; hide_on_desktop=&#8220;&#8220; hide_on_notebook=&#8220;&#8220; hide_on_tablet=&#8220;1&#8243; hide_on_mobile=&#8220;1&#8243;][vc_row_inner][vc_column_inner width=&#8220;1\/4&#8243;]<div id=\"sc_skills_1247640888\"\n\t\tclass=\"sc_skills sc_skills_pie sc_skills_compact_off\"\n\t\t\t\tdata-type=\"pie\"\n\t\t><div class=\"sc_skills_column trx_addons_column-1_1\"><div class=\"sc_skills_item_wrap\"><div class=\"sc_skills_item\"><canvas id=\"sc_skills_canvas_447377091\"><\/canvas><div class=\"sc_skills_total\" data-start=\"0\" data-stop=\"76 \" data-step=\"1\" data-steps=\"100\" data-max=\"100\" data-speed=\"24\" data-duration=\"1824\" data-color=\"#94c01f\" data-bg_color=\"#f7f7f7\" data-border_color=\"\" data-cutout=\"99\" data-easing=\"easeOutCirc\" data-ed=\"%\">0%<\/div><\/div><div class=\"sc_skills_item_title\">SEHR ZUFRIEDENE KUNDEN<\/div><\/div><\/div><\/div>[vc_empty_space height=&#8220;2em&#8220; alter_height=&#8220;none&#8220; hide_on_desktop=&#8220;&#8220; hide_on_notebook=&#8220;&#8220; hide_on_tablet=&#8220;&#8220; hide_on_mobile=&#8220;&#8220;][\/vc_column_inner][vc_column_inner width=&#8220;3\/4&#8243;]<div id=\"sc_title_476527174\"\n\t\tclass=\"sc_title color_style_default sc_title_default\"><h5 class=\"sc_item_title sc_title_title sc_align_left sc_item_title_style_default sc_item_title_tag\">Unsere anspruchsvollen Kunden sind so zufrieden mit unserer Arbeit, dass sie uns schon seit langen Zeiten die Treue halten. Sie sind der beste Beweis f\u00fcr die Qualit\u00e4t unserer \u00dcbersetzungen.<\/h5><\/div><!-- \/.sc_title -->[vc_empty_space height=&#8220;2em&#8220; alter_height=&#8220;none&#8220; hide_on_desktop=&#8220;&#8220; hide_on_notebook=&#8220;&#8220; hide_on_tablet=&#8220;&#8220; hide_on_mobile=&#8220;&#8220;][vc_column_text css_animation=&#8220;bounceInRight&#8220;]Unsere Kunden vertrauen uns seit mehr als 20 Jahren. Sie stammen aus unterschiedlichen Industriebranchen, aus dem Terti\u00e4rsektor (Dienstleistungsgesellschaften, \u00dcbersetzungsagenturen in Frankreich und im Ausland, freie Berufe) oder sind internationale Institutionen.<\/p>\n<p>Unsere Philosophie: Wir machen keinerlei qualitativen Unterschied zwischen einem Text, der ver\u00f6ffentlicht werden soll und einer Arbeitsunterlage, selbst wenn sie in der Ausgangssprache schlecht formuliert ist.[\/vc_column_text][\/vc_column_inner][\/vc_row_inner][vc_single_image image=&#8220;1666&#8243; img_size=&#8220;2000&#215;300&#8243; style=&#8220;vc_box_shadow_3d&#8220; css_animation=&#8220;bounceInUp&#8220;][vc_empty_space height=&#8220;2em&#8220; alter_height=&#8220;none&#8220; hide_on_desktop=&#8220;&#8220; hide_on_notebook=&#8220;&#8220; hide_on_tablet=&#8220;&#8220; hide_on_mobile=&#8220;&#8220;][\/vc_column][\/vc_row][vc_row full_width=&#8220;stretch_row&#8220; extra_bg_mask=&#8220;9&#8243; hide_bg_image_on_tablet=&#8220;&#8220; hide_bg_image_on_mobile=&#8220;&#8220; css=&#8220;.vc_custom_1526647457622{background: #f3f5f9 url(https:\/\/jlvtraductions.com\/wp-content\/uploads\/2018\/04\/fome_9.png?id=1732) !important;background-position: top left !important;}&#8220;][vc_column][vc_empty_space height=&#8220;1em&#8220; alter_height=&#8220;none&#8220; hide_on_desktop=&#8220;&#8220; hide_on_notebook=&#8220;&#8220; hide_on_tablet=&#8220;&#8220; hide_on_mobile=&#8220;&#8220;][vc_empty_space height=&#8220;2em&#8220; alter_height=&#8220;none&#8220; hide_on_desktop=&#8220;&#8220; hide_on_notebook=&#8220;&#8220; hide_on_tablet=&#8220;1&#8243; hide_on_mobile=&#8220;1&#8243;]<div id=\"sc_title_1650255804\"\n\t\tclass=\"sc_title color_style_default sc_title_default\"><h2 class=\"sc_item_title sc_title_title sc_align_left sc_item_title_style_default sc_item_title_tag\">Einige unserer <b>Haupt-Referenzen<\/b>:<\/h2><\/div><!-- \/.sc_title -->[vc_empty_space height=&#8220;2em&#8220; alter_height=&#8220;none&#8220; hide_on_desktop=&#8220;&#8220; hide_on_notebook=&#8220;&#8220; hide_on_tablet=&#8220;&#8220; hide_on_mobile=&#8220;1&#8243;][vc_empty_space height=&#8220;2em&#8220; alter_height=&#8220;none&#8220; hide_on_desktop=&#8220;&#8220; hide_on_notebook=&#8220;&#8220; hide_on_tablet=&#8220;&#8220; hide_on_mobile=&#8220;&#8220;]<div id=\"sc_icons_885216260\" \n\tclass=\"sc_icons sc_icons_default sc_icons_size_small sc_align_center\"><div class=\"sc_icons_columns_wrap sc_item_columns trx_addons_columns_wrap columns_padding_bottom\"><div class=\"trx_addons_column-1_5\"><div class=\"sc_icons_item\"><div id=\"sc_icons_885216260_icon-ambulance\" class=\"sc_icons_icon sc_icon_type_ icon-ambulance\"\n\t\t\t\t\t\t\t\t\t\t\t\t><span class=\"sc_icon_type_ icon-ambulance\"><\/span><\/div><h4 class=\"sc_icons_item_title\"><span>Versicherungen<\/span><\/h4><div class=\"sc_icons_item_description\"><span>Axa, Dekra, Allianz<\/span><\/div><\/div><\/div><div class=\"trx_addons_column-1_5\"><div class=\"sc_icons_item\"><div id=\"sc_icons_885216260_icon-lightbulb-light\" class=\"sc_icons_icon sc_icon_type_ icon-lightbulb-light\"\n\t\t\t\t\t\t\t\t\t\t\t\t><span class=\"sc_icon_type_ icon-lightbulb-light\"><\/span><\/div><h4 class=\"sc_icons_item_title\"><span>Berater f\u00fcr geistiges Eigentum<\/span><\/h4><div class=\"sc_icons_item_description\"><span>Morningside, Park IP, Cassiopi, OHMI<\/span><\/div><\/div><\/div><div class=\"trx_addons_column-1_5\"><div class=\"sc_icons_item\"><div id=\"sc_icons_885216260_icon-globe-light\" class=\"sc_icons_icon sc_icon_type_ icon-globe-light\"\n\t\t\t\t\t\t\t\t\t\t\t\t><span class=\"sc_icon_type_ icon-globe-light\"><\/span><\/div><h4 class=\"sc_icons_item_title\"><span>\u00dcbersetzungsagenturen<\/span><\/h4><div class=\"sc_icons_item_description\"><span>Peter \u00dcehlein, Tradeuras, Donnelley, Merrilbrink, Metropol AG, Centre de traduction du Luxembourg<\/span><\/div><\/div><\/div><div class=\"trx_addons_column-1_5\"><div class=\"sc_icons_item\"><div id=\"sc_icons_885216260_icon-wrench\" class=\"sc_icons_icon sc_icon_type_ icon-wrench\"\n\t\t\t\t\t\t\t\t\t\t\t\t><span class=\"sc_icon_type_ icon-wrench\"><\/span><\/div><h4 class=\"sc_icons_item_title\"><span>Industrie<\/span><\/h4><div class=\"sc_icons_item_description\"><span>Alstom, Proxipi, S\u00e9nalia, Boehringer-Ingelheim, Bosch, Canon, Siemens, Boc Edwards, Honda, Stein Heurtey<\/span><\/div><\/div><\/div><div class=\"trx_addons_column-1_5\"><div class=\"sc_icons_item\"><div id=\"sc_icons_885216260_icon-box\" class=\"sc_icons_icon sc_icon_type_ icon-box\"\n\t\t\t\t\t\t\t\t\t\t\t\t><span class=\"sc_icon_type_ icon-box\"><\/span><\/div><h4 class=\"sc_icons_item_title\"><span>Verschiedene<\/span><\/h4><div class=\"sc_icons_item_description\"><span>\u00c9ditions Belin, Goldman Sachs Group, HSBC, France T\u00e9l\u00e9visions, La Poste, Pernod-Ricard, MFP<\/span><\/div><\/div><\/div><\/div><\/div><!-- \/.sc_icons -->[vc_empty_space height=&#8220;1em&#8220; alter_height=&#8220;none&#8220; hide_on_desktop=&#8220;&#8220; hide_on_notebook=&#8220;&#8220; hide_on_tablet=&#8220;&#8220; hide_on_mobile=&#8220;1&#8243;]<div id=\"widget_slider_531044745\" class=\"widget_area sc_widget_slider vc_widget_slider wpb_content_element  vc_custom_1525271403872\"><aside id=\"widget_slider_531044745_widget\" class=\"widget widget_slider\">\t\t\t<div class=\"slider_wrap slider_engine_swiper\">\n\t\t\t\t<div id=\"widget_slider_531044745_outer\" class=\"slider_outer slider_swiper_outer slider_style_default slider_outer_direction_horizontal slider_outer_multi slider_outer_nopagination slider_outer_nocontrols slider_outer_titles_center\"><div id=\"widget_slider_531044745_swiper\" class=\"slider_container slider_swiper swiper-slider-container slider_nocontrols slider_titles_center slider_resize slider_height_auto slider_direction_horizontal slider_nopagination slider_multi slider_type_images\" data-ratio=\"4:3\" data-interval=\"3000\" data-effect=\"slide\" data-pagination=\"bullets\" data-direction=\"horizontal\" data-slides-per-view=\"5\" data-slides-space=\"0\"><div class=\"slider-wrapper swiper-wrapper\"><div  class=\"slider-slide swiper-slide\" data-image=\"https:\/\/jlvtraductions.com\/wp-content\/uploads\/2018\/04\/alstom-e1524070366504.jpg\" style=\"\"><img decoding=\"async\" src=\"https:\/\/jlvtraductions.com\/wp-content\/uploads\/2018\/04\/alstom-e1524070366504.jpg\" alt=\"\"><\/div><div  class=\"slider-slide swiper-slide\" data-image=\"https:\/\/jlvtraductions.com\/wp-content\/uploads\/2018\/04\/honda-e1524070469808.jpg\" style=\"\"><img decoding=\"async\" src=\"https:\/\/jlvtraductions.com\/wp-content\/uploads\/2018\/04\/honda-e1524070469808.jpg\" alt=\"\"><\/div><div  class=\"slider-slide swiper-slide\" data-image=\"https:\/\/jlvtraductions.com\/wp-content\/uploads\/2018\/04\/dekra-e1524070454325.jpg\" style=\"\"><img decoding=\"async\" src=\"https:\/\/jlvtraductions.com\/wp-content\/uploads\/2018\/04\/dekra-e1524070454325.jpg\" alt=\"\"><\/div><div  class=\"slider-slide swiper-slide\" data-image=\"https:\/\/jlvtraductions.com\/wp-content\/uploads\/2018\/04\/canon-e1524070435502.jpg\" style=\"\"><img decoding=\"async\" src=\"https:\/\/jlvtraductions.com\/wp-content\/uploads\/2018\/04\/canon-e1524070435502.jpg\" alt=\"\"><\/div><div  class=\"slider-slide swiper-slide\" data-image=\"https:\/\/jlvtraductions.com\/wp-content\/uploads\/2018\/04\/axa-e1524070397304.jpg\" style=\"\"><img decoding=\"async\" src=\"https:\/\/jlvtraductions.com\/wp-content\/uploads\/2018\/04\/axa-e1524070397304.jpg\" alt=\"\"><\/div><div  class=\"slider-slide swiper-slide\" data-image=\"https:\/\/jlvtraductions.com\/wp-content\/uploads\/2018\/04\/la_poste-e1524070522117.jpg\" style=\"\"><img decoding=\"async\" src=\"https:\/\/jlvtraductions.com\/wp-content\/uploads\/2018\/04\/la_poste-e1524070522117.jpg\" alt=\"\"><\/div><div  class=\"slider-slide swiper-slide\" data-image=\"https:\/\/jlvtraductions.com\/wp-content\/uploads\/2018\/04\/bosch-e1524070417722.jpg\" style=\"\"><img decoding=\"async\" src=\"https:\/\/jlvtraductions.com\/wp-content\/uploads\/2018\/04\/bosch-e1524070417722.jpg\" alt=\"\"><\/div><div  class=\"slider-slide swiper-slide\" data-image=\"https:\/\/jlvtraductions.com\/wp-content\/uploads\/2018\/04\/allianz-e1524070336850.jpg\" style=\"\"><img decoding=\"async\" src=\"https:\/\/jlvtraductions.com\/wp-content\/uploads\/2018\/04\/allianz-e1524070336850.jpg\" alt=\"\"><\/div><div  class=\"slider-slide swiper-slide\" data-image=\"https:\/\/jlvtraductions.com\/wp-content\/uploads\/2018\/04\/id_park-e1524070490795.jpg\" style=\"\"><img decoding=\"async\" src=\"https:\/\/jlvtraductions.com\/wp-content\/uploads\/2018\/04\/id_park-e1524070490795.jpg\" alt=\"\"><\/div><\/div><!-- \/.slider-wrapper --><\/div><!-- \/.slider_container --><\/div><!-- \/.slider_outer -->\t\t\t<\/div>\n\t\t\t<\/aside><\/div>[vc_empty_space height=&#8220;2em&#8220; alter_height=&#8220;none&#8220; hide_on_desktop=&#8220;&#8220; hide_on_notebook=&#8220;&#8220; hide_on_tablet=&#8220;&#8220; hide_on_mobile=&#8220;1&#8243;][vc_single_image image=&#8220;2504&#8243; img_size=&#8220;2000&#215;300&#8243; alignment=&#8220;center&#8220; style=&#8220;vc_box_shadow_3d&#8220; css_animation=&#8220;bounceInUp&#8220;][vc_empty_space height=&#8220;2em&#8220; alter_height=&#8220;none&#8220; hide_on_desktop=&#8220;&#8220; hide_on_notebook=&#8220;&#8220; hide_on_tablet=&#8220;&#8220; hide_on_mobile=&#8220;&#8220;][\/vc_column][\/vc_row][vc_row][vc_column][vc_empty_space height=&#8220;4em&#8220; alter_height=&#8220;none&#8220; hide_on_desktop=&#8220;&#8220; hide_on_notebook=&#8220;&#8220; hide_on_tablet=&#8220;&#8220; hide_on_mobile=&#8220;&#8220;][\/vc_column][\/vc_row]<\/p>\n","protected":false},"excerpt":{"rendered":"<p>[vc_row full_width=&#8220;stretch_row&#8220; extra_bg_mask=&#8220;9&#8243; hide_bg_image_on_tablet=&#8220;&#8220; hide_bg_image_on_mobile=&#8220;&#8220; css=&#8220;.vc_custom_1526647405419{background: #ffffff url(https:\/\/jlvtraductions.com\/wp-content\/uploads\/2018\/04\/fome_7.png?id=1728) !important;background-position: top left !important;background-repeat: no-repeat !important;background-size: cover !important;}&#8220;][vc_column][vc_empty_space height=&#8220;1em&#8220; alter_height=&#8220;none&#8220; hide_on_desktop=&#8220;&#8220; hide_on_notebook=&#8220;&#8220; hide_on_tablet=&#8220;&#8220; hide_on_mobile=&#8220;&#8220;][vc_empty_space height=&#8220;2em&#8220; alter_height=&#8220;none&#8220; hide_on_desktop=&#8220;&#8220; hide_on_notebook=&#8220;&#8220; hide_on_tablet=&#8220;&#8220; hide_on_mobile=&#8220;1&#8243;][vc_empty_space height=&#8220;2em&#8220; alter_height=&#8220;none&#8220; hide_on_desktop=&#8220;&#8220; hide_on_notebook=&#8220;&#8220; hide_on_tablet=&#8220;1&#8243; hide_on_mobile=&#8220;1&#8243;][vc_row_inner][vc_column_inner width=&#8220;1\/4&#8243;][vc_empty_space height=&#8220;2em&#8220; alter_height=&#8220;none&#8220; hide_on_desktop=&#8220;&#8220; hide_on_notebook=&#8220;&#8220; hide_on_tablet=&#8220;&#8220; hide_on_mobile=&#8220;&#8220;][\/vc_column_inner][vc_column_inner width=&#8220;3\/4&#8243;][vc_empty_space height=&#8220;2em&#8220; alter_height=&#8220;none&#8220; hide_on_desktop=&#8220;&#8220; hide_on_notebook=&#8220;&#8220; hide_on_tablet=&#8220;&#8220; hide_on_mobile=&#8220;&#8220;][vc_column_text css_animation=&#8220;bounceInRight&#8220;]Unsere Kunden&hellip;<\/p>\n","protected":false},"author":1,"featured_media":0,"parent":0,"menu_order":0,"comment_status":"closed","ping_status":"closed","template":"","meta":{"_monsterinsights_skip_tracking":false,"_monsterinsights_sitenote_active":false,"_monsterinsights_sitenote_note":"","_monsterinsights_sitenote_category":0,"footnotes":""},"class_list":["post-2599","page","type-page","status-publish","hentry"],"_links":{"self":[{"href":"https:\/\/jlvtraductions.com\/de\/wp-json\/wp\/v2\/pages\/2599"}],"collection":[{"href":"https:\/\/jlvtraductions.com\/de\/wp-json\/wp\/v2\/pages"}],"about":[{"href":"https:\/\/jlvtraductions.com\/de\/wp-json\/wp\/v2\/types\/page"}],"author":[{"embeddable":true,"href":"https:\/\/jlvtraductions.com\/de\/wp-json\/wp\/v2\/users\/1"}],"replies":[{"embeddable":true,"href":"https:\/\/jlvtraductions.com\/de\/wp-json\/wp\/v2\/comments?post=2599"}],"version-history":[{"count":5,"href":"https:\/\/jlvtraductions.com\/de\/wp-json\/wp\/v2\/pages\/2599\/revisions"}],"predecessor-version":[{"id":2781,"href":"https:\/\/jlvtraductions.com\/de\/wp-json\/wp\/v2\/pages\/2599\/revisions\/2781"}],"wp:attachment":[{"href":"https:\/\/jlvtraductions.com\/de\/wp-json\/wp\/v2\/media?parent=2599"}],"curies":[{"name":"wp","href":"https:\/\/api.w.org\/{rel}","templated":true}]}}