{"id":5679,"date":"2022-02-22T13:49:38","date_gmt":"2022-02-22T12:49:38","guid":{"rendered":"https:\/\/jlvtraductions.com\/ubersetzung-von-internetseiten\/"},"modified":"2023-02-23T15:43:09","modified_gmt":"2023-02-23T14:43:09","slug":"uebersetzung-von-websites-2","status":"publish","type":"page","link":"https:\/\/jlvtraductions.com\/de\/uebersetzung-von-websites-2\/","title":{"rendered":"\u00dcbersetzung von Websites"},"content":{"rendered":"<p>[vc_row full_width=&#8220;stretch_row&#8220; extra_bg_mask=&#8220;9&#8243; hide_bg_image_on_tablet=&#8220;&#8220; hide_bg_image_on_mobile=&#8220;&#8220; css=&#8220;.vc_custom_1644914689907{background-color: #ffffff !important;background-size: cover !important;}&#8220;][vc_column][vc_empty_space height=&#8220;1em&#8220; alter_height=&#8220;none&#8220; hide_on_desktop=&#8220;&#8220; hide_on_notebook=&#8220;&#8220; hide_on_tablet=&#8220;&#8220; hide_on_mobile=&#8220;&#8220;][vc_empty_space height=&#8220;2em&#8220; alter_height=&#8220;none&#8220; hide_on_desktop=&#8220;&#8220; hide_on_notebook=&#8220;&#8220; hide_on_tablet=&#8220;&#8220; hide_on_mobile=&#8220;1&#8243;][vc_empty_space height=&#8220;2em&#8220; alter_height=&#8220;none&#8220; hide_on_desktop=&#8220;&#8220; hide_on_notebook=&#8220;&#8220; hide_on_tablet=&#8220;1&#8243; hide_on_mobile=&#8220;1&#8243;][vc_column_text]Heutzutage geh\u00f6rt die IT zum Alltag der Unternehmen. Viele T\u00e4tigkeitsbereiche bewegen sich rund um dieses Tool: Kontaktaufnahme, Informationsaustausch und sogar der Abschluss von neuen Vertr\u00e4gen. F\u00fcr jedes Unternehmen, das international expandieren m\u00f6chte, ist es also von entscheidender Bedeutung, allen Interessenten und Kunden Inhalte in ihrer Sprache anzubieten.[\/vc_column_text][vc_empty_space height=&#8220;1em&#8220; alter_height=&#8220;none&#8220; hide_on_desktop=&#8220;&#8220; hide_on_notebook=&#8220;&#8220; hide_on_tablet=&#8220;&#8220; hide_on_mobile=&#8220;&#8220;][vc_empty_space height=&#8220;2em&#8220; alter_height=&#8220;none&#8220; hide_on_desktop=&#8220;&#8220; hide_on_notebook=&#8220;&#8220; hide_on_tablet=&#8220;&#8220; hide_on_mobile=&#8220;1&#8243;][vc_row_inner][vc_column_inner width=&#8220;1\/2&#8243;][vc_single_image image=&#8220;5575&#8243; img_size=&#8220;full&#8220;][\/vc_column_inner][vc_column_inner width=&#8220;1\/2&#8243; css=&#8220;.vc_custom_1644915146093{margin-right: 0px !important;margin-left: 0px !important;padding-right: 0px !important;padding-left: 0px !important;}&#8220;][vc_empty_space height=&#8220;1em&#8220; alter_height=&#8220;none&#8220; hide_on_desktop=&#8220;&#8220; hide_on_notebook=&#8220;&#8220; hide_on_tablet=&#8220;&#8220; hide_on_mobile=&#8220;&#8220;][vc_empty_space height=&#8220;2em&#8220; alter_height=&#8220;none&#8220; hide_on_desktop=&#8220;&#8220; hide_on_notebook=&#8220;&#8220; hide_on_tablet=&#8220;&#8220; hide_on_mobile=&#8220;1&#8243;][vc_empty_space height=&#8220;2em&#8220; alter_height=&#8220;none&#8220; hide_on_desktop=&#8220;&#8220; hide_on_notebook=&#8220;&#8220; hide_on_tablet=&#8220;1&#8243; hide_on_mobile=&#8220;1&#8243;][vc_column_text]<span id=\"p5\">Seine Website in mehreren Sprachen zug\u00e4nglich zu machen ist kein Privileg gro\u00dfer Unternehmen. Diese Option ist vielmehr f\u00fcr jede Unternehmensgr\u00f6\u00dfe umsetzbar. Mehr als eine einfache \u00dcbersetzung: es ist ein Vertrauensbeweis, Gespr\u00e4chspartnern zu erm\u00f6glichen, Ihre Inhalte abzurufen.<\/span>[\/vc_column_text][vc_empty_space height=&#8220;1em&#8220; alter_height=&#8220;none&#8220; hide_on_desktop=&#8220;&#8220; hide_on_notebook=&#8220;&#8220; hide_on_tablet=&#8220;&#8220; hide_on_mobile=&#8220;&#8220;][vc_empty_space height=&#8220;2em&#8220; alter_height=&#8220;none&#8220; hide_on_desktop=&#8220;&#8220; hide_on_notebook=&#8220;&#8220; hide_on_tablet=&#8220;&#8220; hide_on_mobile=&#8220;1&#8243;][vc_empty_space height=&#8220;2em&#8220; alter_height=&#8220;none&#8220; hide_on_desktop=&#8220;&#8220; hide_on_notebook=&#8220;&#8220; hide_on_tablet=&#8220;1&#8243; hide_on_mobile=&#8220;1&#8243;][\/vc_column_inner][\/vc_row_inner][\/vc_column][\/vc_row][vc_row full_width=&#8220;stretch_row&#8220; extra_bg_mask=&#8220;8&#8243; hide_bg_image_on_tablet=&#8220;&#8220; hide_bg_image_on_mobile=&#8220;&#8220; css=&#8220;.vc_custom_1644913585765{background: #051d87 url(https:\/\/jlvtraductions.com\/wp-content\/uploads\/2022\/02\/1920&#215;1024-bg-traductionsite.jpg?id=5535) !important;background-position: center !important;background-repeat: no-repeat !important;background-size: cover !important;}&#8220;][vc_column width=&#8220;1\/2&#8243;][vc_empty_space height=&#8220;1em&#8220; alter_height=&#8220;none&#8220; hide_on_desktop=&#8220;&#8220; hide_on_notebook=&#8220;&#8220; hide_on_tablet=&#8220;&#8220; hide_on_mobile=&#8220;&#8220;][vc_empty_space height=&#8220;2em&#8220; alter_height=&#8220;none&#8220; hide_on_desktop=&#8220;&#8220; hide_on_notebook=&#8220;&#8220; hide_on_tablet=&#8220;&#8220; hide_on_mobile=&#8220;1&#8243;][vc_empty_space height=&#8220;2em&#8220; alter_height=&#8220;none&#8220; hide_on_desktop=&#8220;&#8220; hide_on_notebook=&#8220;&#8220; hide_on_tablet=&#8220;&#8220; hide_on_mobile=&#8220;1&#8243;][vc_custom_heading text=&#8220;Vertrauen Sie uns&#8220; font_container=&#8220;tag:h2|text_align:left|color:%2394c01f&#8220; use_theme_fonts=&#8220;yes&#8220; el_id=&#8220;Titledoublecolor&#8220; css=&#8220;.vc_custom_1677163173341{margin-top: 0px !important;margin-bottom: 0px !important;padding-top: 0px !important;padding-bottom: 0px !important;}&#8220;][vc_custom_heading text=&#8220;die \u00dcbersetzung Ihrer<br \/>\nUnternehmens-Website an&#8220; font_container=&#8220;tag:h2|text_align:left|color:%23ffffff&#8220; use_theme_fonts=&#8220;yes&#8220; css=&#8220;.vc_custom_1677163191942{margin-top: 0px !important;margin-bottom: 0px !important;padding-top: 0px !important;padding-bottom: 0px !important;}&#8220;][vc_empty_space height=&#8220;1em&#8220; alter_height=&#8220;none&#8220; hide_on_desktop=&#8220;&#8220; hide_on_notebook=&#8220;&#8220; hide_on_tablet=&#8220;&#8220; hide_on_mobile=&#8220;&#8220;][vc_empty_space height=&#8220;2em&#8220; alter_height=&#8220;none&#8220; hide_on_desktop=&#8220;&#8220; hide_on_notebook=&#8220;&#8220; hide_on_tablet=&#8220;&#8220; hide_on_mobile=&#8220;1&#8243;][vc_empty_space height=&#8220;2em&#8220; alter_height=&#8220;none&#8220; hide_on_desktop=&#8220;&#8220; hide_on_notebook=&#8220;&#8220; hide_on_tablet=&#8220;1&#8243; hide_on_mobile=&#8220;1&#8243;][\/vc_column][vc_column width=&#8220;1\/2&#8243;][vc_empty_space height=&#8220;1em&#8220; alter_height=&#8220;none&#8220; hide_on_desktop=&#8220;&#8220; hide_on_notebook=&#8220;&#8220; hide_on_tablet=&#8220;&#8220; hide_on_mobile=&#8220;&#8220;][vc_empty_space height=&#8220;2em&#8220; alter_height=&#8220;none&#8220; hide_on_desktop=&#8220;&#8220; hide_on_notebook=&#8220;&#8220; hide_on_tablet=&#8220;&#8220; hide_on_mobile=&#8220;1&#8243;][vc_empty_space height=&#8220;2em&#8220; alter_height=&#8220;none&#8220; hide_on_desktop=&#8220;&#8220; hide_on_notebook=&#8220;&#8220; hide_on_tablet=&#8220;1&#8243; hide_on_mobile=&#8220;1&#8243;][vc_column_text scheme=&#8220;dark&#8220;]<span style=\"color: #ffffff;\"><span id=\"p9\">Und veranschaulichen Sie Ihr Ziel einer erfolgreichen Expansion ins Ausland. Die Teams von JLV stehen Ihnen zur Seite, um die \u00dcbersetzung und Lokalisierung der Inhalte Ihrer Website in alle Sprachen zu \u00fcbernehmen. Dies erm\u00f6glicht Ihren Besuchern, genaue Informationen dar\u00fcber zu erhalten, was Sie tun, wie und weshalb Sie es tun. Indem Sie unsere Dienste in Anspruch nehmen, k\u00f6nnen Sie Ihre Verfahrensweisen in den Vordergrund stellen und sie mit denen Ihrer Kontakte in Einklang bringen.<\/span><\/span><\/p>\n<p><span style=\"color: #ffffff;\"><span id=\"p9\">Wenn Sie unsere Dienste in Anspruch nehmen, k\u00f6nnen Sie auf einen umfassenden Lokalisierungs-Service bauen, um Sprachgrenzen zu \u00fcberwinden.<\/span><\/span>[\/vc_column_text][vc_empty_space height=&#8220;2em&#8220; alter_height=&#8220;none&#8220; hide_on_desktop=&#8220;&#8220; hide_on_notebook=&#8220;&#8220; hide_on_tablet=&#8220;&#8220; hide_on_mobile=&#8220;1&#8243;][vc_empty_space height=&#8220;1em&#8220; alter_height=&#8220;none&#8220; hide_on_desktop=&#8220;&#8220; hide_on_notebook=&#8220;&#8220; hide_on_tablet=&#8220;&#8220; hide_on_mobile=&#8220;&#8220;][vc_empty_space height=&#8220;2em&#8220; alter_height=&#8220;none&#8220; hide_on_desktop=&#8220;&#8220; hide_on_notebook=&#8220;&#8220; hide_on_tablet=&#8220;1&#8243; hide_on_mobile=&#8220;1&#8243;][\/vc_column][\/vc_row][vc_row][vc_column][vc_empty_space height=&#8220;1em&#8220; alter_height=&#8220;none&#8220; hide_on_desktop=&#8220;&#8220; hide_on_notebook=&#8220;&#8220; hide_on_tablet=&#8220;&#8220; hide_on_mobile=&#8220;&#8220;][vc_empty_space height=&#8220;2em&#8220; alter_height=&#8220;none&#8220; hide_on_desktop=&#8220;&#8220; hide_on_notebook=&#8220;&#8220; hide_on_tablet=&#8220;1&#8243; hide_on_mobile=&#8220;1&#8243;][vc_empty_space height=&#8220;2em&#8220; alter_height=&#8220;none&#8220; hide_on_desktop=&#8220;&#8220; hide_on_notebook=&#8220;&#8220; hide_on_tablet=&#8220;1&#8243; hide_on_mobile=&#8220;1&#8243;]<div id=\"sc_title_881831965\"\n\t\tclass=\"sc_title color_style_default sc_title_default\"><h3 class=\"sc_item_title sc_title_title sc_align_center sc_item_title_style_default\"><b>Erobern Sie<\/b> neue M\u00e4rkte<\/h3><\/div><!-- \/.sc_title -->[vc_empty_space height=&#8220;1em&#8220; alter_height=&#8220;none&#8220; hide_on_desktop=&#8220;&#8220; hide_on_notebook=&#8220;&#8220; hide_on_tablet=&#8220;&#8220; hide_on_mobile=&#8220;&#8220;][vc_column_text]<span id=\"p17\">Damit Sie sicher gut ankommen und vollst\u00e4ndig die Gepflogenheiten fremder M\u00e4rkte integrieren k\u00f6nnen, baut JLVTRADUCTIONS auf sein Netzwerk an \u00dcbersetzern. Eine Gemeinschaft vielf\u00e4ltiger Expertisen und Kenntnisse, auf die wir zur\u00fcckgreifen k\u00f6nnen, um Ihnen eine gr\u00fcndliche Arbeit im vollst\u00e4ndigen Einklang mit den Erwartungen der Branche garantieren zu k\u00f6nnen. In Verbindung mit nat\u00fcrlicher Referenzierung erm\u00f6glicht diese Arbeit es Ihnen, schnell auf einem Markt zu expandieren und auf einfache Weise an Sichtbarkeit zu gewinnen.<\/span>[\/vc_column_text][vc_empty_space height=&#8220;1em&#8220; alter_height=&#8220;none&#8220; hide_on_desktop=&#8220;&#8220; hide_on_notebook=&#8220;&#8220; hide_on_tablet=&#8220;&#8220; hide_on_mobile=&#8220;&#8220;][vc_empty_space height=&#8220;2em&#8220; alter_height=&#8220;none&#8220; hide_on_desktop=&#8220;&#8220; hide_on_notebook=&#8220;&#8220; hide_on_tablet=&#8220;&#8220; hide_on_mobile=&#8220;1&#8243;][vc_empty_space height=&#8220;2em&#8220; alter_height=&#8220;none&#8220; hide_on_desktop=&#8220;&#8220; hide_on_notebook=&#8220;&#8220; hide_on_tablet=&#8220;&#8220; hide_on_mobile=&#8220;1&#8243;][\/vc_column][\/vc_row][vc_row][vc_column]<div class=\"cq-ribbon-container internetQuote\" style=\"max-width:;\" data-ribbonwidth=\"\" data-ribbontop=\"16px\" data-ribbonleft=\"10px\"  data-ribboncolor=\"\" data-containerbg=\"\" data-textcolor=\"\" data-textmargintop=\"\"><div style=\"background:rgba(240,66,86,0.01);color:;\nbackground:rgba(240,66,86,0.01);color:;top:10px;bottom:auto\" class=\"cq-ribbon4\"><div class=\"arrow\" style=\"border-color:transparent rgba(240,66,86,0.01)\"><\/div><\/div><div class=\"cq-ribbon-content\"><p class=\"cq-ribbon-text\"><\/p>\n<blockquote>\n<p style=\"text-align: center;\"><span style=\"color: #99cc00;\">Vers\u00e4umen Sie nicht solche Gelegenheiten und stellen Sie die richtigen Weichen f\u00fcr Ihren Erfolg.<br \/>\nmit einer Website in den Farben Ihrer Strategie: internationale Ausrichtung.<\/span><\/p>\n<\/blockquote>\n<p><\/p><\/div><\/div>[vc_empty_space height=&#8220;1em&#8220; alter_height=&#8220;none&#8220; hide_on_desktop=&#8220;&#8220; hide_on_notebook=&#8220;&#8220; hide_on_tablet=&#8220;&#8220; hide_on_mobile=&#8220;&#8220;][vc_empty_space height=&#8220;2em&#8220; alter_height=&#8220;none&#8220; hide_on_desktop=&#8220;&#8220; hide_on_notebook=&#8220;&#8220; hide_on_tablet=&#8220;1&#8243; hide_on_mobile=&#8220;1&#8243;][vc_empty_space height=&#8220;2em&#8220; alter_height=&#8220;none&#8220; hide_on_desktop=&#8220;&#8220; hide_on_notebook=&#8220;&#8220; hide_on_tablet=&#8220;1&#8243; hide_on_mobile=&#8220;1&#8243;][\/vc_column][\/vc_row]<\/p>\n","protected":false},"excerpt":{"rendered":"<p>[vc_row full_width=&#8220;stretch_row&#8220; extra_bg_mask=&#8220;9&#8243; hide_bg_image_on_tablet=&#8220;&#8220; hide_bg_image_on_mobile=&#8220;&#8220; css=&#8220;.vc_custom_1644914689907{background-color: #ffffff !important;background-size: cover !important;}&#8220;][vc_column][vc_empty_space height=&#8220;1em&#8220; alter_height=&#8220;none&#8220; hide_on_desktop=&#8220;&#8220; hide_on_notebook=&#8220;&#8220; hide_on_tablet=&#8220;&#8220; hide_on_mobile=&#8220;&#8220;][vc_empty_space height=&#8220;2em&#8220; alter_height=&#8220;none&#8220; hide_on_desktop=&#8220;&#8220; hide_on_notebook=&#8220;&#8220; hide_on_tablet=&#8220;&#8220; hide_on_mobile=&#8220;1&#8243;][vc_empty_space height=&#8220;2em&#8220; alter_height=&#8220;none&#8220; hide_on_desktop=&#8220;&#8220; hide_on_notebook=&#8220;&#8220; hide_on_tablet=&#8220;1&#8243; hide_on_mobile=&#8220;1&#8243;][vc_column_text]Heutzutage geh\u00f6rt die IT zum Alltag der Unternehmen. Viele T\u00e4tigkeitsbereiche bewegen sich rund um dieses Tool: Kontaktaufnahme, Informationsaustausch und sogar der Abschluss von&hellip;<\/p>\n","protected":false},"author":1,"featured_media":0,"parent":0,"menu_order":0,"comment_status":"closed","ping_status":"closed","template":"","meta":{"_monsterinsights_skip_tracking":false,"_monsterinsights_sitenote_active":false,"_monsterinsights_sitenote_note":"","_monsterinsights_sitenote_category":0,"footnotes":""},"class_list":["post-5679","page","type-page","status-publish","hentry"],"_links":{"self":[{"href":"https:\/\/jlvtraductions.com\/de\/wp-json\/wp\/v2\/pages\/5679"}],"collection":[{"href":"https:\/\/jlvtraductions.com\/de\/wp-json\/wp\/v2\/pages"}],"about":[{"href":"https:\/\/jlvtraductions.com\/de\/wp-json\/wp\/v2\/types\/page"}],"author":[{"embeddable":true,"href":"https:\/\/jlvtraductions.com\/de\/wp-json\/wp\/v2\/users\/1"}],"replies":[{"embeddable":true,"href":"https:\/\/jlvtraductions.com\/de\/wp-json\/wp\/v2\/comments?post=5679"}],"version-history":[{"count":12,"href":"https:\/\/jlvtraductions.com\/de\/wp-json\/wp\/v2\/pages\/5679\/revisions"}],"predecessor-version":[{"id":7015,"href":"https:\/\/jlvtraductions.com\/de\/wp-json\/wp\/v2\/pages\/5679\/revisions\/7015"}],"wp:attachment":[{"href":"https:\/\/jlvtraductions.com\/de\/wp-json\/wp\/v2\/media?parent=5679"}],"curies":[{"name":"wp","href":"https:\/\/api.w.org\/{rel}","templated":true}]}}