{"id":6877,"date":"2023-02-23T08:55:44","date_gmt":"2023-02-23T07:55:44","guid":{"rendered":"https:\/\/jlvtraductions.com\/equipe\/"},"modified":"2023-11-07T14:27:38","modified_gmt":"2023-11-07T13:27:38","slug":"unser-team","status":"publish","type":"page","link":"https:\/\/jlvtraductions.com\/de\/unser-team\/","title":{"rendered":"Team"},"content":{"rendered":"<p>[vc_row hide_bg_image_on_tablet=&#8220;&#8220; hide_bg_image_on_mobile=&#8220;&#8220; css=&#8220;.vc_custom_1508317949755{background-size: cover !important;}&#8220;][vc_column][vc_empty_space height=&#8220;1em&#8220; alter_height=&#8220;none&#8220; hide_on_desktop=&#8220;&#8220; hide_on_notebook=&#8220;&#8220; hide_on_tablet=&#8220;&#8220; hide_on_mobile=&#8220;&#8220;][vc_empty_space height=&#8220;2em&#8220; alter_height=&#8220;none&#8220; hide_on_desktop=&#8220;&#8220; hide_on_notebook=&#8220;&#8220; hide_on_tablet=&#8220;&#8220; hide_on_mobile=&#8220;1&#8243;][vc_empty_space height=&#8220;2em&#8220; alter_height=&#8220;none&#8220; hide_on_desktop=&#8220;&#8220; hide_on_notebook=&#8220;&#8220; hide_on_tablet=&#8220;1&#8243; hide_on_mobile=&#8220;1&#8243;][\/vc_column][\/vc_row][vc_row][vc_column]<div id=\"sc_title_188648240\"\n\t\tclass=\"sc_title color_style_default sc_title_default\"><h3 class=\"sc_item_title sc_title_title sc_align_left sc_item_title_style_default\"><b>Unsere<\/b> \u00dcbersetzer<\/h3><\/div><!-- \/.sc_title -->[\/vc_column][\/vc_row][vc_row hide_bg_image_on_tablet=&#8220;&#8220; hide_bg_image_on_mobile=&#8220;&#8220; css=&#8220;.vc_custom_1508317949755{background-size: cover !important;}&#8220;][vc_column][vc_empty_space height=&#8220;1em&#8220; alter_height=&#8220;none&#8220; hide_on_desktop=&#8220;&#8220; hide_on_notebook=&#8220;&#8220; hide_on_tablet=&#8220;&#8220; hide_on_mobile=&#8220;&#8220;][vc_empty_space height=&#8220;2em&#8220; alter_height=&#8220;none&#8220; hide_on_desktop=&#8220;&#8220; hide_on_notebook=&#8220;&#8220; hide_on_tablet=&#8220;&#8220; hide_on_mobile=&#8220;1&#8243;][vc_empty_space height=&#8220;2em&#8220; alter_height=&#8220;none&#8220; hide_on_desktop=&#8220;&#8220; hide_on_notebook=&#8220;&#8220; hide_on_tablet=&#8220;1&#8243; hide_on_mobile=&#8220;1&#8243;][\/vc_column][\/vc_row][vc_row full_width=&#8220;stretch_row&#8220; extra_bg_mask=&#8220;8&#8243; hide_bg_image_on_tablet=&#8220;&#8220; hide_bg_image_on_mobile=&#8220;&#8220; css=&#8220;.vc_custom_1526646587786{background: #ffffff url(https:\/\/jlvtraductions.com\/wp-content\/uploads\/2018\/04\/fome_7.png?id=1728) !important;background-position: top left !important;background-repeat: no-repeat !important;background-size: cover !important;}&#8220;][vc_column width=&#8220;1\/2&#8243; hide_bg_image_on_tablet=&#8220;&#8220; hide_bg_image_on_mobile=&#8220;&#8220; css=&#8220;.vc_custom_1508851629306{background-size: contain !important;}&#8220;][vc_single_image image=&#8220;2109&#8243; img_size=&#8220;500&#215;600&#8243; alignment=&#8220;right&#8220; style=&#8220;vc_box_shadow_3d&#8220; css_animation=&#8220;bounceInLeft&#8220;][\/vc_column][vc_column width=&#8220;1\/2&#8243; offset=&#8220;vc_col-lg-5 vc_col-md-6 vc_col-xs-12&#8243;]<div id=\"sc_title_316475523\"\n\t\tclass=\"sc_title color_style_default sc_title_default\"><h2 class=\"sc_item_title sc_title_title sc_align_left sc_item_title_style_default sc_item_title_tag\">JLV-Qualit\u00e4t<\/h2><\/div><!-- \/.sc_title -->[vc_empty_space height=&#8220;2.3em&#8220; alter_height=&#8220;none&#8220; hide_on_desktop=&#8220;&#8220; hide_on_notebook=&#8220;&#8220; hide_on_tablet=&#8220;&#8220; hide_on_mobile=&#8220;&#8220;][vc_column_text css_animation=&#8220;bounceInRight&#8220;]Die Professionalit\u00e4t unserer \u00dcbersetzer beruht auch auf ihren sprachlichen F\u00e4higkeiten.<\/p>\n<p><img loading=\"lazy\" decoding=\"async\" class=\" wp-image-2116\" src=\"https:\/\/jlvtraductions.com\/wp-content\/uploads\/2018\/04\/traducteur-jlv.jpg\" alt=\"\" width=\"401\" height=\"283\" \/><\/p>\n<p><strong>JLVTRADUCTIONS<\/strong> steht im st\u00e4ndigen Kontakt mit seinem internationalen Netzwerk von \u00dcbersetzern, um alle Anforderungen seiner Kunden im Hinblick auf mehrsprachige \u00dcbersetzung erf\u00fcllen zu k\u00f6nnen.[\/vc_column_text][vc_empty_space height=&#8220;2.8em&#8220; alter_height=&#8220;none&#8220; hide_on_desktop=&#8220;&#8220; hide_on_notebook=&#8220;&#8220; hide_on_tablet=&#8220;&#8220; hide_on_mobile=&#8220;&#8220;][\/vc_column][\/vc_row][vc_row full_width=&#8220;stretch_row&#8220; scheme=&#8220;dark&#8220; extra_bg_mask=&#8220;5&#8243; hide_bg_image_on_tablet=&#8220;&#8220; hide_bg_image_on_mobile=&#8220;&#8220; css=&#8220;.vc_custom_1526646614457{background: #000000 url(https:\/\/jlvtraductions.com\/wp-content\/uploads\/2018\/04\/equipe-jlv-1.jpg?id=2122) !important;background-position: top left !important;background-repeat: no-repeat !important;background-size: cover !important;}&#8220;][vc_column width=&#8220;5\/6&#8243; hide_bg_image_on_tablet=&#8220;&#8220; hide_bg_image_on_mobile=&#8220;&#8220; offset=&#8220;vc_col-lg-7 vc_col-md-7 vc_col-xs-12&#8243;][vc_empty_space height=&#8220;1em&#8220; alter_height=&#8220;none&#8220; hide_on_desktop=&#8220;&#8220; hide_on_notebook=&#8220;&#8220; hide_on_tablet=&#8220;&#8220; hide_on_mobile=&#8220;&#8220;][vc_empty_space height=&#8220;2em&#8220; alter_height=&#8220;none&#8220; hide_on_desktop=&#8220;&#8220; hide_on_notebook=&#8220;&#8220; hide_on_tablet=&#8220;&#8220; hide_on_mobile=&#8220;1&#8243;][vc_empty_space height=&#8220;4.6em&#8220; alter_height=&#8220;none&#8220; hide_on_desktop=&#8220;&#8220; hide_on_notebook=&#8220;&#8220; hide_on_tablet=&#8220;1&#8243; hide_on_mobile=&#8220;1&#8243;][vc_custom_heading text=&#8220;JLVTRADUCTIONS Professionelle \u00dcbersetzer im Dienste Ihrer \u00dcbersetzungen&#8220; font_container=&#8220;tag:h2|text_align:left|color:%2394c01f&#8220; use_theme_fonts=&#8220;yes&#8220;][vc_empty_space height=&#8220;1.2em&#8220; alter_height=&#8220;none&#8220; hide_on_desktop=&#8220;&#8220; hide_on_notebook=&#8220;&#8220; hide_on_tablet=&#8220;&#8220; hide_on_mobile=&#8220;&#8220;][vc_empty_space height=&#8220;1.4em&#8220; alter_height=&#8220;none&#8220; hide_on_desktop=&#8220;&#8220; hide_on_notebook=&#8220;&#8220; hide_on_tablet=&#8220;1&#8243; hide_on_mobile=&#8220;1&#8243;]<div id=\"sc_title_1766396876\"\n\t\tclass=\"sc_title color_style_default sc_title_default\"><h4 class=\"sc_item_title sc_title_title sc_align_left sc_item_title_style_default sc_item_title_tag\">F\u00fcr professionelle und qualitativ hochwertige Ergebnisse.<\/h4><\/div><!-- \/.sc_title -->[vc_empty_space height=&#8220;3.5em&#8220; alter_height=&#8220;none&#8220; hide_on_desktop=&#8220;&#8220; hide_on_notebook=&#8220;&#8220; hide_on_tablet=&#8220;&#8220; hide_on_mobile=&#8220;&#8220;]<a href=\"https:\/\/jlvtraductions.com\/de\/kontakt\/\" id=\"sc_button_1828807472\" class=\"sc_button color_style_default sc_button_default sc_button_size_normal sc_button_icon_left\"><span class=\"sc_button_text\"><span class=\"sc_button_title\">Kostenvoranschlag anfordern<\/span><\/span><!-- \/.sc_button_text --><\/a><!-- \/.sc_button -->[vc_empty_space height=&#8220;1em&#8220; alter_height=&#8220;none&#8220; hide_on_desktop=&#8220;&#8220; hide_on_notebook=&#8220;&#8220; hide_on_tablet=&#8220;&#8220; hide_on_mobile=&#8220;&#8220;][vc_empty_space height=&#8220;2em&#8220; alter_height=&#8220;none&#8220; hide_on_desktop=&#8220;&#8220; hide_on_notebook=&#8220;&#8220; hide_on_tablet=&#8220;&#8220; hide_on_mobile=&#8220;1&#8243;][vc_empty_space height=&#8220;6.5em&#8220; alter_height=&#8220;none&#8220; hide_on_desktop=&#8220;&#8220; hide_on_notebook=&#8220;&#8220; hide_on_tablet=&#8220;1&#8243; hide_on_mobile=&#8220;1&#8243;][\/vc_column][vc_column width=&#8220;1\/6&#8243; offset=&#8220;vc_col-lg-5 vc_col-md-5 vc_col-xs-12 vc_hidden-xs&#8220;][\/vc_column][\/vc_row][vc_row extra_bg_mask=&#8220;5&#8243; hide_bg_image_on_tablet=&#8220;&#8220; hide_bg_image_on_mobile=&#8220;&#8220; css=&#8220;.vc_custom_1524612212442{background-color: #ffffff !important;}&#8220;][vc_column][vc_empty_space height=&#8220;1em&#8220; alter_height=&#8220;none&#8220; hide_on_desktop=&#8220;&#8220; hide_on_notebook=&#8220;&#8220; hide_on_tablet=&#8220;&#8220; hide_on_mobile=&#8220;&#8220;][vc_empty_space height=&#8220;2em&#8220; alter_height=&#8220;none&#8220; hide_on_desktop=&#8220;&#8220; hide_on_notebook=&#8220;&#8220; hide_on_tablet=&#8220;&#8220; hide_on_mobile=&#8220;1&#8243;][vc_empty_space height=&#8220;2em&#8220; alter_height=&#8220;none&#8220; hide_on_desktop=&#8220;&#8220; hide_on_notebook=&#8220;&#8220; hide_on_tablet=&#8220;1&#8243; hide_on_mobile=&#8220;1&#8243;]<div id=\"sc_title_1994715799\"\n\t\tclass=\"sc_title color_style_default sc_title_default\"><h3 class=\"sc_item_title sc_title_title sc_align_left sc_item_title_style_default\"><b>Ihre<\/b> Projekte<\/h3><\/div><!-- \/.sc_title -->[\/vc_column][\/vc_row][vc_row extra_bg_mask=&#8220;7&#8243; hide_bg_image_on_tablet=&#8220;&#8220; hide_bg_image_on_mobile=&#8220;&#8220; css=&#8220;.vc_custom_1525123846064{background-color: #ffffff !important;}&#8220;][vc_column fix_column=&#8220;&#8220; extra_bg=&#8220;small&#8220; extra_bg_mask=&#8220;7&#8243; hide_bg_image_on_tablet=&#8220;&#8220; hide_bg_image_on_mobile=&#8220;&#8220; css=&#8220;.vc_custom_1525124062376{background-size: contain !important;}&#8220;][vc_empty_space height=&#8220;1em&#8220; alter_height=&#8220;none&#8220; hide_on_desktop=&#8220;&#8220; hide_on_notebook=&#8220;&#8220; hide_on_tablet=&#8220;&#8220; hide_on_mobile=&#8220;&#8220;][vc_empty_space height=&#8220;1em&#8220; alter_height=&#8220;none&#8220; hide_on_desktop=&#8220;&#8220; hide_on_notebook=&#8220;&#8220; hide_on_tablet=&#8220;&#8220; hide_on_mobile=&#8220;1&#8243;][vc_empty_space height=&#8220;1em&#8220; alter_height=&#8220;none&#8220; hide_on_desktop=&#8220;&#8220; hide_on_notebook=&#8220;&#8220; hide_on_tablet=&#8220;1&#8243; hide_on_mobile=&#8220;1&#8243;][vc_column_text css_animation=&#8220;fadeInLeft&#8220; extra_bg=&#8220;tiny&#8220;]Jedes Projekt wird einem \u00dcbersetzer anvertraut, der gleichzeitig:<\/p>\n<ul>\n<li>eine perfekte Kenntnis der Sprache des zu \u00fcbersetzenden Dokuments (Ausgangssprache)<\/li>\n<li>und eine hervorragende Beherrschung seiner Muttersprache (Zielsprache) mitbringt,<img loading=\"lazy\" decoding=\"async\" class=\"wp-image-2135 alignnone\" src=\"https:\/\/jlvtraductions.com\/wp-content\/uploads\/2018\/04\/fleches-JLV.png\" alt=\"\" width=\"217\" height=\"91\" srcset=\"https:\/\/jlvtraductions.com\/wp-content\/uploads\/2018\/04\/fleches-JLV.png 1920w, https:\/\/jlvtraductions.com\/wp-content\/uploads\/2018\/04\/fleches-JLV-300x126.png 300w, https:\/\/jlvtraductions.com\/wp-content\/uploads\/2018\/04\/fleches-JLV-768x322.png 768w, https:\/\/jlvtraductions.com\/wp-content\/uploads\/2018\/04\/fleches-JLV-1024x429.png 1024w, https:\/\/jlvtraductions.com\/wp-content\/uploads\/2018\/04\/fleches-JLV-370x155.png 370w, https:\/\/jlvtraductions.com\/wp-content\/uploads\/2018\/04\/fleches-JLV-760x318.png 760w\" sizes=\"(max-width: 217px) 100vw, 217px\" \/><\/li>\n<\/ul>\n<p>um eine \u00dcbersetzungsarbeit zu liefern, die getreu den Ausgangstext wiedergibt..[\/vc_column_text][vc_row_inner hide_bg_image_on_tablet=&#8220;&#8220; hide_bg_image_on_mobile=&#8220;&#8220; css=&#8220;.vc_custom_1525121706376{background-color: #ffffff !important;}&#8220;][vc_column_inner width=&#8220;1\/3&#8243;][vc_empty_space height=&#8220;1em&#8220; alter_height=&#8220;none&#8220; hide_on_desktop=&#8220;&#8220; hide_on_notebook=&#8220;&#8220; hide_on_tablet=&#8220;&#8220; hide_on_mobile=&#8220;&#8220;][vc_empty_space height=&#8220;2em&#8220; alter_height=&#8220;none&#8220; hide_on_desktop=&#8220;&#8220; hide_on_notebook=&#8220;&#8220; hide_on_tablet=&#8220;&#8220; hide_on_mobile=&#8220;1&#8243;][vc_empty_space height=&#8220;2em&#8220; alter_height=&#8220;none&#8220; hide_on_desktop=&#8220;&#8220; hide_on_notebook=&#8220;&#8220; hide_on_tablet=&#8220;1&#8243; hide_on_mobile=&#8220;1&#8243;][vc_single_image image=&#8220;2141&#8243; img_size=&#8220;full&#8220; alignment=&#8220;center&#8220; css_animation=&#8220;fadeIn&#8220;][vc_empty_space height=&#8220;1em&#8220; alter_height=&#8220;none&#8220; hide_on_desktop=&#8220;&#8220; hide_on_notebook=&#8220;&#8220; hide_on_tablet=&#8220;&#8220; hide_on_mobile=&#8220;&#8220;][vc_empty_space height=&#8220;1em&#8220; alter_height=&#8220;none&#8220; hide_on_desktop=&#8220;&#8220; hide_on_notebook=&#8220;&#8220; hide_on_tablet=&#8220;&#8220; hide_on_mobile=&#8220;1&#8243;][vc_empty_space height=&#8220;2em&#8220; alter_height=&#8220;none&#8220; hide_on_desktop=&#8220;&#8220; hide_on_notebook=&#8220;&#8220; hide_on_tablet=&#8220;&#8220; hide_on_mobile=&#8220;1&#8243;][vc_empty_space height=&#8220;2em&#8220; alter_height=&#8220;none&#8220; hide_on_desktop=&#8220;&#8220; hide_on_notebook=&#8220;&#8220; hide_on_tablet=&#8220;1&#8243; hide_on_mobile=&#8220;1&#8243;][\/vc_column_inner][vc_column_inner width=&#8220;1\/3&#8243;][vc_empty_space height=&#8220;1em&#8220; alter_height=&#8220;none&#8220; hide_on_desktop=&#8220;&#8220; hide_on_notebook=&#8220;&#8220; hide_on_tablet=&#8220;&#8220; hide_on_mobile=&#8220;&#8220;][vc_empty_space height=&#8220;2em&#8220; alter_height=&#8220;none&#8220; hide_on_desktop=&#8220;&#8220; hide_on_notebook=&#8220;&#8220; hide_on_tablet=&#8220;&#8220; hide_on_mobile=&#8220;1&#8243;][vc_empty_space height=&#8220;2em&#8220; alter_height=&#8220;none&#8220; hide_on_desktop=&#8220;&#8220; hide_on_notebook=&#8220;&#8220; hide_on_tablet=&#8220;1&#8243; hide_on_mobile=&#8220;1&#8243;][vc_custom_heading text=&#8220;Qualit\u00e4t&#8220; font_container=&#8220;tag:h6|text_align:center|color:%2394c01f&#8220; use_theme_fonts=&#8220;yes&#8220;]<div id=\"sc_icons_413661647\" \n\tclass=\"sc_icons sc_icons_default sc_icons_size_medium sc_align_center\"><div class=\"sc_icons_item\"><div id=\"sc_icons_413661647_icon-thumbs-up\" class=\"sc_icons_icon sc_icon_type_ icon-thumbs-up\"\n\t\t\t\t\t\t style=\"color: #94c01f\"\t\t\t\t\t\t><span class=\"sc_icon_type_ icon-thumbs-up\" style=\"color: #94c01f\"><\/span><\/div><\/div><\/div><!-- \/.sc_icons -->[vc_empty_space height=&#8220;1em&#8220; alter_height=&#8220;none&#8220; hide_on_desktop=&#8220;&#8220; hide_on_notebook=&#8220;&#8220; hide_on_tablet=&#8220;&#8220; hide_on_mobile=&#8220;&#8220;][vc_empty_space height=&#8220;1em&#8220; alter_height=&#8220;none&#8220; hide_on_desktop=&#8220;&#8220; hide_on_notebook=&#8220;&#8220; hide_on_tablet=&#8220;&#8220; hide_on_mobile=&#8220;1&#8243;][vc_empty_space height=&#8220;2em&#8220; alter_height=&#8220;none&#8220; hide_on_desktop=&#8220;&#8220; hide_on_notebook=&#8220;&#8220; hide_on_tablet=&#8220;&#8220; hide_on_mobile=&#8220;1&#8243;][vc_empty_space height=&#8220;2em&#8220; alter_height=&#8220;none&#8220; hide_on_desktop=&#8220;&#8220; hide_on_notebook=&#8220;&#8220; hide_on_tablet=&#8220;1&#8243; hide_on_mobile=&#8220;1&#8243;][\/vc_column_inner][vc_column_inner width=&#8220;1\/3&#8243;][vc_empty_space height=&#8220;1em&#8220; alter_height=&#8220;none&#8220; hide_on_desktop=&#8220;&#8220; hide_on_notebook=&#8220;&#8220; hide_on_tablet=&#8220;&#8220; hide_on_mobile=&#8220;&#8220;][vc_empty_space height=&#8220;2em&#8220; alter_height=&#8220;none&#8220; hide_on_desktop=&#8220;&#8220; hide_on_notebook=&#8220;&#8220; hide_on_tablet=&#8220;&#8220; hide_on_mobile=&#8220;1&#8243;][vc_empty_space height=&#8220;2em&#8220; alter_height=&#8220;none&#8220; hide_on_desktop=&#8220;&#8220; hide_on_notebook=&#8220;&#8220; hide_on_tablet=&#8220;1&#8243; hide_on_mobile=&#8220;1&#8243;][vc_custom_heading text=&#8220;Genauigkeit&#8220; font_container=&#8220;tag:h6|text_align:center|color:%2394c01f&#8220; use_theme_fonts=&#8220;yes&#8220;]<div id=\"sc_icons_638420859\" \n\tclass=\"sc_icons sc_icons_default sc_icons_size_medium sc_align_center\"><div class=\"sc_icons_item\"><div id=\"sc_icons_638420859_icon-checkbox\" class=\"sc_icons_icon sc_icon_type_ icon-checkbox\"\n\t\t\t\t\t\t style=\"color: #94c01f\"\t\t\t\t\t\t><span class=\"sc_icon_type_ icon-checkbox\" style=\"color: #94c01f\"><\/span><\/div><\/div><\/div><!-- \/.sc_icons -->[vc_empty_space height=&#8220;1em&#8220; alter_height=&#8220;none&#8220; hide_on_desktop=&#8220;&#8220; hide_on_notebook=&#8220;&#8220; hide_on_tablet=&#8220;&#8220; hide_on_mobile=&#8220;&#8220;][vc_empty_space height=&#8220;1em&#8220; alter_height=&#8220;none&#8220; hide_on_desktop=&#8220;&#8220; hide_on_notebook=&#8220;&#8220; hide_on_tablet=&#8220;&#8220; hide_on_mobile=&#8220;1&#8243;][vc_empty_space height=&#8220;2em&#8220; alter_height=&#8220;none&#8220; hide_on_desktop=&#8220;&#8220; hide_on_notebook=&#8220;&#8220; hide_on_tablet=&#8220;&#8220; hide_on_mobile=&#8220;1&#8243;][vc_empty_space height=&#8220;2em&#8220; alter_height=&#8220;none&#8220; hide_on_desktop=&#8220;&#8220; hide_on_notebook=&#8220;&#8220; hide_on_tablet=&#8220;1&#8243; hide_on_mobile=&#8220;1&#8243;][\/vc_column_inner][\/vc_row_inner][vc_column_inner width=&#8220;1\/3&#8243;][\/vc_column_inner][\/vc_column][\/vc_row][vc_row full_width=&#8220;stretch_row&#8220; hide_bg_image_on_tablet=&#8220;&#8220; hide_bg_image_on_mobile=&#8220;&#8220; css=&#8220;.vc_custom_1524614336696{background-color: #e8e8e8 !important;background-size: cover !important;}&#8220;][vc_column][vc_empty_space height=&#8220;1em&#8220; alter_height=&#8220;none&#8220; hide_on_desktop=&#8220;&#8220; hide_on_notebook=&#8220;&#8220; hide_on_tablet=&#8220;&#8220; hide_on_mobile=&#8220;&#8220;][vc_empty_space height=&#8220;2em&#8220; alter_height=&#8220;none&#8220; hide_on_desktop=&#8220;&#8220; hide_on_notebook=&#8220;&#8220; hide_on_tablet=&#8220;&#8220; hide_on_mobile=&#8220;1&#8243;][vc_empty_space height=&#8220;2em&#8220; alter_height=&#8220;none&#8220; hide_on_desktop=&#8220;&#8220; hide_on_notebook=&#8220;&#8220; hide_on_tablet=&#8220;1&#8243; hide_on_mobile=&#8220;1&#8243;][\/vc_column][\/vc_row][vc_row full_width=&#8220;stretch_row&#8220; extra_bg_mask=&#8220;8&#8243; hide_bg_image_on_tablet=&#8220;&#8220; hide_bg_image_on_mobile=&#8220;&#8220; css=&#8220;.vc_custom_1526646645813{background: #ffffff url(https:\/\/jlvtraductions.com\/wp-content\/uploads\/2018\/04\/fome_1.png?id=1694) !important;background-position: top left !important;}&#8220;][vc_column][vc_empty_space height=&#8220;1em&#8220; alter_height=&#8220;none&#8220; hide_on_desktop=&#8220;&#8220; hide_on_notebook=&#8220;&#8220; hide_on_tablet=&#8220;&#8220; hide_on_mobile=&#8220;&#8220;][vc_empty_space height=&#8220;2em&#8220; alter_height=&#8220;none&#8220; hide_on_desktop=&#8220;&#8220; hide_on_notebook=&#8220;&#8220; hide_on_tablet=&#8220;&#8220; hide_on_mobile=&#8220;1&#8243;][vc_empty_space height=&#8220;2em&#8220; alter_height=&#8220;none&#8220; hide_on_desktop=&#8220;&#8220; hide_on_notebook=&#8220;&#8220; hide_on_tablet=&#8220;1&#8243; hide_on_mobile=&#8220;1&#8243;]<div id=\"sc_title_1579008099\"\n\t\tclass=\"sc_title color_style_default sc_title_default\"><h3 class=\"sc_item_title sc_title_title sc_align_left sc_item_title_style_default\"><b>\u00dcberschaubare<\/b> Gr\u00f6\u00dfe<\/h3><\/div><!-- \/.sc_title -->[vc_column_text]Mit ihren 7 Mitarbeitern ist die Firma heute die gr\u00f6\u00dfte \u00dcbersetzungsagentur der Normandie.[\/vc_column_text][vc_row_inner][vc_column_inner width=&#8220;1\/2&#8243;][vc_single_image image=&#8220;2177&#8243; img_size=&#8220;full&#8220;][\/vc_column_inner][vc_column_inner width=&#8220;1\/2&#8243;][vc_empty_space height=&#8220;1em&#8220; alter_height=&#8220;none&#8220; hide_on_desktop=&#8220;&#8220; hide_on_notebook=&#8220;&#8220; hide_on_tablet=&#8220;&#8220; hide_on_mobile=&#8220;&#8220;][vc_empty_space height=&#8220;2em&#8220; alter_height=&#8220;none&#8220; hide_on_desktop=&#8220;&#8220; hide_on_notebook=&#8220;&#8220; hide_on_tablet=&#8220;&#8220; hide_on_mobile=&#8220;1&#8243;][vc_empty_space height=&#8220;2em&#8220; alter_height=&#8220;none&#8220; hide_on_desktop=&#8220;&#8220; hide_on_notebook=&#8220;&#8220; hide_on_tablet=&#8220;1&#8243; hide_on_mobile=&#8220;1&#8243;]<div id=\"sc_skills_2056821742\"\n\t\tclass=\"sc_skills sc_skills_counter\"\n\t\t\t\tdata-type=\"counter\"\n\t\t><div class=\"sc_skills_columns sc_item_columns trx_addons_columns_wrap columns_padding_bottom\"><div class=\"sc_skills_column trx_addons_column-1_3\"><div class=\"sc_skills_item_wrap\"><div class=\"sc_skills_item\"><div class=\"sc_skills_icon icon-users-group\"><\/div><div class=\"sc_skills_total\" data-start=\"0\" data-stop=\"7\" data-step=\"1\" data-max=\"100\" data-speed=\"14\" data-duration=\"98\" data-ed=\"\" style=\"color: #000000\">0<\/div><\/div><div class=\"sc_skills_item_title\">\u00dcbersetzer aus Leidenschaft<\/div><\/div><\/div><div class=\"sc_skills_column trx_addons_column-1_3\"><div class=\"sc_skills_item_wrap\"><div class=\"sc_skills_item\"><div class=\"sc_skills_icon icon-shirt\"><\/div><div class=\"sc_skills_total\" data-start=\"0\" data-stop=\"145\" data-step=\"1\" data-max=\"100\" data-speed=\"10\" data-duration=\"1450\" data-ed=\"\" style=\"color: #000000\">0<\/div><\/div><div class=\"sc_skills_item_title\">Zufriedene Kunden<\/div><\/div><\/div><div class=\"sc_skills_column trx_addons_column-1_3\"><div class=\"sc_skills_item_wrap\"><div class=\"sc_skills_item\"><div class=\"sc_skills_icon icon-calendar-light\"><\/div><div class=\"sc_skills_total\" data-start=\"0\" data-stop=\"16\" data-step=\"1\" data-max=\"100\" data-speed=\"39\" data-duration=\"624\" data-ed=\"\" style=\"color: #000000\">0<\/div><\/div><div class=\"sc_skills_item_title\">Jahre Erfahrung<\/div><\/div><\/div><\/div><\/div>[\/vc_column_inner][\/vc_row_inner][vc_row_inner][vc_column_inner][vc_empty_space height=&#8220;2em&#8220; alter_height=&#8220;none&#8220; hide_on_desktop=&#8220;&#8220; hide_on_notebook=&#8220;&#8220; hide_on_tablet=&#8220;&#8220; hide_on_mobile=&#8220;&#8220;][\/vc_column_inner][\/vc_row_inner][\/vc_column][\/vc_row]<\/p>\n","protected":false},"excerpt":{"rendered":"<p>[vc_row hide_bg_image_on_tablet=&#8220;&#8220; hide_bg_image_on_mobile=&#8220;&#8220; css=&#8220;.vc_custom_1508317949755{background-size: cover !important;}&#8220;][vc_column][vc_empty_space height=&#8220;1em&#8220; alter_height=&#8220;none&#8220; hide_on_desktop=&#8220;&#8220; hide_on_notebook=&#8220;&#8220; hide_on_tablet=&#8220;&#8220; hide_on_mobile=&#8220;&#8220;][vc_empty_space height=&#8220;2em&#8220; alter_height=&#8220;none&#8220; hide_on_desktop=&#8220;&#8220; hide_on_notebook=&#8220;&#8220; hide_on_tablet=&#8220;&#8220; hide_on_mobile=&#8220;1&#8243;][vc_empty_space height=&#8220;2em&#8220; alter_height=&#8220;none&#8220; hide_on_desktop=&#8220;&#8220; hide_on_notebook=&#8220;&#8220; hide_on_tablet=&#8220;1&#8243; hide_on_mobile=&#8220;1&#8243;][\/vc_column][\/vc_row][vc_row][vc_column][\/vc_column][\/vc_row][vc_row hide_bg_image_on_tablet=&#8220;&#8220; hide_bg_image_on_mobile=&#8220;&#8220; css=&#8220;.vc_custom_1508317949755{background-size: cover !important;}&#8220;][vc_column][vc_empty_space height=&#8220;1em&#8220; alter_height=&#8220;none&#8220; hide_on_desktop=&#8220;&#8220; hide_on_notebook=&#8220;&#8220; hide_on_tablet=&#8220;&#8220; hide_on_mobile=&#8220;&#8220;][vc_empty_space height=&#8220;2em&#8220; alter_height=&#8220;none&#8220; hide_on_desktop=&#8220;&#8220; hide_on_notebook=&#8220;&#8220; hide_on_tablet=&#8220;&#8220; hide_on_mobile=&#8220;1&#8243;][vc_empty_space height=&#8220;2em&#8220; alter_height=&#8220;none&#8220; hide_on_desktop=&#8220;&#8220; hide_on_notebook=&#8220;&#8220; hide_on_tablet=&#8220;1&#8243; hide_on_mobile=&#8220;1&#8243;][\/vc_column][\/vc_row][vc_row full_width=&#8220;stretch_row&#8220; extra_bg_mask=&#8220;8&#8243; hide_bg_image_on_tablet=&#8220;&#8220;&hellip;<\/p>\n","protected":false},"author":1,"featured_media":0,"parent":0,"menu_order":0,"comment_status":"closed","ping_status":"closed","template":"","meta":{"_monsterinsights_skip_tracking":false,"_monsterinsights_sitenote_active":false,"_monsterinsights_sitenote_note":"","_monsterinsights_sitenote_category":0,"footnotes":""},"class_list":["post-6877","page","type-page","status-publish","hentry"],"_links":{"self":[{"href":"https:\/\/jlvtraductions.com\/de\/wp-json\/wp\/v2\/pages\/6877"}],"collection":[{"href":"https:\/\/jlvtraductions.com\/de\/wp-json\/wp\/v2\/pages"}],"about":[{"href":"https:\/\/jlvtraductions.com\/de\/wp-json\/wp\/v2\/types\/page"}],"author":[{"embeddable":true,"href":"https:\/\/jlvtraductions.com\/de\/wp-json\/wp\/v2\/users\/1"}],"replies":[{"embeddable":true,"href":"https:\/\/jlvtraductions.com\/de\/wp-json\/wp\/v2\/comments?post=6877"}],"version-history":[{"count":5,"href":"https:\/\/jlvtraductions.com\/de\/wp-json\/wp\/v2\/pages\/6877\/revisions"}],"predecessor-version":[{"id":7980,"href":"https:\/\/jlvtraductions.com\/de\/wp-json\/wp\/v2\/pages\/6877\/revisions\/7980"}],"wp:attachment":[{"href":"https:\/\/jlvtraductions.com\/de\/wp-json\/wp\/v2\/media?parent=6877"}],"curies":[{"name":"wp","href":"https:\/\/api.w.org\/{rel}","templated":true}]}}