{"id":6951,"date":"2023-02-23T12:02:40","date_gmt":"2023-02-23T11:02:40","guid":{"rendered":"https:\/\/jlvtraductions.com\/demande-de-traduction-etape-3\/"},"modified":"2023-02-23T12:10:38","modified_gmt":"2023-02-23T11:10:38","slug":"antrag-auf-uebersetzung-schritt-3","status":"publish","type":"page","link":"https:\/\/jlvtraductions.com\/de\/antrag-auf-uebersetzung-schritt-3\/","title":{"rendered":"Antrag auf \u00dcbersetzung &#8211; Schritt 3"},"content":{"rendered":"<p>[vc_row][vc_column]<div id=\"sc_title_849945986\"\n\t\tclass=\"sc_title color_style_default sc_title_default\"><h2 class=\"sc_item_title sc_title_title sc_align_center sc_item_title_style_default sc_item_title_tag\">Bitte folgende Informationen angeben<\/h2><\/div><!-- \/.sc_title -->[vc_empty_space height=&#8220;1em&#8220; alter_height=&#8220;none&#8220; hide_on_desktop=&#8220;&#8220; hide_on_notebook=&#8220;&#8220; hide_on_tablet=&#8220;&#8220; hide_on_mobile=&#8220;&#8220;][vc_column_text]Unsere Firma hat die Note 9,6 von 10 f\u00fcr die allgemeine Qualit\u00e4tsverwaltung erhalten. Diese Note entspricht dem Durchschnitt der f\u00fcr alle Qualit\u00e4tsprozesse erhaltenen Noten:<br \/>\n\u2013 Kunden<br \/>\n\u2013 Personalverwaltung<br \/>\n\u2013 Kommunikation<br \/>\n\u2013 Einkauf und Lieferanten<br \/>\n\u2013 Produktion und Dienstleistung<br \/>\n\u2013 Infrastrukturen<br \/>\n\u2013 Kontrolle[\/vc_column_text][vc_empty_space height=&#8220;1.5em&#8220; alter_height=&#8220;none&#8220; hide_on_desktop=&#8220;&#8220; hide_on_notebook=&#8220;&#8220; hide_on_tablet=&#8220;&#8220; hide_on_mobile=&#8220;1&#8243; el_id=&#8220;contactform&#8220;]\n<div class=\"wpcf7 no-js\" id=\"wpcf7-f6955-o1\" lang=\"en-US\" dir=\"ltr\">\n<div class=\"screen-reader-response\"><p role=\"status\" aria-live=\"polite\" aria-atomic=\"true\"><\/p> <ul><\/ul><\/div>\n<form action=\"\/de\/wp-json\/wp\/v2\/pages\/6951#wpcf7-f6955-o1\" method=\"post\" class=\"wpcf7-form init\" aria-label=\"Contact form\" novalidate=\"novalidate\" data-status=\"init\">\n<div style=\"display: none;\">\n<input type=\"hidden\" name=\"_wpcf7\" value=\"6955\" \/>\n<input type=\"hidden\" name=\"_wpcf7_version\" value=\"5.9.8\" \/>\n<input type=\"hidden\" name=\"_wpcf7_locale\" value=\"en_US\" \/>\n<input type=\"hidden\" name=\"_wpcf7_unit_tag\" value=\"wpcf7-f6955-o1\" \/>\n<input type=\"hidden\" name=\"_wpcf7_container_post\" value=\"0\" \/>\n<input type=\"hidden\" name=\"_wpcf7_posted_data_hash\" value=\"\" \/>\n<\/div>\n<p>Please fill out the form on the previous page.\n<\/p><p style=\"display: none !important;\" class=\"akismet-fields-container\" data-prefix=\"_wpcf7_ak_\"><label>&#916;<textarea name=\"_wpcf7_ak_hp_textarea\" cols=\"45\" rows=\"8\" maxlength=\"100\"><\/textarea><\/label><input type=\"hidden\" id=\"ak_js_1\" name=\"_wpcf7_ak_js\" value=\"4\"\/><script>document.getElementById( \"ak_js_1\" ).setAttribute( \"value\", ( new Date() ).getTime() );<\/script><\/p><div class=\"wpcf7-response-output\" aria-hidden=\"true\"><\/div>\n<\/form>\n<\/div>\n[\/vc_column][\/vc_row]<\/p>\n","protected":false},"excerpt":{"rendered":"<p>[vc_row][vc_column][vc_empty_space height=&#8220;1em&#8220; alter_height=&#8220;none&#8220; hide_on_desktop=&#8220;&#8220; hide_on_notebook=&#8220;&#8220; hide_on_tablet=&#8220;&#8220; hide_on_mobile=&#8220;&#8220;][vc_column_text]Unsere Firma hat die Note 9,6 von 10 f\u00fcr die allgemeine Qualit\u00e4tsverwaltung erhalten. Diese Note entspricht dem Durchschnitt der f\u00fcr alle Qualit\u00e4tsprozesse erhaltenen Noten: \u2013 Kunden \u2013 Personalverwaltung \u2013 Kommunikation \u2013 Einkauf und Lieferanten \u2013 Produktion und Dienstleistung \u2013 Infrastrukturen \u2013 Kontrolle[\/vc_column_text][vc_empty_space height=&#8220;1.5em&#8220; alter_height=&#8220;none&#8220;&hellip;<\/p>\n","protected":false},"author":1,"featured_media":0,"parent":0,"menu_order":0,"comment_status":"closed","ping_status":"closed","template":"","meta":{"_monsterinsights_skip_tracking":false,"_monsterinsights_sitenote_active":false,"_monsterinsights_sitenote_note":"","_monsterinsights_sitenote_category":0,"footnotes":""},"class_list":["post-6951","page","type-page","status-publish","hentry"],"_links":{"self":[{"href":"https:\/\/jlvtraductions.com\/de\/wp-json\/wp\/v2\/pages\/6951"}],"collection":[{"href":"https:\/\/jlvtraductions.com\/de\/wp-json\/wp\/v2\/pages"}],"about":[{"href":"https:\/\/jlvtraductions.com\/de\/wp-json\/wp\/v2\/types\/page"}],"author":[{"embeddable":true,"href":"https:\/\/jlvtraductions.com\/de\/wp-json\/wp\/v2\/users\/1"}],"replies":[{"embeddable":true,"href":"https:\/\/jlvtraductions.com\/de\/wp-json\/wp\/v2\/comments?post=6951"}],"version-history":[{"count":4,"href":"https:\/\/jlvtraductions.com\/de\/wp-json\/wp\/v2\/pages\/6951\/revisions"}],"predecessor-version":[{"id":6956,"href":"https:\/\/jlvtraductions.com\/de\/wp-json\/wp\/v2\/pages\/6951\/revisions\/6956"}],"wp:attachment":[{"href":"https:\/\/jlvtraductions.com\/de\/wp-json\/wp\/v2\/media?parent=6951"}],"curies":[{"name":"wp","href":"https:\/\/api.w.org\/{rel}","templated":true}]}}