{"id":6964,"date":"2023-02-23T13:46:20","date_gmt":"2023-02-23T12:46:20","guid":{"rendered":"https:\/\/jlvtraductions.com\/gestion-de-projets-de-traduction\/"},"modified":"2023-02-23T16:20:51","modified_gmt":"2023-02-23T15:20:51","slug":"projektmanagement","status":"publish","type":"page","link":"https:\/\/jlvtraductions.com\/de\/projektmanagement\/","title":{"rendered":"PROJEKTMANAGEMENT"},"content":{"rendered":"<p>[vc_row hide_bg_image_on_tablet=&#8220;&#8220; hide_bg_image_on_mobile=&#8220;&#8220; css=&#8220;.vc_custom_1508317949755{background-size: cover !important;}&#8220;][vc_column][vc_empty_space height=&#8220;1em&#8220; alter_height=&#8220;none&#8220; hide_on_desktop=&#8220;&#8220; hide_on_notebook=&#8220;&#8220; hide_on_tablet=&#8220;&#8220; hide_on_mobile=&#8220;&#8220;][vc_empty_space height=&#8220;2em&#8220; alter_height=&#8220;none&#8220; hide_on_desktop=&#8220;&#8220; hide_on_notebook=&#8220;&#8220; hide_on_tablet=&#8220;&#8220; hide_on_mobile=&#8220;1&#8243;][vc_empty_space height=&#8220;2em&#8220; alter_height=&#8220;none&#8220; hide_on_desktop=&#8220;&#8220; hide_on_notebook=&#8220;&#8220; hide_on_tablet=&#8220;1&#8243; hide_on_mobile=&#8220;1&#8243;][\/vc_column][\/vc_row][vc_row][vc_column]<div id=\"sc_title_1974524727\"\n\t\tclass=\"sc_title color_style_default sc_title_default\"><h3 class=\"sc_item_title sc_title_title sc_align_center sc_item_title_style_default\">Ihre Ziele <b>sind die unseren<\/b><\/h3><\/div><!-- \/.sc_title -->[\/vc_column][\/vc_row][vc_row hide_bg_image_on_tablet=&#8220;&#8220; hide_bg_image_on_mobile=&#8220;&#8220; css=&#8220;.vc_custom_1508317949755{background-size: cover !important;}&#8220;][vc_column][vc_empty_space height=&#8220;1em&#8220; alter_height=&#8220;none&#8220; hide_on_desktop=&#8220;&#8220; hide_on_notebook=&#8220;&#8220; hide_on_tablet=&#8220;&#8220; hide_on_mobile=&#8220;&#8220;][vc_empty_space height=&#8220;2em&#8220; alter_height=&#8220;none&#8220; hide_on_desktop=&#8220;&#8220; hide_on_notebook=&#8220;&#8220; hide_on_tablet=&#8220;&#8220; hide_on_mobile=&#8220;1&#8243;][vc_empty_space height=&#8220;2em&#8220; alter_height=&#8220;none&#8220; hide_on_desktop=&#8220;&#8220; hide_on_notebook=&#8220;&#8220; hide_on_tablet=&#8220;1&#8243; hide_on_mobile=&#8220;1&#8243;][\/vc_column][\/vc_row][vc_row full_width=&#8220;stretch_row&#8220; extra_bg_mask=&#8220;8&#8243; hide_bg_image_on_tablet=&#8220;&#8220; hide_bg_image_on_mobile=&#8220;&#8220; css=&#8220;.vc_custom_1526647055177{background: #ffffff url(https:\/\/jlvtraductions.com\/wp-content\/uploads\/2018\/04\/fome_7.png?id=1728) !important;background-position: top left !important;background-repeat: no-repeat !important;background-size: cover !important;}&#8220;][vc_column hide_bg_image_on_tablet=&#8220;&#8220; hide_bg_image_on_mobile=&#8220;&#8220; css=&#8220;.vc_custom_1508851629306{background-size: contain !important;}&#8220;][vc_column_text css_animation=&#8220;bounceInRight&#8220;]<\/p>\n<div style=\"text-align: center;\">Zur Erstellung einer \u00dcbersetzung, einer fremdsprachlichen Fassung oder einer Lokalisierung Ihrer Dokumente arbeiten wir im Projektmodus. Dieser Ansatz erm\u00f6glicht es uns, auf einfache Weise Kompetenzen und Expertisen verschiedener Horizonte miteinander zu verbinden. Projektmanagement in der \u00dcbersetzung erm\u00f6glicht es uns, auf eine Feinsteuerung zu vertrauen. Dadurch k\u00f6nnen wir unsere Kr\u00e4fte b\u00fcndeln und Ihren \u00dcbersetzungsbedarf begleiten.<\/div>\n<p>[\/vc_column_text][vc_empty_space height=&#8220;1em&#8220; alter_height=&#8220;none&#8220; hide_on_desktop=&#8220;&#8220; hide_on_notebook=&#8220;&#8220; hide_on_tablet=&#8220;&#8220; hide_on_mobile=&#8220;&#8220;][vc_column_text css_animation=&#8220;bounceInRight&#8220;]<\/p>\n<div style=\"text-align: center;\"><strong>Durch diese Feinsteuerung k\u00f6nnen wir unsere Kr\u00e4fte b\u00fcndeln und Ihren \u00dcbersetzungsbedarf begleiten.<\/strong><\/div>\n<p>[\/vc_column_text][vc_empty_space height=&#8220;3.2em&#8220; alter_height=&#8220;none&#8220; hide_on_desktop=&#8220;&#8220; hide_on_notebook=&#8220;&#8220; hide_on_tablet=&#8220;&#8220; hide_on_mobile=&#8220;&#8220;][\/vc_column][\/vc_row][vc_row full_width=&#8220;stretch_row&#8220; extra_bg_mask=&#8220;5&#8243; hide_bg_image_on_tablet=&#8220;&#8220; hide_bg_image_on_mobile=&#8220;&#8220; css=&#8220;.vc_custom_1626861298324{background: #0a0a0a url(https:\/\/jlvtraductions.com\/wp-content\/uploads\/2021\/07\/bg-international.jpg?id=5014) !important;background-position: center !important;background-repeat: no-repeat !important;background-size: cover !important;}&#8220;][vc_column][vc_empty_space height=&#8220;3em&#8220; alter_height=&#8220;none&#8220; hide_on_desktop=&#8220;&#8220; hide_on_notebook=&#8220;&#8220; hide_on_tablet=&#8220;&#8220; hide_on_mobile=&#8220;&#8220;][vc_custom_heading text=&#8220;Die Arbeit im Projektmodus erlaubt das Finden der passenden L\u00f6sung f\u00fcr jede Anfrage.&#8220; font_container=&#8220;tag:h2|text_align:center|color:%2394c01f&#8220; use_theme_fonts=&#8220;yes&#8220;][vc_empty_space height=&#8220;4em&#8220; alter_height=&#8220;none&#8220; hide_on_desktop=&#8220;&#8220; hide_on_notebook=&#8220;&#8220; hide_on_tablet=&#8220;&#8220; hide_on_mobile=&#8220;&#8220;][\/vc_column][\/vc_row][vc_row full_width=&#8220;stretch_row&#8220; extra_bg_mask=&#8220;9&#8243; hide_bg_image_on_tablet=&#8220;&#8220; hide_bg_image_on_mobile=&#8220;&#8220;][vc_column][vc_empty_space height=&#8220;1em&#8220; alter_height=&#8220;none&#8220; hide_on_desktop=&#8220;&#8220; hide_on_notebook=&#8220;&#8220; hide_on_tablet=&#8220;&#8220; hide_on_mobile=&#8220;&#8220;][vc_empty_space height=&#8220;2em&#8220; alter_height=&#8220;none&#8220; hide_on_desktop=&#8220;&#8220; hide_on_notebook=&#8220;&#8220; hide_on_tablet=&#8220;&#8220; hide_on_mobile=&#8220;1&#8243;][vc_empty_space height=&#8220;1em&#8220; alter_height=&#8220;none&#8220; hide_on_desktop=&#8220;&#8220; hide_on_notebook=&#8220;&#8220; hide_on_tablet=&#8220;&#8220; hide_on_mobile=&#8220;&#8220;][vc_empty_space height=&#8220;1.3em&#8220; alter_height=&#8220;none&#8220; hide_on_desktop=&#8220;&#8220; hide_on_notebook=&#8220;&#8220; hide_on_tablet=&#8220;1&#8243; hide_on_mobile=&#8220;1&#8243;][vc_column_text css_animation=&#8220;bounceInLeft&#8220;]<\/p>\n<div style=\"text-align: center;\">\n<div>Da wir unter diesem Blickwinkel arbeiten, haben wir dieselbe Mission wie Sie: die \u00dcbersetzung Ihrer Arbeitsmittel zu erreichen. Die Tatsache, dass wir Projektmanagement in die Umsetzung Ihrer Texte in die Zielsprachen einflie\u00dfen lassen, erm\u00f6glicht uns eine optimierte Effizienz.<br \/>\nDank dieser Methode k\u00f6nnen wir kurzfristig allen Ihren Bed\u00fcrfnissen gerecht werden. Indem wir pr\u00e4zise Verfahren und Tools nutzen, k\u00f6nnen wir auf wiederkehrende und m\u00fchsame manuelle T\u00e4tigkeiten verzichten, die uns Zeit kosten w\u00fcrden.<\/div>\n<\/div>\n<p>[\/vc_column_text][vc_empty_space height=&#8220;1em&#8220; alter_height=&#8220;none&#8220; hide_on_desktop=&#8220;&#8220; hide_on_notebook=&#8220;&#8220; hide_on_tablet=&#8220;&#8220; hide_on_mobile=&#8220;&#8220;][vc_empty_space height=&#8220;1.5em&#8220; alter_height=&#8220;none&#8220; hide_on_desktop=&#8220;&#8220; hide_on_notebook=&#8220;&#8220; hide_on_tablet=&#8220;&#8220; hide_on_mobile=&#8220;&#8220;][vc_column_text css_animation=&#8220;bounceInLeft&#8220;]<\/p>\n<div style=\"text-align: center;\"><strong> Dieser Ansatz erm\u00f6glicht es uns auch, Expertisen und Spezialwissen zu b\u00fcndeln, um \u00e4u\u00dferst spezifische Fachgebiete abzudecken.<\/strong><\/div>\n<p>[\/vc_column_text][vc_empty_space height=&#8220;1em&#8220; alter_height=&#8220;none&#8220; hide_on_desktop=&#8220;&#8220; hide_on_notebook=&#8220;&#8220; hide_on_tablet=&#8220;&#8220; hide_on_mobile=&#8220;&#8220;][vc_empty_space height=&#8220;2em&#8220; alter_height=&#8220;none&#8220; hide_on_desktop=&#8220;&#8220; hide_on_notebook=&#8220;&#8220; hide_on_tablet=&#8220;&#8220; hide_on_mobile=&#8220;1&#8243;][vc_empty_space height=&#8220;2em&#8220; alter_height=&#8220;none&#8220; hide_on_desktop=&#8220;&#8220; hide_on_notebook=&#8220;&#8220; hide_on_tablet=&#8220;1&#8243; hide_on_mobile=&#8220;1&#8243;][\/vc_column][\/vc_row][vc_row full_width=&#8220;stretch_row&#8220; extra_bg_mask=&#8220;9&#8243; hide_bg_image_on_tablet=&#8220;&#8220; hide_bg_image_on_mobile=&#8220;&#8220; css=&#8220;.vc_custom_1526647111579{background: #f3f5f9 url(https:\/\/jlvtraductions.com\/wp-content\/uploads\/2018\/04\/fome_9.png?id=1732) !important;background-position: top left !important;}&#8220;][vc_column][vc_empty_space height=&#8220;1em&#8220; alter_height=&#8220;none&#8220; hide_on_desktop=&#8220;&#8220; hide_on_notebook=&#8220;&#8220; hide_on_tablet=&#8220;&#8220; hide_on_mobile=&#8220;&#8220;][vc_empty_space height=&#8220;2em&#8220; alter_height=&#8220;none&#8220; hide_on_desktop=&#8220;&#8220; hide_on_notebook=&#8220;&#8220; hide_on_tablet=&#8220;&#8220; hide_on_mobile=&#8220;1&#8243;][vc_empty_space height=&#8220;2.3em&#8220; alter_height=&#8220;none&#8220; hide_on_desktop=&#8220;&#8220; hide_on_notebook=&#8220;&#8220; hide_on_tablet=&#8220;1&#8243; hide_on_mobile=&#8220;1&#8243;]<div id=\"sc_title_779152225\"\n\t\tclass=\"sc_title color_style_default sc_title_default\"><h1 class=\"sc_item_title sc_title_title sc_align_left sc_item_title_style_default sc_item_title_tag\">Ein einheitliches Verfahren f\u00fcr <b>Ihre Kundenzufriedenheit<\/b><\/h1><\/div><!-- \/.sc_title -->[vc_empty_space height=&#8220;1em&#8220; alter_height=&#8220;none&#8220; hide_on_desktop=&#8220;&#8220; hide_on_notebook=&#8220;&#8220; hide_on_tablet=&#8220;&#8220; hide_on_mobile=&#8220;&#8220;][vc_empty_space height=&#8220;1.3em&#8220; alter_height=&#8220;none&#8220; hide_on_desktop=&#8220;&#8220; hide_on_notebook=&#8220;&#8220; hide_on_tablet=&#8220;1&#8243; hide_on_mobile=&#8220;1&#8243;][vc_row_inner][vc_column_inner width=&#8220;1\/2&#8243;][vc_column_text css_animation=&#8220;bounceInLeft&#8220;]<\/p>\n<div>\n<div>Jedes der uns anvertrauten Projekte durchl\u00e4uft dieses Arbeitsverfahren. Wir wenden stets diese Perspektive an, um ein Ergebnis zu pr\u00e4sentieren, das den Anforderungen des Unternehmens entspricht. Mit dieser Strategie k\u00f6nnen wir auch die au\u00dfergew\u00f6hnlichsten \u00dcbersetzungsarbeiten mit derselben Genauigkeit erf\u00fcllen. Von der kurzen und spezifischen bis zur langen und allgemeinen \u00dcbersetzung.<\/div>\n<\/div>\n<p>[\/vc_column_text][\/vc_column_inner][vc_column_inner width=&#8220;1\/2&#8243;][vc_column_text css_animation=&#8220;bounceInLeft&#8220;]<\/p>\n<div>F\u00fcr alle uns anvertrauten Arbeiten mobilisieren wir unsere professionellen \u00dcbersetzer als Team und bestimmen einen Referenten. Dieser fungiert als Ihr Ansprechpartner zur Konkretisierung aller Elemente im Hinblick auf Ihre Anforderungen. Es ist auch seine Aufgabe, ein Spezialisten-Team zusammenzustellen und jedem Einzelnen f\u00fcr die Dauer der Arbeiten Orientierungshilfen zu bieten.<\/div>\n<p>[\/vc_column_text][\/vc_column_inner][\/vc_row_inner][vc_empty_space height=&#8220;1em&#8220; alter_height=&#8220;none&#8220; hide_on_desktop=&#8220;&#8220; hide_on_notebook=&#8220;&#8220; hide_on_tablet=&#8220;&#8220; hide_on_mobile=&#8220;&#8220;][vc_empty_space height=&#8220;1.3em&#8220; alter_height=&#8220;none&#8220; hide_on_desktop=&#8220;&#8220; hide_on_notebook=&#8220;&#8220; hide_on_tablet=&#8220;1&#8243; hide_on_mobile=&#8220;1&#8243;][vc_column_text css_animation=&#8220;bounceInLeft&#8220;]<\/p>\n<div style=\"text-align: center;\">\n<div style=\"text-align: left;\">\n<div style=\"text-align: center;\">\n<div>\n<div>Damit das Endergebnis unseren hohen Qualit\u00e4tsstandards entspricht, obliegt ihm au\u00dferdem die Aufgabe der Qualit\u00e4tskontrolle vor der Auslieferung. Doch damit ist seine Aufgabe nicht beendet. Unser Teamleiter k\u00fcmmert sich nach der Auslieferung um die Erstellung eines \u00dcbersetzungsspeichers. Dieser erm\u00f6glicht uns eine verbesserte Konsistenz und Textqualit\u00e4t bei allen Ihren zuk\u00fcnftigen Projekten.<\/div>\n<\/div>\n<\/div>\n<\/div>\n<\/div>\n<p>[\/vc_column_text][vc_empty_space height=&#8220;1em&#8220; alter_height=&#8220;none&#8220; hide_on_desktop=&#8220;&#8220; hide_on_notebook=&#8220;&#8220; hide_on_tablet=&#8220;&#8220; hide_on_mobile=&#8220;&#8220;][vc_empty_space height=&#8220;1.3em&#8220; alter_height=&#8220;none&#8220; hide_on_desktop=&#8220;&#8220; hide_on_notebook=&#8220;&#8220; hide_on_tablet=&#8220;1&#8243; hide_on_mobile=&#8220;1&#8243;][\/vc_column][\/vc_row]<\/p>\n","protected":false},"excerpt":{"rendered":"<p>[vc_row hide_bg_image_on_tablet=&#8220;&#8220; hide_bg_image_on_mobile=&#8220;&#8220; css=&#8220;.vc_custom_1508317949755{background-size: cover !important;}&#8220;][vc_column][vc_empty_space height=&#8220;1em&#8220; alter_height=&#8220;none&#8220; hide_on_desktop=&#8220;&#8220; hide_on_notebook=&#8220;&#8220; hide_on_tablet=&#8220;&#8220; hide_on_mobile=&#8220;&#8220;][vc_empty_space height=&#8220;2em&#8220; alter_height=&#8220;none&#8220; hide_on_desktop=&#8220;&#8220; hide_on_notebook=&#8220;&#8220; hide_on_tablet=&#8220;&#8220; hide_on_mobile=&#8220;1&#8243;][vc_empty_space height=&#8220;2em&#8220; alter_height=&#8220;none&#8220; hide_on_desktop=&#8220;&#8220; hide_on_notebook=&#8220;&#8220; hide_on_tablet=&#8220;1&#8243; hide_on_mobile=&#8220;1&#8243;][\/vc_column][\/vc_row][vc_row][vc_column][\/vc_column][\/vc_row][vc_row hide_bg_image_on_tablet=&#8220;&#8220; hide_bg_image_on_mobile=&#8220;&#8220; css=&#8220;.vc_custom_1508317949755{background-size: cover !important;}&#8220;][vc_column][vc_empty_space height=&#8220;1em&#8220; alter_height=&#8220;none&#8220; hide_on_desktop=&#8220;&#8220; hide_on_notebook=&#8220;&#8220; hide_on_tablet=&#8220;&#8220; hide_on_mobile=&#8220;&#8220;][vc_empty_space height=&#8220;2em&#8220; alter_height=&#8220;none&#8220; hide_on_desktop=&#8220;&#8220; hide_on_notebook=&#8220;&#8220; hide_on_tablet=&#8220;&#8220; hide_on_mobile=&#8220;1&#8243;][vc_empty_space height=&#8220;2em&#8220; alter_height=&#8220;none&#8220; hide_on_desktop=&#8220;&#8220; hide_on_notebook=&#8220;&#8220; hide_on_tablet=&#8220;1&#8243; hide_on_mobile=&#8220;1&#8243;][\/vc_column][\/vc_row][vc_row full_width=&#8220;stretch_row&#8220; extra_bg_mask=&#8220;8&#8243; hide_bg_image_on_tablet=&#8220;&#8220;&hellip;<\/p>\n","protected":false},"author":1,"featured_media":0,"parent":0,"menu_order":0,"comment_status":"closed","ping_status":"closed","template":"","meta":{"_monsterinsights_skip_tracking":false,"_monsterinsights_sitenote_active":false,"_monsterinsights_sitenote_note":"","_monsterinsights_sitenote_category":0,"footnotes":""},"class_list":["post-6964","page","type-page","status-publish","hentry"],"_links":{"self":[{"href":"https:\/\/jlvtraductions.com\/de\/wp-json\/wp\/v2\/pages\/6964"}],"collection":[{"href":"https:\/\/jlvtraductions.com\/de\/wp-json\/wp\/v2\/pages"}],"about":[{"href":"https:\/\/jlvtraductions.com\/de\/wp-json\/wp\/v2\/types\/page"}],"author":[{"embeddable":true,"href":"https:\/\/jlvtraductions.com\/de\/wp-json\/wp\/v2\/users\/1"}],"replies":[{"embeddable":true,"href":"https:\/\/jlvtraductions.com\/de\/wp-json\/wp\/v2\/comments?post=6964"}],"version-history":[{"count":3,"href":"https:\/\/jlvtraductions.com\/de\/wp-json\/wp\/v2\/pages\/6964\/revisions"}],"predecessor-version":[{"id":6967,"href":"https:\/\/jlvtraductions.com\/de\/wp-json\/wp\/v2\/pages\/6964\/revisions\/6967"}],"wp:attachment":[{"href":"https:\/\/jlvtraductions.com\/de\/wp-json\/wp\/v2\/media?parent=6964"}],"curies":[{"name":"wp","href":"https:\/\/api.w.org\/{rel}","templated":true}]}}