{"id":6587,"date":"2023-02-09T14:27:03","date_gmt":"2023-02-09T13:27:03","guid":{"rendered":"https:\/\/jlvtraductions.com\/references\/"},"modified":"2023-02-09T14:31:13","modified_gmt":"2023-02-09T13:31:13","slug":"referencias","status":"publish","type":"page","link":"https:\/\/jlvtraductions.com\/es\/referencias\/","title":{"rendered":"Referencias"},"content":{"rendered":"<p>[vc_row full_width=\u00bbstretch_row\u00bb extra_bg_mask=\u00bb9&#8243; hide_bg_image_on_tablet=\u00bb\u00bb hide_bg_image_on_mobile=\u00bb\u00bb css=\u00bb.vc_custom_1526647405419{background: #ffffff url(https:\/\/jlvtraductions.com\/wp-content\/uploads\/2018\/04\/fome_7.png?id=1728) !important;background-position: top left !important;background-repeat: no-repeat !important;background-size: cover !important;}\u00bb][vc_column][vc_empty_space height=\u00bb1em\u00bb alter_height=\u00bbnone\u00bb hide_on_desktop=\u00bb\u00bb hide_on_notebook=\u00bb\u00bb hide_on_tablet=\u00bb\u00bb hide_on_mobile=\u00bb\u00bb][vc_empty_space height=\u00bb2em\u00bb alter_height=\u00bbnone\u00bb hide_on_desktop=\u00bb\u00bb hide_on_notebook=\u00bb\u00bb hide_on_tablet=\u00bb\u00bb hide_on_mobile=\u00bb1&#8243;][vc_empty_space height=\u00bb2em\u00bb alter_height=\u00bbnone\u00bb hide_on_desktop=\u00bb\u00bb hide_on_notebook=\u00bb\u00bb hide_on_tablet=\u00bb1&#8243; hide_on_mobile=\u00bb1&#8243;][vc_row_inner][vc_column_inner width=\u00bb1\/4&#8243;]<div id=\"sc_skills_1858099511\"\n\t\tclass=\"sc_skills sc_skills_pie sc_skills_compact_off\"\n\t\t\t\tdata-type=\"pie\"\n\t\t><div class=\"sc_skills_column trx_addons_column-1_1\"><div class=\"sc_skills_item_wrap\"><div class=\"sc_skills_item\"><canvas id=\"sc_skills_canvas_1374189400\"><\/canvas><div class=\"sc_skills_total\" data-start=\"0\" data-stop=\"76 \" data-step=\"1\" data-steps=\"100\" data-max=\"100\" data-speed=\"20\" data-duration=\"1520\" data-color=\"#94c01f\" data-bg_color=\"#f7f7f7\" data-border_color=\"\" data-cutout=\"99\" data-easing=\"easeOutCirc\" data-ed=\"%\">0%<\/div><\/div><div class=\"sc_skills_item_title\">CLIENTES MUY SATISFECHOS<\/div><\/div><\/div><\/div>[vc_empty_space height=\u00bb2em\u00bb alter_height=\u00bbnone\u00bb hide_on_desktop=\u00bb\u00bb hide_on_notebook=\u00bb\u00bb hide_on_tablet=\u00bb\u00bb hide_on_mobile=\u00bb\u00bb][\/vc_column_inner][vc_column_inner width=\u00bb3\/4&#8243;]<div id=\"sc_title_304485963\"\n\t\tclass=\"sc_title color_style_default sc_title_default\"><h5 class=\"sc_item_title sc_title_title sc_align_left sc_item_title_style_default sc_item_title_tag\"> Nuestros clientes exigentes, <b>satisfechos<\/b> con nuestros trabajos hasta el punto de contactarnos desde hace numerosos a\u00f1os, son garant\u00eda de la seriedad de nuestras traducciones.<\/h5><\/div><!-- \/.sc_title -->[vc_empty_space height=\u00bb2em\u00bb alter_height=\u00bbnone\u00bb hide_on_desktop=\u00bb\u00bb hide_on_notebook=\u00bb\u00bb hide_on_tablet=\u00bb\u00bb hide_on_mobile=\u00bb\u00bb][vc_column_text css_animation=\u00bbbounceInRight\u00bb]Han confiado en nosotros desde hace m\u00e1s de veinte a\u00f1os y provienen de diferentes sectores de la industria, del sector de servicios (empresas de servicios, agencias de traducci\u00f3n en Francia y otros pa\u00edses, profesiones liberales) e instituciones internacionales.<\/p>\n<p>Nuestra filosof\u00eda es simple: no hacemos distinci\u00f3n entre la calidad de un texto destinado a publicaci\u00f3n o un documento de trabajo, por mal redactado que estuviera en el idioma de origen.[\/vc_column_text][\/vc_column_inner][\/vc_row_inner][vc_single_image image=\u00bb1666&#8243; img_size=\u00bb2000&#215;300&#8243; style=\u00bbvc_box_shadow_3d\u00bb css_animation=\u00bbbounceInUp\u00bb][vc_empty_space height=\u00bb2em\u00bb alter_height=\u00bbnone\u00bb hide_on_desktop=\u00bb\u00bb hide_on_notebook=\u00bb\u00bb hide_on_tablet=\u00bb\u00bb hide_on_mobile=\u00bb\u00bb][\/vc_column][\/vc_row][vc_row full_width=\u00bbstretch_row\u00bb extra_bg_mask=\u00bb9&#8243; hide_bg_image_on_tablet=\u00bb\u00bb hide_bg_image_on_mobile=\u00bb\u00bb css=\u00bb.vc_custom_1526647457622{background: #f3f5f9 url(https:\/\/jlvtraductions.com\/wp-content\/uploads\/2018\/04\/fome_9.png?id=1732) !important;background-position: top left !important;}\u00bb][vc_column][vc_empty_space height=\u00bb1em\u00bb alter_height=\u00bbnone\u00bb hide_on_desktop=\u00bb\u00bb hide_on_notebook=\u00bb\u00bb hide_on_tablet=\u00bb\u00bb hide_on_mobile=\u00bb\u00bb][vc_empty_space height=\u00bb2em\u00bb alter_height=\u00bbnone\u00bb hide_on_desktop=\u00bb\u00bb hide_on_notebook=\u00bb\u00bb hide_on_tablet=\u00bb1&#8243; hide_on_mobile=\u00bb1&#8243;]<div id=\"sc_title_1613900093\"\n\t\tclass=\"sc_title color_style_default sc_title_default\"><h2 class=\"sc_item_title sc_title_title sc_align_left sc_item_title_style_default sc_item_title_tag\">Estas son algunas de nuestras <b>principales referencias:<\/b><\/h2><\/div><!-- \/.sc_title -->[vc_empty_space height=\u00bb2em\u00bb alter_height=\u00bbnone\u00bb hide_on_desktop=\u00bb\u00bb hide_on_notebook=\u00bb\u00bb hide_on_tablet=\u00bb\u00bb hide_on_mobile=\u00bb1&#8243;][vc_empty_space height=\u00bb2em\u00bb alter_height=\u00bbnone\u00bb hide_on_desktop=\u00bb\u00bb hide_on_notebook=\u00bb\u00bb hide_on_tablet=\u00bb\u00bb hide_on_mobile=\u00bb\u00bb]<div id=\"sc_icons_609057883\" \n\tclass=\"sc_icons sc_icons_default sc_icons_size_small sc_align_center\"><div class=\"sc_icons_columns_wrap sc_item_columns trx_addons_columns_wrap columns_padding_bottom\"><div class=\"trx_addons_column-1_5\"><div class=\"sc_icons_item\"><div id=\"sc_icons_609057883_icon-ambulance\" class=\"sc_icons_icon sc_icon_type_ icon-ambulance\"\n\t\t\t\t\t\t\t\t\t\t\t\t><span class=\"sc_icon_type_ icon-ambulance\"><\/span><\/div><h4 class=\"sc_icons_item_title\"><span>Seguro<\/span><\/h4><div class=\"sc_icons_item_description\"><span>Axa, Dekra, Allianz<\/span><\/div><\/div><\/div><div class=\"trx_addons_column-1_5\"><div class=\"sc_icons_item\"><div id=\"sc_icons_609057883_icon-lightbulb-light\" class=\"sc_icons_icon sc_icon_type_ icon-lightbulb-light\"\n\t\t\t\t\t\t\t\t\t\t\t\t><span class=\"sc_icon_type_ icon-lightbulb-light\"><\/span><\/div><h4 class=\"sc_icons_item_title\"><span> Asesoramiento en propiedad intelectual<\/span><\/h4><div class=\"sc_icons_item_description\"><span>Morningside, Park IP, Cassiopi, OHMI<\/span><\/div><\/div><\/div><div class=\"trx_addons_column-1_5\"><div class=\"sc_icons_item\"><div id=\"sc_icons_609057883_icon-globe-light\" class=\"sc_icons_icon sc_icon_type_ icon-globe-light\"\n\t\t\t\t\t\t\t\t\t\t\t\t><span class=\"sc_icon_type_ icon-globe-light\"><\/span><\/div><h4 class=\"sc_icons_item_title\"><span> Empresas de traducci\u00f3n<\/span><\/h4><div class=\"sc_icons_item_description\"><span>Peter \u00dcehlein, Tradeuras, Donnelley, Merrilbrink, Metropol AG, Centre de traduction du Luxembourg<\/span><\/div><\/div><\/div><div class=\"trx_addons_column-1_5\"><div class=\"sc_icons_item\"><div id=\"sc_icons_609057883_icon-wrench\" class=\"sc_icons_icon sc_icon_type_ icon-wrench\"\n\t\t\t\t\t\t\t\t\t\t\t\t><span class=\"sc_icon_type_ icon-wrench\"><\/span><\/div><h4 class=\"sc_icons_item_title\"><span> Industria<\/span><\/h4><div class=\"sc_icons_item_description\"><span>Alstom, Proxipi, S\u00e9nalia, Boehringer-Ingelheim, Bosch, Canon, Siemens, Boc Edwards, Honda, Stein Heurtey<\/span><\/div><\/div><\/div><div class=\"trx_addons_column-1_5\"><div class=\"sc_icons_item\"><div id=\"sc_icons_609057883_icon-box\" class=\"sc_icons_icon sc_icon_type_ icon-box\"\n\t\t\t\t\t\t\t\t\t\t\t\t><span class=\"sc_icon_type_ icon-box\"><\/span><\/div><h4 class=\"sc_icons_item_title\"><span>Diverso<\/span><\/h4><div class=\"sc_icons_item_description\"><span>\u00c9ditions Belin, Goldman Sachs Group, HSBC, France T\u00e9l\u00e9visions, La Poste, Pernod-Ricard, MFP<\/span><\/div><\/div><\/div><\/div><\/div><!-- \/.sc_icons -->[vc_empty_space height=\u00bb1em\u00bb alter_height=\u00bbnone\u00bb hide_on_desktop=\u00bb\u00bb hide_on_notebook=\u00bb\u00bb hide_on_tablet=\u00bb\u00bb hide_on_mobile=\u00bb1&#8243;]<div id=\"widget_slider_1760080869\" class=\"widget_area sc_widget_slider vc_widget_slider wpb_content_element  vc_custom_1525271403872\"><aside id=\"widget_slider_1760080869_widget\" class=\"widget widget_slider\">\t\t\t<div class=\"slider_wrap slider_engine_swiper\">\n\t\t\t\t<div id=\"widget_slider_1760080869_outer\" class=\"slider_outer slider_swiper_outer slider_style_default slider_outer_direction_horizontal slider_outer_multi slider_outer_nopagination slider_outer_nocontrols slider_outer_titles_center\"><div id=\"widget_slider_1760080869_swiper\" class=\"slider_container slider_swiper swiper-slider-container slider_nocontrols slider_titles_center slider_resize slider_height_auto slider_direction_horizontal slider_nopagination slider_multi slider_type_images\" data-ratio=\"4:3\" data-interval=\"3000\" data-effect=\"slide\" data-pagination=\"bullets\" data-direction=\"horizontal\" data-slides-per-view=\"5\" data-slides-space=\"0\"><div class=\"slider-wrapper swiper-wrapper\"><div  class=\"slider-slide swiper-slide\" data-image=\"https:\/\/jlvtraductions.com\/wp-content\/uploads\/2018\/04\/alstom-e1524070366504.jpg\" style=\"\"><img decoding=\"async\" src=\"https:\/\/jlvtraductions.com\/wp-content\/uploads\/2018\/04\/alstom-e1524070366504.jpg\" alt=\"\"><\/div><div  class=\"slider-slide swiper-slide\" data-image=\"https:\/\/jlvtraductions.com\/wp-content\/uploads\/2018\/04\/honda-e1524070469808.jpg\" style=\"\"><img decoding=\"async\" src=\"https:\/\/jlvtraductions.com\/wp-content\/uploads\/2018\/04\/honda-e1524070469808.jpg\" alt=\"\"><\/div><div  class=\"slider-slide swiper-slide\" data-image=\"https:\/\/jlvtraductions.com\/wp-content\/uploads\/2018\/04\/dekra-e1524070454325.jpg\" style=\"\"><img decoding=\"async\" src=\"https:\/\/jlvtraductions.com\/wp-content\/uploads\/2018\/04\/dekra-e1524070454325.jpg\" alt=\"\"><\/div><div  class=\"slider-slide swiper-slide\" data-image=\"https:\/\/jlvtraductions.com\/wp-content\/uploads\/2018\/04\/canon-e1524070435502.jpg\" style=\"\"><img decoding=\"async\" src=\"https:\/\/jlvtraductions.com\/wp-content\/uploads\/2018\/04\/canon-e1524070435502.jpg\" alt=\"\"><\/div><div  class=\"slider-slide swiper-slide\" data-image=\"https:\/\/jlvtraductions.com\/wp-content\/uploads\/2018\/04\/axa-e1524070397304.jpg\" style=\"\"><img decoding=\"async\" src=\"https:\/\/jlvtraductions.com\/wp-content\/uploads\/2018\/04\/axa-e1524070397304.jpg\" alt=\"\"><\/div><div  class=\"slider-slide swiper-slide\" data-image=\"https:\/\/jlvtraductions.com\/wp-content\/uploads\/2018\/04\/la_poste-e1524070522117.jpg\" style=\"\"><img decoding=\"async\" src=\"https:\/\/jlvtraductions.com\/wp-content\/uploads\/2018\/04\/la_poste-e1524070522117.jpg\" alt=\"\"><\/div><div  class=\"slider-slide swiper-slide\" data-image=\"https:\/\/jlvtraductions.com\/wp-content\/uploads\/2018\/04\/bosch-e1524070417722.jpg\" style=\"\"><img decoding=\"async\" src=\"https:\/\/jlvtraductions.com\/wp-content\/uploads\/2018\/04\/bosch-e1524070417722.jpg\" alt=\"\"><\/div><div  class=\"slider-slide swiper-slide\" data-image=\"https:\/\/jlvtraductions.com\/wp-content\/uploads\/2018\/04\/allianz-e1524070336850.jpg\" style=\"\"><img decoding=\"async\" src=\"https:\/\/jlvtraductions.com\/wp-content\/uploads\/2018\/04\/allianz-e1524070336850.jpg\" alt=\"\"><\/div><div  class=\"slider-slide swiper-slide\" data-image=\"https:\/\/jlvtraductions.com\/wp-content\/uploads\/2018\/04\/id_park-e1524070490795.jpg\" style=\"\"><img decoding=\"async\" src=\"https:\/\/jlvtraductions.com\/wp-content\/uploads\/2018\/04\/id_park-e1524070490795.jpg\" alt=\"\"><\/div><\/div><!-- \/.slider-wrapper --><\/div><!-- \/.slider_container --><\/div><!-- \/.slider_outer -->\t\t\t<\/div>\n\t\t\t<\/aside><\/div>[vc_empty_space height=\u00bb2em\u00bb alter_height=\u00bbnone\u00bb hide_on_desktop=\u00bb\u00bb hide_on_notebook=\u00bb\u00bb hide_on_tablet=\u00bb\u00bb hide_on_mobile=\u00bb1&#8243;][vc_single_image image=\u00bb2504&#8243; img_size=\u00bb2000&#215;300&#8243; alignment=\u00bbcenter\u00bb style=\u00bbvc_box_shadow_3d\u00bb css_animation=\u00bbbounceInUp\u00bb][vc_empty_space height=\u00bb2em\u00bb alter_height=\u00bbnone\u00bb hide_on_desktop=\u00bb\u00bb hide_on_notebook=\u00bb\u00bb hide_on_tablet=\u00bb\u00bb hide_on_mobile=\u00bb\u00bb][\/vc_column][\/vc_row][vc_row][vc_column][vc_empty_space height=\u00bb4em\u00bb alter_height=\u00bbnone\u00bb hide_on_desktop=\u00bb\u00bb hide_on_notebook=\u00bb\u00bb hide_on_tablet=\u00bb\u00bb hide_on_mobile=\u00bb\u00bb][\/vc_column][\/vc_row]<\/p>\n","protected":false},"excerpt":{"rendered":"<p>[vc_row full_width=\u00bbstretch_row\u00bb extra_bg_mask=\u00bb9&#8243; hide_bg_image_on_tablet=\u00bb\u00bb hide_bg_image_on_mobile=\u00bb\u00bb css=\u00bb.vc_custom_1526647405419{background: #ffffff url(https:\/\/jlvtraductions.com\/wp-content\/uploads\/2018\/04\/fome_7.png?id=1728) !important;background-position: top left !important;background-repeat: no-repeat !important;background-size: cover !important;}\u00bb][vc_column][vc_empty_space height=\u00bb1em\u00bb alter_height=\u00bbnone\u00bb hide_on_desktop=\u00bb\u00bb hide_on_notebook=\u00bb\u00bb hide_on_tablet=\u00bb\u00bb hide_on_mobile=\u00bb\u00bb][vc_empty_space height=\u00bb2em\u00bb alter_height=\u00bbnone\u00bb hide_on_desktop=\u00bb\u00bb hide_on_notebook=\u00bb\u00bb hide_on_tablet=\u00bb\u00bb hide_on_mobile=\u00bb1&#8243;][vc_empty_space height=\u00bb2em\u00bb alter_height=\u00bbnone\u00bb hide_on_desktop=\u00bb\u00bb hide_on_notebook=\u00bb\u00bb hide_on_tablet=\u00bb1&#8243; hide_on_mobile=\u00bb1&#8243;][vc_row_inner][vc_column_inner width=\u00bb1\/4&#8243;][vc_empty_space height=\u00bb2em\u00bb alter_height=\u00bbnone\u00bb hide_on_desktop=\u00bb\u00bb hide_on_notebook=\u00bb\u00bb hide_on_tablet=\u00bb\u00bb hide_on_mobile=\u00bb\u00bb][\/vc_column_inner][vc_column_inner width=\u00bb3\/4&#8243;][vc_empty_space height=\u00bb2em\u00bb alter_height=\u00bbnone\u00bb hide_on_desktop=\u00bb\u00bb hide_on_notebook=\u00bb\u00bb hide_on_tablet=\u00bb\u00bb hide_on_mobile=\u00bb\u00bb][vc_column_text css_animation=\u00bbbounceInRight\u00bb]Han confiado&hellip;<\/p>\n","protected":false},"author":1,"featured_media":0,"parent":0,"menu_order":0,"comment_status":"closed","ping_status":"closed","template":"","meta":{"_monsterinsights_skip_tracking":false,"_monsterinsights_sitenote_active":false,"_monsterinsights_sitenote_note":"","_monsterinsights_sitenote_category":0,"footnotes":""},"class_list":["post-6587","page","type-page","status-publish","hentry"],"_links":{"self":[{"href":"https:\/\/jlvtraductions.com\/es\/wp-json\/wp\/v2\/pages\/6587"}],"collection":[{"href":"https:\/\/jlvtraductions.com\/es\/wp-json\/wp\/v2\/pages"}],"about":[{"href":"https:\/\/jlvtraductions.com\/es\/wp-json\/wp\/v2\/types\/page"}],"author":[{"embeddable":true,"href":"https:\/\/jlvtraductions.com\/es\/wp-json\/wp\/v2\/users\/1"}],"replies":[{"embeddable":true,"href":"https:\/\/jlvtraductions.com\/es\/wp-json\/wp\/v2\/comments?post=6587"}],"version-history":[{"count":5,"href":"https:\/\/jlvtraductions.com\/es\/wp-json\/wp\/v2\/pages\/6587\/revisions"}],"predecessor-version":[{"id":6592,"href":"https:\/\/jlvtraductions.com\/es\/wp-json\/wp\/v2\/pages\/6587\/revisions\/6592"}],"wp:attachment":[{"href":"https:\/\/jlvtraductions.com\/es\/wp-json\/wp\/v2\/media?parent=6587"}],"curies":[{"name":"wp","href":"https:\/\/api.w.org\/{rel}","templated":true}]}}