{"id":6602,"date":"2023-02-09T14:44:45","date_gmt":"2023-02-09T13:44:45","guid":{"rendered":"https:\/\/jlvtraductions.com\/contact\/"},"modified":"2023-11-07T14:09:59","modified_gmt":"2023-11-07T13:09:59","slug":"contact","status":"publish","type":"page","link":"https:\/\/jlvtraductions.com\/es\/contact\/","title":{"rendered":"Contact"},"content":{"rendered":"<p>[vc_row full_width=\u00bbstretch_row\u00bb hide_bg_image_on_tablet=\u00bb\u00bb hide_bg_image_on_mobile=\u00bb\u00bb css=\u00bb.vc_custom_1508843441846{background-size: cover !important;}\u00bb][vc_column hide_bg_image_on_tablet=\u00bb\u00bb hide_bg_image_on_mobile=\u00bb\u00bb][vc_empty_space height=\u00bb4em\u00bb alter_height=\u00bbnone\u00bb hide_on_desktop=\u00bb\u00bb hide_on_notebook=\u00bb\u00bb hide_on_tablet=\u00bb\u00bb hide_on_mobile=\u00bb\u00bb][vc_empty_space height=\u00bb2em\u00bb alter_height=\u00bbnone\u00bb hide_on_desktop=\u00bb\u00bb hide_on_notebook=\u00bb\u00bb hide_on_tablet=\u00bb\u00bb hide_on_mobile=\u00bb1&#8243;][vc_empty_space height=\u00bb2em\u00bb alter_height=\u00bbnone\u00bb hide_on_desktop=\u00bb\u00bb hide_on_notebook=\u00bb\u00bb hide_on_tablet=\u00bb1&#8243; hide_on_mobile=\u00bb1&#8243;][\/vc_column][\/vc_row][vc_row full_width=\u00bbstretch_row\u00bb hide_bg_image_on_tablet=\u00bb\u00bb hide_bg_image_on_mobile=\u00bb\u00bb css=\u00bb.vc_custom_1508843441846{background-size: cover !important;}\u00bb][vc_column hide_bg_image_on_tablet=\u00bb\u00bb hide_bg_image_on_mobile=\u00bb\u00bb]<div id=\"sc_title_556805512\"\n\t\tclass=\"sc_title color_style_default sc_title_default\"><h2 class=\"sc_item_title sc_title_title sc_align_center sc_item_title_style_default sc_item_title_tag\">Encuentra tu <b>traductor<\/b> en una de nuestras agencias<\/h2><\/div><!-- \/.sc_title -->[vc_empty_space height=\u00bb2em\u00bb alter_height=\u00bbnone\u00bb hide_on_desktop=\u00bb\u00bb hide_on_notebook=\u00bb\u00bb hide_on_tablet=\u00bb\u00bb hide_on_mobile=\u00bb1&#8243;][vc_empty_space height=\u00bb2em\u00bb alter_height=\u00bbnone\u00bb hide_on_desktop=\u00bb\u00bb hide_on_notebook=\u00bb\u00bb hide_on_tablet=\u00bb1&#8243; hide_on_mobile=\u00bb1&#8243;][\/vc_column][\/vc_row][vc_row hide_bg_image_on_tablet=\u00bb\u00bb hide_bg_image_on_mobile=\u00bb1&#8243; css=\u00bb.vc_custom_1526647671324{margin-right: 0px !important;margin-left: 0px !important;background-image: url(https:\/\/jlvtraductions.com\/wp-content\/uploads\/2018\/05\/jlv-contact.jpg?id=3116) !important;background-position: top left !important;background-repeat: no-repeat !important;background-size: contain !important;}\u00bb][vc_column hide_bg_image_on_tablet=\u00bb\u00bb hide_bg_image_on_mobile=\u00bb\u00bb css=\u00bb.vc_custom_1508843096605{padding-right: 0px !important;padding-left: 0px !important;}\u00bb][vc_empty_space height=\u00bb4.5em\u00bb alter_height=\u00bbnone\u00bb hide_on_desktop=\u00bb\u00bb hide_on_notebook=\u00bb\u00bb hide_on_tablet=\u00bb\u00bb hide_on_mobile=\u00bb1&#8243;][vc_row_inner content_placement=\u00bbmiddle\u00bb hide_bg_image_on_tablet=\u00bb\u00bb hide_bg_image_on_mobile=\u00bb\u00bb css=\u00bb.vc_custom_1508843122265{margin-right: 0px !important;margin-left: 0px !important;background-size: cover !important;}\u00bb][vc_column_inner width=\u00bb5\/12&#8243; fix_column=\u00bb\u00bb hide_bg_image_on_tablet=\u00bb\u00bb hide_bg_image_on_mobile=\u00bb\u00bb css=\u00bb.vc_custom_1508843114781{padding-right: 0px !important;padding-left: 0px !important;}\u00bb][\/vc_column_inner][vc_column_inner width=\u00bb7\/12&#8243; fix_column=\u00bb\u00bb hide_bg_image_on_tablet=\u00bb\u00bb hide_bg_image_on_mobile=\u00bb\u00bb css=\u00bb.vc_custom_1508843109686{padding-right: 0px !important;padding-left: 0px !important;background-color: #f3f5f9 !important;}\u00bb][vc_empty_space height=\u00bb3em\u00bb alter_height=\u00bbnone\u00bb hide_on_desktop=\u00bb\u00bb hide_on_notebook=\u00bb\u00bb hide_on_tablet=\u00bb\u00bb hide_on_mobile=\u00bb\u00bb][vc_empty_space height=\u00bb3.1em\u00bb alter_height=\u00bbnone\u00bb hide_on_desktop=\u00bb\u00bb hide_on_notebook=\u00bb\u00bb hide_on_tablet=\u00bb\u00bb hide_on_mobile=\u00bb1&#8243;]<div id=\"sc_content_855737144\"\n\t\tclass=\"sc_content color_style_default sc_content_default sc_content_width_70p sc_float_center\"><div class=\"sc_content_container\"><div id=\"sc_title_446388233\"\n\t\tclass=\"sc_title color_style_default sc_title_default\"><h2 class=\"sc_item_title sc_title_title sc_align_left sc_item_title_style_default sc_item_title_tag\">En <b>Evreux<\/b><\/h2><\/div><!-- \/.sc_title -->[vc_empty_space height=\u00bb2em\u00bb alter_height=\u00bbnone\u00bb hide_on_desktop=\u00bb\u00bb hide_on_notebook=\u00bb\u00bb hide_on_tablet=\u00bb\u00bb hide_on_mobile=\u00bb\u00bb][vc_column_text css_animation=\u00bbbounceInRight\u00bb]<\/p>\n<p lang=\"fr-FR\"><big><img loading=\"lazy\" decoding=\"async\" class=\"wp-image-2254 alignleft\" src=\"https:\/\/jlvtraductions.com\/wp-content\/uploads\/2018\/05\/jlv-here.png\" alt=\"\" width=\"50\" height=\"63\" \/>933 route de Paris<\/big><big><big>\u2013\u00a0<\/big><\/big><big>Edificio E<\/big><big><\/big><\/p>\n<p lang=\"fr-FR\"><big>27000 \u00c9vreux &#8211; Francia<\/big><\/p>\n<p>[\/vc_column_text][vc_column_text css_animation=\u00bbbounceInRight\u00bb]<\/p>\n<p lang=\"fr-FR\"><big><img loading=\"lazy\" decoding=\"async\" class=\"wp-image-2251 alignleft\" src=\"https:\/\/jlvtraductions.com\/wp-content\/uploads\/2018\/05\/jlv-telephone.png\" alt=\"\" width=\"52\" height=\"52\" \/><\/big><big><\/big><\/p>\n<p lang=\"fr-FR\"><big>Tel\u00e9fono : +33 (0)2 32 38 31 01<\/big><\/p>\n<p>[\/vc_column_text][vc_empty_space height=\u00bb2em\u00bb alter_height=\u00bbnone\u00bb hide_on_desktop=\u00bb\u00bb hide_on_notebook=\u00bb\u00bb hide_on_tablet=\u00bb\u00bb hide_on_mobile=\u00bb\u00bb][vc_separator color=\u00bbgreen\u00bb css=\u00bb.vc_custom_1602240903747{margin-top: 16px !important;margin-bottom: 16px !important;}\u00bb][vc_empty_space height=\u00bb2em\u00bb alter_height=\u00bbnone\u00bb hide_on_desktop=\u00bb\u00bb hide_on_notebook=\u00bb\u00bb hide_on_tablet=\u00bb\u00bb hide_on_mobile=\u00bb\u00bb]<div id=\"sc_title_1315393945\"\n\t\tclass=\"sc_title color_style_default sc_title_default\"><h2 class=\"sc_item_title sc_title_title sc_align_left sc_item_title_style_default sc_item_title_tag\">En <b>Rouen<\/b><\/h2><\/div><!-- \/.sc_title -->[vc_empty_space height=\u00bb2em\u00bb alter_height=\u00bbnone\u00bb hide_on_desktop=\u00bb\u00bb hide_on_notebook=\u00bb\u00bb hide_on_tablet=\u00bb\u00bb hide_on_mobile=\u00bb\u00bb][vc_column_text css_animation=\u00bbbounceInRight\u00bb]<\/p>\n<p lang=\"fr-FR\"><big><img loading=\"lazy\" decoding=\"async\" class=\"wp-image-2254 alignleft\" src=\"https:\/\/jlvtraductions.com\/wp-content\/uploads\/2018\/05\/jlv-here.png\" alt=\"\" width=\"50\" height=\"63\" \/>EDIFICIO REGUS, Puerta 313<\/big><big><big> <\/big><\/big><\/p>\n<p lang=\"fr-FR\"><big>72 rue de Lessard<\/big><\/p>\n<p lang=\"fr-FR\" style=\"padding-left: 90px;\"><big>76000 Rouen &#8211; Francia<\/big><\/p>\n<p>[\/vc_column_text][vc_column_text css_animation=\u00bbbounceInRight\u00bb]<\/p>\n<p lang=\"fr-FR\"><big><img loading=\"lazy\" decoding=\"async\" class=\"wp-image-2251 alignleft\" src=\"https:\/\/jlvtraductions.com\/wp-content\/uploads\/2018\/05\/jlv-telephone.png\" alt=\"\" width=\"52\" height=\"52\" \/><\/big><big><\/big><\/p>\n<p lang=\"fr-FR\"><big>Tel\u00e9fono : +33 (0)2 85 29 54 75<\/big><\/p>\n<p>[\/vc_column_text][vc_empty_space height=\u00bb2em\u00bb alter_height=\u00bbnone\u00bb hide_on_desktop=\u00bb\u00bb hide_on_notebook=\u00bb\u00bb hide_on_tablet=\u00bb\u00bb hide_on_mobile=\u00bb\u00bb][vc_separator color=\u00bbgreen\u00bb css=\u00bb.vc_custom_1602240903747{margin-top: 16px !important;margin-bottom: 16px !important;}\u00bb][vc_column_text css_animation=\u00bbbounceInRight\u00bb]<\/p>\n<p lang=\"fr-FR\"><big><img loading=\"lazy\" decoding=\"async\" class=\"wp-image-2251 alignleft\" src=\"https:\/\/jlvtraductions.com\/wp-content\/uploads\/2018\/05\/jlv-mail.png\" alt=\"\" width=\"52\" height=\"52\" \/><\/big><big><\/big><\/p>\n<p lang=\"fr-FR\"><big>E-mail : <a href=\"mailto:jlv@jlvtraductions.com\">jlv@jlvtraductions.com<\/a><\/big><\/p>\n<p>[\/vc_column_text][vc_empty_space height=\u00bb2.2em\u00bb alter_height=\u00bbnone\u00bb hide_on_desktop=\u00bb\u00bb hide_on_notebook=\u00bb\u00bb hide_on_tablet=\u00bb\u00bb hide_on_mobile=\u00bb\u00bb]<\/div><\/div><!-- \/.sc_content -->[vc_empty_space height=\u00bb3em\u00bb alter_height=\u00bbnone\u00bb hide_on_desktop=\u00bb\u00bb hide_on_notebook=\u00bb\u00bb hide_on_tablet=\u00bb\u00bb hide_on_mobile=\u00bb\u00bb][vc_empty_space height=\u00bb2em\u00bb alter_height=\u00bbnone\u00bb hide_on_desktop=\u00bb\u00bb hide_on_notebook=\u00bb\u00bb hide_on_tablet=\u00bb\u00bb hide_on_mobile=\u00bb1&#8243;][\/vc_column_inner][\/vc_row_inner][vc_empty_space height=\u00bb4.5em\u00bb alter_height=\u00bbnone\u00bb hide_on_desktop=\u00bb\u00bb hide_on_notebook=\u00bb\u00bb hide_on_tablet=\u00bb\u00bb hide_on_mobile=\u00bb1&#8243;][\/vc_column][\/vc_row][vc_row full_width=\u00bbstretch_row\u00bb hide_bg_image_on_tablet=\u00bb\u00bb hide_bg_image_on_mobile=\u00bb\u00bb css=\u00bb.vc_custom_1508843455074{background-size: cover !important;}\u00bb][vc_column hide_bg_image_on_tablet=\u00bb\u00bb hide_bg_image_on_mobile=\u00bb\u00bb][vc_empty_space height=\u00bb4em\u00bb alter_height=\u00bbnone\u00bb hide_on_desktop=\u00bb\u00bb hide_on_notebook=\u00bb\u00bb hide_on_tablet=\u00bb\u00bb hide_on_mobile=\u00bb\u00bb][vc_empty_space height=\u00bb2em\u00bb alter_height=\u00bbnone\u00bb hide_on_desktop=\u00bb\u00bb hide_on_notebook=\u00bb\u00bb hide_on_tablet=\u00bb\u00bb hide_on_mobile=\u00bb1&#8243;][vc_empty_space height=\u00bb2em\u00bb alter_height=\u00bbnone\u00bb hide_on_desktop=\u00bb\u00bb hide_on_notebook=\u00bb\u00bb hide_on_tablet=\u00bb1&#8243; hide_on_mobile=\u00bb1&#8243;][\/vc_column][\/vc_row][vc_row full_width=\u00bbstretch_row_content_no_spaces\u00bb][vc_column][vc_raw_html]JTNDaWZyYW1lJTIwc3JjJTNEJTIyaHR0cHMlM0ElMkYlMkZzbmF6enltYXBzLmNvbSUyRmVtYmVkJTJGMzI4NjI2JTIyJTIwd2lkdGglM0QlMjIxMDAlMjUlMjIlMjBoZWlnaHQlM0QlMjI2MTdweCUyMiUyMHN0eWxlJTNEJTIyYm9yZGVyJTNBbm9uZSUzQiUyMiUzRSUzQyUyRmlmcmFtZSUzRSUwQSUwQSUwQSUwQSUwQSUwQSUwQSUwQSUwQSUwQSUwQSUwQSUwQQ==[\/vc_raw_html][\/vc_column][\/vc_row][vc_row hide_bg_image_on_tablet=\u00bb\u00bb hide_bg_image_on_mobile=\u00bb\u00bb el_class=\u00bbzero_height\u00bb][vc_column fix_column=\u00bb\u00bb hide_bg_image_on_tablet=\u00bb\u00bb hide_bg_image_on_mobile=\u00bb\u00bb]<div class=\"sc_content_wrap sc_push_medium\"><div id=\"sc_content_1489461311\"\n\t\tclass=\"sc_content color_style_default sc_content_default sc_content_width_1_1 sc_float_center sc_padding_small  vc_custom_1508244247042\"><div class=\"sc_content_container\">[vc_empty_space height=\u00bb1.6em\u00bb alter_height=\u00bbnone\u00bb hide_on_desktop=\u00bb\u00bb hide_on_notebook=\u00bb\u00bb hide_on_tablet=\u00bb\u00bb hide_on_mobile=\u00bb\u00bb][vc_empty_space height=\u00bb1em\u00bb alter_height=\u00bbnone\u00bb hide_on_desktop=\u00bb\u00bb hide_on_notebook=\u00bb\u00bb hide_on_tablet=\u00bb\u00bb hide_on_mobile=\u00bb1&#8243;]<div id=\"sc_title_205281630\"\n\t\tclass=\"sc_title color_style_default sc_title_default\"><h2 class=\"sc_item_title sc_title_title sc_align_center sc_item_title_style_default sc_item_title_tag\">Contacto<\/h2><\/div><!-- \/.sc_title -->[vc_empty_space height=\u00bb3em\u00bb alter_height=\u00bbnone\u00bb hide_on_desktop=\u00bb\u00bb hide_on_notebook=\u00bb\u00bb hide_on_tablet=\u00bb\u00bb hide_on_mobile=\u00bb\u00bb][vc_empty_space height=\u00bb1em\u00bb alter_height=\u00bbnone\u00bb hide_on_desktop=\u00bb\u00bb hide_on_notebook=\u00bb\u00bb hide_on_tablet=\u00bb\u00bb hide_on_mobile=\u00bb1&#8243;]\n<div class=\"wpcf7 no-js\" id=\"wpcf7-f2825-o1\" lang=\"en-US\" dir=\"ltr\">\n<div class=\"screen-reader-response\"><p role=\"status\" aria-live=\"polite\" aria-atomic=\"true\"><\/p> <ul><\/ul><\/div>\n<form action=\"\/es\/wp-json\/wp\/v2\/pages\/6602#wpcf7-f2825-o1\" method=\"post\" class=\"wpcf7-form init\" aria-label=\"Contact form\" novalidate=\"novalidate\" data-status=\"init\">\n<div style=\"display: none;\">\n<input type=\"hidden\" name=\"_wpcf7\" value=\"2825\" \/>\n<input type=\"hidden\" name=\"_wpcf7_version\" value=\"5.9.8\" \/>\n<input type=\"hidden\" name=\"_wpcf7_locale\" value=\"en_US\" \/>\n<input type=\"hidden\" name=\"_wpcf7_unit_tag\" value=\"wpcf7-f2825-o1\" \/>\n<input type=\"hidden\" name=\"_wpcf7_container_post\" value=\"0\" \/>\n<input type=\"hidden\" name=\"_wpcf7_posted_data_hash\" value=\"\" \/>\n<\/div>\n<div class=\"columns_wrap\">\n\t<div class=\"column-1_3\">\n\t\t<p><span class=\"wpcf7-form-control-wrap\" data-name=\"text-47\"><input size=\"40\" maxlength=\"400\" class=\"wpcf7-form-control wpcf7-text wpcf7-validates-as-required\" aria-required=\"true\" aria-invalid=\"false\" placeholder=\"Nombre (obligatorio)\" value=\"\" type=\"text\" name=\"text-47\" \/><\/span>\n\t\t<\/p>\n\t<\/div>\n\t<div class=\"column-1_3\">\n\t\t<p><span class=\"wpcf7-form-control-wrap\" data-name=\"email-416\"><input size=\"40\" maxlength=\"400\" class=\"wpcf7-form-control wpcf7-email wpcf7-validates-as-required wpcf7-text wpcf7-validates-as-email\" aria-required=\"true\" aria-invalid=\"false\" placeholder=\"Email (obligatorio)\" value=\"\" type=\"email\" name=\"email-416\" \/><\/span>\n\t\t<\/p>\n\t<\/div>\n\t<div class=\"column-1_3\">\n\t\t<p><span class=\"wpcf7-form-control-wrap\" data-name=\"tel-432\"><input size=\"40\" maxlength=\"400\" class=\"wpcf7-form-control wpcf7-tel wpcf7-validates-as-required wpcf7-text wpcf7-validates-as-tel\" aria-required=\"true\" aria-invalid=\"false\" placeholder=\"Tel\u00e9fono (obligatorio)\" value=\"\" type=\"tel\" name=\"tel-432\" \/><\/span>\n\t\t<\/p>\n\t<\/div>\n<\/div>\n<div class=\"columns_wrap\">\n\t<div class=\"column-1_1\">\n\t\t<p><span class=\"wpcf7-form-control-wrap\" data-name=\"textarea-793\"><textarea cols=\"40\" rows=\"10\" maxlength=\"2000\" class=\"wpcf7-form-control wpcf7-textarea\" aria-invalid=\"false\" placeholder=\"Tu mensaje\" name=\"textarea-793\"><\/textarea><\/span>\n\t\t<\/p>\n\t<\/div>\n<\/div>\n<div class=\"columns_wrap\">\n\t<div class=\"column-1_1\">\n\t\t<p>Los datos presentados en este formulario ser\u00e1n utilizados por JLVTRADUCTIONS y nadie m\u00e1s responder\u00e1 a usted.\n\t\t<\/p>\n\t<\/div>\n<\/div>\n<div class=\"columns_wrap margin-bottom-10\">\n\t<div class=\"column-1_1\">\n\t\t<p><span class=\"wpcf7-form-control-wrap\" data-name=\"partage_es\"><span class=\"wpcf7-form-control wpcf7-acceptance\"><span class=\"wpcf7-list-item\"><label><input type=\"checkbox\" name=\"partage_es\" value=\"1\" aria-invalid=\"false\" \/><span class=\"wpcf7-list-item-label\">Acepto compartir mis datos con JLVTRADUCTIONS *<\/span><\/label><\/span><\/span><\/span>\n\t\t<\/p>\n\t<\/div>\n<\/div>\n<div class=\"columns_wrap\">\n\t<div class=\"column-1_1\">\n\t\t<p><span class=\"wpcf7-form-control-wrap\" data-name=\"mentions_es\"><span class=\"wpcf7-form-control wpcf7-acceptance\"><span class=\"wpcf7-list-item\"><label><input type=\"checkbox\" name=\"mentions_es\" value=\"1\" aria-invalid=\"false\" \/><span class=\"wpcf7-list-item-label\">He le\u00eddo y acepto el <a target=\"_blank\" href=\"\/mentions-legales\/\"> aviso legal<\/a> *<\/span><\/label><\/span><\/span><\/span>\n\t\t<\/p>\n\t<\/div>\n<\/div>\n<p><span class=\"wpcf7-form-control-wrap g-recaptcha-response\"><span class=\"wpcf7-form-control\">  <\/span><\/span>\n<\/p>\n<div class=\"columns_wrap\">\n\t<div class=\"column-1_1 center\">\n\t\t<p><input class=\"wpcf7-form-control wpcf7-submit has-spinner\" type=\"submit\" value=\"Enviar\" \/>\n\t\t<\/p>\n\t<\/div>\n<\/div><p style=\"display: none !important;\" class=\"akismet-fields-container\" data-prefix=\"_wpcf7_ak_\"><label>&#916;<textarea name=\"_wpcf7_ak_hp_textarea\" cols=\"45\" rows=\"8\" maxlength=\"100\"><\/textarea><\/label><input type=\"hidden\" id=\"ak_js_1\" name=\"_wpcf7_ak_js\" value=\"144\"\/><script>document.getElementById( \"ak_js_1\" ).setAttribute( \"value\", ( new Date() ).getTime() );<\/script><\/p><div class=\"wpcf7-response-output\" aria-hidden=\"true\"><\/div>\n<\/form>\n<\/div>\n[vc_empty_space height=\u00bb2em\u00bb alter_height=\u00bbnone\u00bb hide_on_desktop=\u00bb\u00bb hide_on_notebook=\u00bb\u00bb hide_on_tablet=\u00bb\u00bb hide_on_mobile=\u00bb\u00bb][vc_empty_space height=\u00bb1.8em\u00bb alter_height=\u00bbnone\u00bb hide_on_desktop=\u00bb\u00bb hide_on_notebook=\u00bb\u00bb hide_on_tablet=\u00bb\u00bb hide_on_mobile=\u00bb1&#8243;]<\/div><\/div><!-- \/.sc_content --><\/div><!-- \/.sc_content_wrap -->[\/vc_column][\/vc_row][vc_row][vc_column][vc_empty_space height=\u00bb30em\u00bb alter_height=\u00bbnone\u00bb hide_on_desktop=\u00bb\u00bb hide_on_notebook=\u00bb\u00bb hide_on_tablet=\u00bb\u00bb hide_on_mobile=\u00bb\u00bb][\/vc_column][\/vc_row][vc_row][vc_column][vc_column_text]<\/p>\n<p>&nbsp;<\/p>\n<p>[\/vc_column_text][\/vc_column][\/vc_row]<\/p>\n","protected":false},"excerpt":{"rendered":"<p>[vc_row full_width=\u00bbstretch_row\u00bb hide_bg_image_on_tablet=\u00bb\u00bb hide_bg_image_on_mobile=\u00bb\u00bb css=\u00bb.vc_custom_1508843441846{background-size: cover !important;}\u00bb][vc_column hide_bg_image_on_tablet=\u00bb\u00bb hide_bg_image_on_mobile=\u00bb\u00bb][vc_empty_space height=\u00bb4em\u00bb alter_height=\u00bbnone\u00bb hide_on_desktop=\u00bb\u00bb hide_on_notebook=\u00bb\u00bb hide_on_tablet=\u00bb\u00bb hide_on_mobile=\u00bb\u00bb][vc_empty_space height=\u00bb2em\u00bb alter_height=\u00bbnone\u00bb hide_on_desktop=\u00bb\u00bb hide_on_notebook=\u00bb\u00bb hide_on_tablet=\u00bb\u00bb hide_on_mobile=\u00bb1&#8243;][vc_empty_space height=\u00bb2em\u00bb alter_height=\u00bbnone\u00bb hide_on_desktop=\u00bb\u00bb hide_on_notebook=\u00bb\u00bb hide_on_tablet=\u00bb1&#8243; hide_on_mobile=\u00bb1&#8243;][\/vc_column][\/vc_row][vc_row full_width=\u00bbstretch_row\u00bb hide_bg_image_on_tablet=\u00bb\u00bb hide_bg_image_on_mobile=\u00bb\u00bb css=\u00bb.vc_custom_1508843441846{background-size: cover !important;}\u00bb][vc_column hide_bg_image_on_tablet=\u00bb\u00bb hide_bg_image_on_mobile=\u00bb\u00bb][vc_empty_space height=\u00bb2em\u00bb alter_height=\u00bbnone\u00bb hide_on_desktop=\u00bb\u00bb hide_on_notebook=\u00bb\u00bb hide_on_tablet=\u00bb\u00bb hide_on_mobile=\u00bb1&#8243;][vc_empty_space height=\u00bb2em\u00bb alter_height=\u00bbnone\u00bb hide_on_desktop=\u00bb\u00bb hide_on_notebook=\u00bb\u00bb hide_on_tablet=\u00bb1&#8243; hide_on_mobile=\u00bb1&#8243;][\/vc_column][\/vc_row][vc_row hide_bg_image_on_tablet=\u00bb\u00bb hide_bg_image_on_mobile=\u00bb1&#8243; css=\u00bb.vc_custom_1526647671324{margin-right:&hellip;<\/p>\n","protected":false},"author":1,"featured_media":0,"parent":0,"menu_order":0,"comment_status":"closed","ping_status":"closed","template":"","meta":{"_monsterinsights_skip_tracking":false,"_monsterinsights_sitenote_active":false,"_monsterinsights_sitenote_note":"","_monsterinsights_sitenote_category":0,"footnotes":""},"class_list":["post-6602","page","type-page","status-publish","hentry"],"_links":{"self":[{"href":"https:\/\/jlvtraductions.com\/es\/wp-json\/wp\/v2\/pages\/6602"}],"collection":[{"href":"https:\/\/jlvtraductions.com\/es\/wp-json\/wp\/v2\/pages"}],"about":[{"href":"https:\/\/jlvtraductions.com\/es\/wp-json\/wp\/v2\/types\/page"}],"author":[{"embeddable":true,"href":"https:\/\/jlvtraductions.com\/es\/wp-json\/wp\/v2\/users\/1"}],"replies":[{"embeddable":true,"href":"https:\/\/jlvtraductions.com\/es\/wp-json\/wp\/v2\/comments?post=6602"}],"version-history":[{"count":13,"href":"https:\/\/jlvtraductions.com\/es\/wp-json\/wp\/v2\/pages\/6602\/revisions"}],"predecessor-version":[{"id":7975,"href":"https:\/\/jlvtraductions.com\/es\/wp-json\/wp\/v2\/pages\/6602\/revisions\/7975"}],"wp:attachment":[{"href":"https:\/\/jlvtraductions.com\/es\/wp-json\/wp\/v2\/media?parent=6602"}],"curies":[{"name":"wp","href":"https:\/\/api.w.org\/{rel}","templated":true}]}}