{"id":6616,"date":"2023-02-09T14:55:25","date_gmt":"2023-02-09T13:55:25","guid":{"rendered":"https:\/\/jlvtraductions.com\/demande-de-traduction-etape-1\/"},"modified":"2023-02-09T16:05:00","modified_gmt":"2023-02-09T15:05:00","slug":"demande-de-traduction-etape-1","status":"publish","type":"page","link":"https:\/\/jlvtraductions.com\/es\/demande-de-traduction-etape-1\/","title":{"rendered":"SOLICITUD DE TRADUCCI\u00d3N &#8211; \u00e9tape 1"},"content":{"rendered":"<p>[vc_row][vc_column]<div id=\"sc_title_1650176704\"\n\t\tclass=\"sc_title color_style_default sc_title_default\"><h2 class=\"sc_item_title sc_title_title sc_align_center sc_item_title_style_default sc_item_title_tag\">Completa esta informaci\u00f3n<\/h2><\/div><!-- \/.sc_title -->[vc_empty_space height=\u00bb1em\u00bb alter_height=\u00bbnone\u00bb hide_on_desktop=\u00bb\u00bb hide_on_notebook=\u00bb\u00bb hide_on_tablet=\u00bb\u00bb hide_on_mobile=\u00bb\u00bb][vc_column_text]Nuestra empresa obtuvo una puntuaci\u00f3n de 9,6 sobre 10 en la gesti\u00f3n de calidad global. Esta puntuaci\u00f3n es un resumen de las puntuaciones obtenidas para todos los procesos de calidad:<\/p>\n<ul>\n<li>Clientes<\/li>\n<li>RR.HH.<\/li>\n<li>Comunicaci\u00f3n<\/li>\n<li>Compra de proveedores<\/li>\n<li>Servicio de producci\u00f3n<\/li>\n<li>Infraestructuras<\/li>\n<li>Control<\/li>\n<\/ul>\n<p>[\/vc_column_text][vc_empty_space height=\u00bb1.5em\u00bb alter_height=\u00bbnone\u00bb hide_on_desktop=\u00bb\u00bb hide_on_notebook=\u00bb\u00bb hide_on_tablet=\u00bb\u00bb hide_on_mobile=\u00bb1&#8243; el_id=\u00bbcontactform\u00bb]\n<div class=\"wpcf7 no-js\" id=\"wpcf7-f6622-o1\" lang=\"en-US\" dir=\"ltr\">\n<div class=\"screen-reader-response\"><p role=\"status\" aria-live=\"polite\" aria-atomic=\"true\"><\/p> <ul><\/ul><\/div>\n<form action=\"\/es\/wp-json\/wp\/v2\/pages\/6616#wpcf7-f6622-o1\" method=\"post\" class=\"wpcf7-form init\" aria-label=\"Contact form\" enctype=\"multipart\/form-data\" novalidate=\"novalidate\" data-status=\"init\">\n<div style=\"display: none;\">\n<input type=\"hidden\" name=\"_wpcf7\" value=\"6622\" \/>\n<input type=\"hidden\" name=\"_wpcf7_version\" value=\"5.9.8\" \/>\n<input type=\"hidden\" name=\"_wpcf7_locale\" value=\"en_US\" \/>\n<input type=\"hidden\" name=\"_wpcf7_unit_tag\" value=\"wpcf7-f6622-o1\" \/>\n<input type=\"hidden\" name=\"_wpcf7_container_post\" value=\"0\" \/>\n<input type=\"hidden\" name=\"_wpcf7_posted_data_hash\" value=\"\" \/>\n<\/div>\n<div class=\"columns_wrap\">\n\t<div class=\"column-1_1\">\n\t\t<h4>Solicitud de traducci\u00f3n\n\t\t<\/h4>\n\t<\/div>\n<\/div>\n<div class=\"columns_wrap\">\n\t<div class=\"column-1_1\">\n\t\t<h5>Tu proyecto\n\t\t<\/h5>\n\t<\/div>\n<\/div>\n<div class=\"columns_wrap\">\n\t<div class=\"column-1_1\">\n\t\t<p><span class=\"wpcf7-form-control-wrap\" data-name=\"menu-105\"><select class=\"wpcf7-form-control wpcf7-select wpcf7-validates-as-required\" aria-required=\"true\" aria-invalid=\"false\" name=\"menu-105\"><option value=\"Selecciona*\">Selecciona*<\/option><option value=\"Traducci\u00f3n est\u00e1ndar (2-5 d\u00edas de trabajo)\">Traducci\u00f3n est\u00e1ndar (2-5 d\u00edas de trabajo)<\/option><option value=\"Traducci\u00f3n r\u00e1pida (24h)\">Traducci\u00f3n r\u00e1pida (24h)<\/option><option value=\"Traducci\u00f3n expr\u00e9s (2-12 horas)\">Traducci\u00f3n expr\u00e9s (2-12 horas)<\/option><option value=\"Otra\">Otra<\/option><\/select><\/span><br \/>\n<span>Les champs comportant une * sont obligatoire<\/span>\n\t\t<\/p>\n\t<\/div>\n<\/div>\n<div class=\"columns_wrap\">\n\t<div class=\"column-1_1\">\n\t\t<h5> \u00bfQu\u00e9 tipo de documento deseas traducir?\n\t\t<\/h5>\n\t<\/div>\n<\/div>\n<div class=\"columns_wrap\">\n\t<div class=\"column-1_1\">\n\t\t<p><span class=\"wpcf7-form-control-wrap\" data-name=\"menu-213\"><select class=\"wpcf7-form-control wpcf7-select wpcf7-validates-as-required\" aria-required=\"true\" aria-invalid=\"false\" name=\"menu-213\"><option value=\"Selecciona*\">Selecciona*<\/option><option value=\"PATENTES DE INVENCIONES Y MARCAS\">PATENTES DE INVENCIONES Y MARCAS<\/option><option value=\"SEGUROS\">SEGUROS<\/option><option value=\"FINANZAS\">FINANZAS<\/option><option value=\"DERECHO\">DERECHO<\/option><option value=\"INFORM\u00c1TICA\">INFORM\u00c1TICA<\/option><option value=\"TRADUCCI\u00d3N T\u00c9CNICA\">TRADUCCI\u00d3N T\u00c9CNICA<\/option><option value=\"QU\u00cdMICA\">QU\u00cdMICA<\/option><option value=\"BIOLOG\u00cdA\">BIOLOG\u00cdA<\/option><option value=\"SECTOR AGROALIMENTARIO\">SECTOR AGROALIMENTARIO<\/option><option value=\"OTRO\">OTRO<\/option><\/select><\/span>\n\t\t<\/p>\n\t<\/div>\n<\/div>\n<div class=\"columns_wrap\">\n\t<div class=\"column-1_1\">\n\t\t<h5>Descarga tus archivos*\n\t\t<\/h5>\n\t<\/div>\n<\/div>\n<div class=\"columns_wrap\">\n\t<div class=\"column-1_1\">\n\t\t<p><span class=\"wpcf7-form-control-wrap\" data-name=\"file-515\"><span class=\"fileform\"><span class=\"selectbutton\">Select File<\/span><span id=\"fileformlabel\">Upload File<\/span><input size=\"40\" class=\"wpcf7-form-control wpcf7-file wpcf7-validates-as-required\" accept=\".doc,.pdf,.csv\" aria-required=\"true\" aria-invalid=\"false\" type=\"file\" name=\"file-515\" \/><\/span><\/span>\n\t\t<\/p>\n\t<\/div>\n<\/div>\n<div class=\"columns_wrap\">\n\t<div class=\"column-1_1 center\">\n\t\t<p><input class=\"wpcf7-form-control wpcf7-submit has-spinner\" type=\"submit\" value=\"Siguiente\" \/>\n\t\t<\/p>\n\t<\/div>\n<\/div>\n\n<!-- CF7MSM -->\n<div style='display:none;'><input type=\"hidden\" name=\"_cf7msm_multistep_tag\" class=\"wpcf7-form-control wpcf7-multistep cf7msm-multistep\" value=\"{&quot;first_step&quot;:1,&quot;next_url&quot;:&quot;https:\/\/jlvtraductions.com\/es\/demande-de-traduction-2\/#contactform&quot;}\" \/><input type=\"hidden\" name=\"cf7msm-no-ss\" value=\"\" \/>\n<\/div>\n<!-- End CF7MSM -->\n<p style=\"display: none !important;\" class=\"akismet-fields-container\" data-prefix=\"_wpcf7_ak_\"><label>&#916;<textarea name=\"_wpcf7_ak_hp_textarea\" cols=\"45\" rows=\"8\" maxlength=\"100\"><\/textarea><\/label><input type=\"hidden\" id=\"ak_js_1\" name=\"_wpcf7_ak_js\" value=\"3\"\/><script>document.getElementById( \"ak_js_1\" ).setAttribute( \"value\", ( new Date() ).getTime() );<\/script><\/p><div class=\"wpcf7-response-output\" aria-hidden=\"true\"><\/div>\n<\/form>\n<\/div>\n[\/vc_column][\/vc_row]<\/p>\n","protected":false},"excerpt":{"rendered":"<p>[vc_row][vc_column][vc_empty_space height=\u00bb1em\u00bb alter_height=\u00bbnone\u00bb hide_on_desktop=\u00bb\u00bb hide_on_notebook=\u00bb\u00bb hide_on_tablet=\u00bb\u00bb hide_on_mobile=\u00bb\u00bb][vc_column_text]Nuestra empresa obtuvo una puntuaci\u00f3n de 9,6 sobre 10 en la gesti\u00f3n de calidad global. Esta puntuaci\u00f3n es un resumen de las puntuaciones obtenidas para todos los procesos de calidad: Clientes RR.HH. Comunicaci\u00f3n Compra de proveedores Servicio de producci\u00f3n Infraestructuras Control [\/vc_column_text][vc_empty_space height=\u00bb1.5em\u00bb alter_height=\u00bbnone\u00bb&hellip;<\/p>\n","protected":false},"author":1,"featured_media":0,"parent":0,"menu_order":0,"comment_status":"closed","ping_status":"closed","template":"","meta":{"_monsterinsights_skip_tracking":false,"_monsterinsights_sitenote_active":false,"_monsterinsights_sitenote_note":"","_monsterinsights_sitenote_category":0,"footnotes":""},"class_list":["post-6616","page","type-page","status-publish","hentry"],"_links":{"self":[{"href":"https:\/\/jlvtraductions.com\/es\/wp-json\/wp\/v2\/pages\/6616"}],"collection":[{"href":"https:\/\/jlvtraductions.com\/es\/wp-json\/wp\/v2\/pages"}],"about":[{"href":"https:\/\/jlvtraductions.com\/es\/wp-json\/wp\/v2\/types\/page"}],"author":[{"embeddable":true,"href":"https:\/\/jlvtraductions.com\/es\/wp-json\/wp\/v2\/users\/1"}],"replies":[{"embeddable":true,"href":"https:\/\/jlvtraductions.com\/es\/wp-json\/wp\/v2\/comments?post=6616"}],"version-history":[{"count":6,"href":"https:\/\/jlvtraductions.com\/es\/wp-json\/wp\/v2\/pages\/6616\/revisions"}],"predecessor-version":[{"id":6625,"href":"https:\/\/jlvtraductions.com\/es\/wp-json\/wp\/v2\/pages\/6616\/revisions\/6625"}],"wp:attachment":[{"href":"https:\/\/jlvtraductions.com\/es\/wp-json\/wp\/v2\/media?parent=6616"}],"curies":[{"name":"wp","href":"https:\/\/api.w.org\/{rel}","templated":true}]}}