{"id":6630,"date":"2023-02-09T16:06:33","date_gmt":"2023-02-09T15:06:33","guid":{"rendered":"https:\/\/jlvtraductions.com\/demande-de-traduction-etape-3\/"},"modified":"2023-02-09T16:15:37","modified_gmt":"2023-02-09T15:15:37","slug":"demande-de-traduction-etape-3","status":"publish","type":"page","link":"https:\/\/jlvtraductions.com\/es\/demande-de-traduction-etape-3\/","title":{"rendered":"Demande de Traduction &#8211; \u00e9tape 3"},"content":{"rendered":"<p>[vc_row][vc_column]<div id=\"sc_title_1954618113\"\n\t\tclass=\"sc_title color_style_default sc_title_default\"><h2 class=\"sc_item_title sc_title_title sc_align_center sc_item_title_style_default sc_item_title_tag\">Completa esta informaci\u00f3n<\/h2><\/div><!-- \/.sc_title -->[vc_empty_space height=\u00bb1em\u00bb alter_height=\u00bbnone\u00bb hide_on_desktop=\u00bb\u00bb hide_on_notebook=\u00bb\u00bb hide_on_tablet=\u00bb\u00bb hide_on_mobile=\u00bb\u00bb][vc_column_text]Nuestra empresa obtuvo una puntuaci\u00f3n de 9,6 sobre 10 en la gesti\u00f3n de calidad global. Esta puntuaci\u00f3n es un resumen de las puntuaciones obtenidas para todos los procesos de calidad:<\/p>\n<ul>\n<li>Clientes<\/li>\n<li>RR.HH.<\/li>\n<li>Comunicaci\u00f3n<\/li>\n<li>Compra de proveedores<\/li>\n<li>Servicio de producci\u00f3n<\/li>\n<li>Infraestructuras<\/li>\n<li>Control<\/li>\n<\/ul>\n<p>[\/vc_column_text][vc_empty_space height=\u00bb1.5em\u00bb alter_height=\u00bbnone\u00bb hide_on_desktop=\u00bb\u00bb hide_on_notebook=\u00bb\u00bb hide_on_tablet=\u00bb\u00bb hide_on_mobile=\u00bb1&#8243; el_id=\u00bbcontactform\u00bb]\n<div class=\"wpcf7 no-js\" id=\"wpcf7-f6624-o1\" lang=\"en-US\" dir=\"ltr\">\n<div class=\"screen-reader-response\"><p role=\"status\" aria-live=\"polite\" aria-atomic=\"true\"><\/p> <ul><\/ul><\/div>\n<form action=\"\/es\/wp-json\/wp\/v2\/pages\/6630#wpcf7-f6624-o1\" method=\"post\" class=\"wpcf7-form init\" aria-label=\"Contact form\" novalidate=\"novalidate\" data-status=\"init\">\n<div style=\"display: none;\">\n<input type=\"hidden\" name=\"_wpcf7\" value=\"6624\" \/>\n<input type=\"hidden\" name=\"_wpcf7_version\" value=\"5.9.8\" \/>\n<input type=\"hidden\" name=\"_wpcf7_locale\" value=\"en_US\" \/>\n<input type=\"hidden\" name=\"_wpcf7_unit_tag\" value=\"wpcf7-f6624-o1\" \/>\n<input type=\"hidden\" name=\"_wpcf7_container_post\" value=\"0\" \/>\n<input type=\"hidden\" name=\"_wpcf7_posted_data_hash\" value=\"\" \/>\n<\/div>\n<p>Please fill out the form on the previous page.\n<\/p><p style=\"display: none !important;\" class=\"akismet-fields-container\" data-prefix=\"_wpcf7_ak_\"><label>&#916;<textarea name=\"_wpcf7_ak_hp_textarea\" cols=\"45\" rows=\"8\" maxlength=\"100\"><\/textarea><\/label><input type=\"hidden\" id=\"ak_js_1\" name=\"_wpcf7_ak_js\" value=\"165\"\/><script>document.getElementById( \"ak_js_1\" ).setAttribute( \"value\", ( new Date() ).getTime() );<\/script><\/p><div class=\"wpcf7-response-output\" aria-hidden=\"true\"><\/div>\n<\/form>\n<\/div>\n[\/vc_column][\/vc_row]<\/p>\n","protected":false},"excerpt":{"rendered":"<p>[vc_row][vc_column][vc_empty_space height=\u00bb1em\u00bb alter_height=\u00bbnone\u00bb hide_on_desktop=\u00bb\u00bb hide_on_notebook=\u00bb\u00bb hide_on_tablet=\u00bb\u00bb hide_on_mobile=\u00bb\u00bb][vc_column_text]Nuestra empresa obtuvo una puntuaci\u00f3n de 9,6 sobre 10 en la gesti\u00f3n de calidad global. Esta puntuaci\u00f3n es un resumen de las puntuaciones obtenidas para todos los procesos de calidad: Clientes RR.HH. Comunicaci\u00f3n Compra de proveedores Servicio de producci\u00f3n Infraestructuras Control [\/vc_column_text][vc_empty_space height=\u00bb1.5em\u00bb alter_height=\u00bbnone\u00bb&hellip;<\/p>\n","protected":false},"author":1,"featured_media":0,"parent":0,"menu_order":0,"comment_status":"closed","ping_status":"closed","template":"","meta":{"_monsterinsights_skip_tracking":false,"_monsterinsights_sitenote_active":false,"_monsterinsights_sitenote_note":"","_monsterinsights_sitenote_category":0,"footnotes":""},"class_list":["post-6630","page","type-page","status-publish","hentry"],"_links":{"self":[{"href":"https:\/\/jlvtraductions.com\/es\/wp-json\/wp\/v2\/pages\/6630"}],"collection":[{"href":"https:\/\/jlvtraductions.com\/es\/wp-json\/wp\/v2\/pages"}],"about":[{"href":"https:\/\/jlvtraductions.com\/es\/wp-json\/wp\/v2\/types\/page"}],"author":[{"embeddable":true,"href":"https:\/\/jlvtraductions.com\/es\/wp-json\/wp\/v2\/users\/1"}],"replies":[{"embeddable":true,"href":"https:\/\/jlvtraductions.com\/es\/wp-json\/wp\/v2\/comments?post=6630"}],"version-history":[{"count":5,"href":"https:\/\/jlvtraductions.com\/es\/wp-json\/wp\/v2\/pages\/6630\/revisions"}],"predecessor-version":[{"id":6637,"href":"https:\/\/jlvtraductions.com\/es\/wp-json\/wp\/v2\/pages\/6630\/revisions\/6637"}],"wp:attachment":[{"href":"https:\/\/jlvtraductions.com\/es\/wp-json\/wp\/v2\/media?parent=6630"}],"curies":[{"name":"wp","href":"https:\/\/api.w.org\/{rel}","templated":true}]}}