{"id":6662,"date":"2023-02-13T15:52:03","date_gmt":"2023-02-13T14:52:03","guid":{"rendered":"https:\/\/jlvtraductions.com\/localisation\/"},"modified":"2023-02-13T16:36:54","modified_gmt":"2023-02-13T15:36:54","slug":"localisation","status":"publish","type":"page","link":"https:\/\/jlvtraductions.com\/es\/localisation\/","title":{"rendered":"Localizaci\u00f3n"},"content":{"rendered":"<p>[vc_row hide_bg_image_on_tablet=\u00bb\u00bb hide_bg_image_on_mobile=\u00bb\u00bb css=\u00bb.vc_custom_1508317949755{background-size: cover !important;}\u00bb][vc_column][vc_empty_space height=\u00bb1em\u00bb alter_height=\u00bbnone\u00bb hide_on_desktop=\u00bb\u00bb hide_on_notebook=\u00bb\u00bb hide_on_tablet=\u00bb\u00bb hide_on_mobile=\u00bb\u00bb][vc_empty_space height=\u00bb2em\u00bb alter_height=\u00bbnone\u00bb hide_on_desktop=\u00bb\u00bb hide_on_notebook=\u00bb\u00bb hide_on_tablet=\u00bb\u00bb hide_on_mobile=\u00bb1&#8243;][vc_empty_space height=\u00bb2em\u00bb alter_height=\u00bbnone\u00bb hide_on_desktop=\u00bb\u00bb hide_on_notebook=\u00bb\u00bb hide_on_tablet=\u00bb1&#8243; hide_on_mobile=\u00bb1&#8243;][\/vc_column][\/vc_row][vc_row][vc_column]<div id=\"sc_title_1755461271\"\n\t\tclass=\"sc_title color_style_default sc_title_default\"><h3 class=\"sc_item_title sc_title_title sc_align_center sc_item_title_style_default\">Una nueva perspectiva de la <b>traducci\u00f3n<\/b><\/h3><\/div><!-- \/.sc_title -->[\/vc_column][\/vc_row][vc_row hide_bg_image_on_tablet=\u00bb\u00bb hide_bg_image_on_mobile=\u00bb\u00bb css=\u00bb.vc_custom_1508317949755{background-size: cover !important;}\u00bb][vc_column][vc_empty_space height=\u00bb1em\u00bb alter_height=\u00bbnone\u00bb hide_on_desktop=\u00bb\u00bb hide_on_notebook=\u00bb\u00bb hide_on_tablet=\u00bb\u00bb hide_on_mobile=\u00bb\u00bb][vc_empty_space height=\u00bb2em\u00bb alter_height=\u00bbnone\u00bb hide_on_desktop=\u00bb\u00bb hide_on_notebook=\u00bb\u00bb hide_on_tablet=\u00bb\u00bb hide_on_mobile=\u00bb1&#8243;][vc_empty_space height=\u00bb2em\u00bb alter_height=\u00bbnone\u00bb hide_on_desktop=\u00bb\u00bb hide_on_notebook=\u00bb\u00bb hide_on_tablet=\u00bb1&#8243; hide_on_mobile=\u00bb1&#8243;][\/vc_column][\/vc_row][vc_row full_width=\u00bbstretch_row\u00bb extra_bg_mask=\u00bb8&#8243; hide_bg_image_on_tablet=\u00bb\u00bb hide_bg_image_on_mobile=\u00bb\u00bb css=\u00bb.vc_custom_1526647055177{background: #ffffff url(https:\/\/jlvtraductions.com\/wp-content\/uploads\/2018\/04\/fome_7.png?id=1728) !important;background-position: top left !important;background-repeat: no-repeat !important;background-size: cover !important;}\u00bb][vc_column hide_bg_image_on_tablet=\u00bb\u00bb hide_bg_image_on_mobile=\u00bb\u00bb css=\u00bb.vc_custom_1508851629306{background-size: contain !important;}\u00bb][vc_column_text css_animation=\u00bbbounceInRight\u00bb]<\/p>\n<div style=\"text-align: center;\">\u00a0Traducir un documento es, en definitiva, tender un puente de un idioma a otro. En algunos casos, esta tarea literaria es s\u00f3lo un primer paso en la producci\u00f3n de versiones de documentos. Para ir m\u00e1s all\u00e1 y proporcionar un resultado acorde con los idiomas de destino, la localizaci\u00f3n es ineludible<\/div>\n<p>[\/vc_column_text][vc_empty_space height=\u00bb1em\u00bb alter_height=\u00bbnone\u00bb hide_on_desktop=\u00bb\u00bb hide_on_notebook=\u00bb\u00bb hide_on_tablet=\u00bb\u00bb hide_on_mobile=\u00bb\u00bb][vc_column_text css_animation=\u00bbbounceInRight\u00bb]<\/p>\n<div style=\"text-align: center;\"><strong>\u00a0Se deben tener en cuenta elementos espec\u00edficos como h\u00e1bitos ling\u00fc\u00edsticos o modismos.<\/strong> Sin ellos, es imposible crear una verdadera versi\u00f3n al alcance de los lectores de los idiomas objetivo.<\/div>\n<p>[\/vc_column_text][vc_empty_space height=\u00bb3.2em\u00bb alter_height=\u00bbnone\u00bb hide_on_desktop=\u00bb\u00bb hide_on_notebook=\u00bb\u00bb hide_on_tablet=\u00bb\u00bb hide_on_mobile=\u00bb\u00bb][\/vc_column][\/vc_row][vc_row full_width=\u00bbstretch_row\u00bb extra_bg_mask=\u00bb5&#8243; hide_bg_image_on_tablet=\u00bb\u00bb hide_bg_image_on_mobile=\u00bb\u00bb css=\u00bb.vc_custom_1626861298324{background: #0a0a0a url(https:\/\/jlvtraductions.com\/wp-content\/uploads\/2021\/07\/bg-international.jpg?id=5014) !important;background-position: center !important;background-repeat: no-repeat !important;background-size: cover !important;}\u00bb][vc_column][vc_empty_space height=\u00bb3em\u00bb alter_height=\u00bbnone\u00bb hide_on_desktop=\u00bb\u00bb hide_on_notebook=\u00bb\u00bb hide_on_tablet=\u00bb\u00bb hide_on_mobile=\u00bb\u00bb][vc_custom_heading text=\u00bbAl efectuar la localizaci\u00f3n de tus documentos, derribas las fronteras.\u00bb font_container=\u00bbtag:h2|text_align:center|color:%2394c01f\u00bb use_theme_fonts=\u00bbyes\u00bb][vc_empty_space height=\u00bb4em\u00bb alter_height=\u00bbnone\u00bb hide_on_desktop=\u00bb\u00bb hide_on_notebook=\u00bb\u00bb hide_on_tablet=\u00bb\u00bb hide_on_mobile=\u00bb\u00bb][\/vc_column][\/vc_row][vc_row full_width=\u00bbstretch_row\u00bb extra_bg_mask=\u00bb9&#8243; hide_bg_image_on_tablet=\u00bb\u00bb hide_bg_image_on_mobile=\u00bb\u00bb][vc_column][vc_empty_space height=\u00bb1em\u00bb alter_height=\u00bbnone\u00bb hide_on_desktop=\u00bb\u00bb hide_on_notebook=\u00bb\u00bb hide_on_tablet=\u00bb\u00bb hide_on_mobile=\u00bb\u00bb][vc_empty_space height=\u00bb2em\u00bb alter_height=\u00bbnone\u00bb hide_on_desktop=\u00bb\u00bb hide_on_notebook=\u00bb\u00bb hide_on_tablet=\u00bb\u00bb hide_on_mobile=\u00bb1&#8243;][vc_empty_space height=\u00bb1em\u00bb alter_height=\u00bbnone\u00bb hide_on_desktop=\u00bb\u00bb hide_on_notebook=\u00bb\u00bb hide_on_tablet=\u00bb\u00bb hide_on_mobile=\u00bb\u00bb][vc_empty_space height=\u00bb1.3em\u00bb alter_height=\u00bbnone\u00bb hide_on_desktop=\u00bb\u00bb hide_on_notebook=\u00bb\u00bb hide_on_tablet=\u00bb1&#8243; hide_on_mobile=\u00bb1&#8243;][vc_column_text css_animation=\u00bbbounceInLeft\u00bb]<\/p>\n<div style=\"text-align: center;\">Cada hablante tiene sus propias pr\u00e1cticas y costumbres. Tantos elementos culturales que dan lugar a una rutina ling\u00fc\u00edstica. Puntos y aspectos que deben encontrarse imperativamente en los documentos traducidos. <strong>Es de esta forma que todos podr\u00e1n apropiarse de tus textos y, al final de nuestra intervenci\u00f3n, la traducci\u00f3n ya no ser\u00e1 una.<\/strong><\/div>\n<p>[\/vc_column_text][vc_empty_space height=\u00bb1.5em\u00bb alter_height=\u00bbnone\u00bb hide_on_desktop=\u00bb\u00bb hide_on_notebook=\u00bb\u00bb hide_on_tablet=\u00bb\u00bb hide_on_mobile=\u00bb\u00bb][vc_empty_space height=\u00bb1.3em\u00bb alter_height=\u00bbnone\u00bb hide_on_desktop=\u00bb\u00bb hide_on_notebook=\u00bb\u00bb hide_on_tablet=\u00bb1&#8243; hide_on_mobile=\u00bb1&#8243;][vc_column_text css_animation=\u00bbbounceInLeft\u00bb]<\/p>\n<div style=\"text-align: center;\">Para que los h\u00e1bitos ling\u00fc\u00edsticos utilizados en tus documentos se correspondan con los de los lectores, el equipo de JLVTRADUCTIONS mantiene una relaci\u00f3n permanente con su red de traductores de \u00e1mbito internacional. De esta forma, <strong>podemos combinar las t\u00e9cnicas de traducci\u00f3n<\/strong> a conocimientos amplios. Hacemos siempre el v\u00ednculo con las reglas, las normas vigentes y los componentes m\u00e1s ef\u00edmeros y los estilos de lenguaje m\u00e1s justos.<\/div>\n<p>[\/vc_column_text][vc_empty_space height=\u00bb1em\u00bb alter_height=\u00bbnone\u00bb hide_on_desktop=\u00bb\u00bb hide_on_notebook=\u00bb\u00bb hide_on_tablet=\u00bb\u00bb hide_on_mobile=\u00bb\u00bb][vc_empty_space height=\u00bb2em\u00bb alter_height=\u00bbnone\u00bb hide_on_desktop=\u00bb\u00bb hide_on_notebook=\u00bb\u00bb hide_on_tablet=\u00bb\u00bb hide_on_mobile=\u00bb1&#8243;][vc_empty_space height=\u00bb2em\u00bb alter_height=\u00bbnone\u00bb hide_on_desktop=\u00bb\u00bb hide_on_notebook=\u00bb\u00bb hide_on_tablet=\u00bb1&#8243; hide_on_mobile=\u00bb1&#8243;][\/vc_column][\/vc_row][vc_row full_width=\u00bbstretch_row\u00bb extra_bg_mask=\u00bb9&#8243; hide_bg_image_on_tablet=\u00bb\u00bb hide_bg_image_on_mobile=\u00bb\u00bb css=\u00bb.vc_custom_1526647111579{background: #f3f5f9 url(https:\/\/jlvtraductions.com\/wp-content\/uploads\/2018\/04\/fome_9.png?id=1732) !important;background-position: top left !important;}\u00bb][vc_column][vc_empty_space height=\u00bb1em\u00bb alter_height=\u00bbnone\u00bb hide_on_desktop=\u00bb\u00bb hide_on_notebook=\u00bb\u00bb hide_on_tablet=\u00bb\u00bb hide_on_mobile=\u00bb\u00bb][vc_empty_space height=\u00bb2em\u00bb alter_height=\u00bbnone\u00bb hide_on_desktop=\u00bb\u00bb hide_on_notebook=\u00bb\u00bb hide_on_tablet=\u00bb\u00bb hide_on_mobile=\u00bb1&#8243;][vc_empty_space height=\u00bb2.3em\u00bb alter_height=\u00bbnone\u00bb hide_on_desktop=\u00bb\u00bb hide_on_notebook=\u00bb\u00bb hide_on_tablet=\u00bb1&#8243; hide_on_mobile=\u00bb1&#8243;]<div id=\"sc_title_808257452\"\n\t\tclass=\"sc_title color_style_default sc_title_default\"><h1 class=\"sc_item_title sc_title_title sc_align_left sc_item_title_style_default sc_item_title_tag\"><b>Internacionaliza<\/b> tu negocio<\/h1><\/div><!-- \/.sc_title -->[vc_empty_space height=\u00bb1em\u00bb alter_height=\u00bbnone\u00bb hide_on_desktop=\u00bb\u00bb hide_on_notebook=\u00bb\u00bb hide_on_tablet=\u00bb\u00bb hide_on_mobile=\u00bb\u00bb][vc_empty_space height=\u00bb1.3em\u00bb alter_height=\u00bbnone\u00bb hide_on_desktop=\u00bb\u00bb hide_on_notebook=\u00bb\u00bb hide_on_tablet=\u00bb1&#8243; hide_on_mobile=\u00bb1&#8243;][vc_row_inner][vc_column_inner width=\u00bb1\/2&#8243;][vc_column_text css_animation=\u00bbbounceInLeft\u00bb]Puntos como los medios de pago, la naturaleza de los documentos o su alcance pueden cambiar de un pa\u00eds a otro. Nuestro equipo es capaz de jugar con estos matices y la comprensi\u00f3n para proponerte un trabajo minucioso para readaptar tus textos. <strong>Es este enfoque el que nos permite relocalizar tus documentos para ubicarlos lo m\u00e1s cerca posible de las expectativas de tus clientes internacionales.<\/strong>[\/vc_column_text][\/vc_column_inner][vc_column_inner width=\u00bb1\/2&#8243;][vc_column_text css_animation=\u00bbbounceInLeft\u00bb]Al integrar las especificidades de los hablantes y los modismos presentes en cada pa\u00eds, tienes en cuenta las expectativas de todos. <strong>As\u00ed, ya no son traducciones o versiones lo que ofreces, sino efectivamente herramientas de trabajo<\/strong>. Corresponden plenamente al entorno legal del pa\u00eds deseado, pero tambi\u00e9n a los h\u00e1bitos de los lectores.[\/vc_column_text][\/vc_column_inner][\/vc_row_inner][vc_empty_space height=\u00bb1em\u00bb alter_height=\u00bbnone\u00bb hide_on_desktop=\u00bb\u00bb hide_on_notebook=\u00bb\u00bb hide_on_tablet=\u00bb\u00bb hide_on_mobile=\u00bb\u00bb][vc_empty_space height=\u00bb1.3em\u00bb alter_height=\u00bbnone\u00bb hide_on_desktop=\u00bb\u00bb hide_on_notebook=\u00bb\u00bb hide_on_tablet=\u00bb1&#8243; hide_on_mobile=\u00bb1&#8243;][vc_column_text css_animation=\u00bbbounceInLeft\u00bb]<\/p>\n<div style=\"text-align: center;\">\n<div style=\"text-align: left;\">\n<div style=\"text-align: center;\">\u00a0Para ir m\u00e1s lejos, de acuerdo con nuestra filosof\u00eda empresarial, nuestros servicios de localizaci\u00f3n se dilatan con un seguimiento real. <strong>El traductor localizador tiene la capacidad de acompa\u00f1arte en tu despliegue en el mercado de destino.<\/strong><\/div>\n<\/div>\n<\/div>\n<p>[\/vc_column_text][vc_empty_space height=\u00bb1em\u00bb alter_height=\u00bbnone\u00bb hide_on_desktop=\u00bb\u00bb hide_on_notebook=\u00bb\u00bb hide_on_tablet=\u00bb\u00bb hide_on_mobile=\u00bb\u00bb][vc_empty_space height=\u00bb1.3em\u00bb alter_height=\u00bbnone\u00bb hide_on_desktop=\u00bb\u00bb hide_on_notebook=\u00bb\u00bb hide_on_tablet=\u00bb1&#8243; hide_on_mobile=\u00bb1&#8243;][\/vc_column][\/vc_row]<\/p>\n","protected":false},"excerpt":{"rendered":"<p>[vc_row hide_bg_image_on_tablet=\u00bb\u00bb hide_bg_image_on_mobile=\u00bb\u00bb css=\u00bb.vc_custom_1508317949755{background-size: cover !important;}\u00bb][vc_column][vc_empty_space height=\u00bb1em\u00bb alter_height=\u00bbnone\u00bb hide_on_desktop=\u00bb\u00bb hide_on_notebook=\u00bb\u00bb hide_on_tablet=\u00bb\u00bb hide_on_mobile=\u00bb\u00bb][vc_empty_space height=\u00bb2em\u00bb alter_height=\u00bbnone\u00bb hide_on_desktop=\u00bb\u00bb hide_on_notebook=\u00bb\u00bb hide_on_tablet=\u00bb\u00bb hide_on_mobile=\u00bb1&#8243;][vc_empty_space height=\u00bb2em\u00bb alter_height=\u00bbnone\u00bb hide_on_desktop=\u00bb\u00bb hide_on_notebook=\u00bb\u00bb hide_on_tablet=\u00bb1&#8243; hide_on_mobile=\u00bb1&#8243;][\/vc_column][\/vc_row][vc_row][vc_column][\/vc_column][\/vc_row][vc_row hide_bg_image_on_tablet=\u00bb\u00bb hide_bg_image_on_mobile=\u00bb\u00bb css=\u00bb.vc_custom_1508317949755{background-size: cover !important;}\u00bb][vc_column][vc_empty_space height=\u00bb1em\u00bb alter_height=\u00bbnone\u00bb hide_on_desktop=\u00bb\u00bb hide_on_notebook=\u00bb\u00bb hide_on_tablet=\u00bb\u00bb hide_on_mobile=\u00bb\u00bb][vc_empty_space height=\u00bb2em\u00bb alter_height=\u00bbnone\u00bb hide_on_desktop=\u00bb\u00bb hide_on_notebook=\u00bb\u00bb hide_on_tablet=\u00bb\u00bb hide_on_mobile=\u00bb1&#8243;][vc_empty_space height=\u00bb2em\u00bb alter_height=\u00bbnone\u00bb hide_on_desktop=\u00bb\u00bb hide_on_notebook=\u00bb\u00bb hide_on_tablet=\u00bb1&#8243; hide_on_mobile=\u00bb1&#8243;][\/vc_column][\/vc_row][vc_row full_width=\u00bbstretch_row\u00bb extra_bg_mask=\u00bb8&#8243; hide_bg_image_on_tablet=\u00bb\u00bb&hellip;<\/p>\n","protected":false},"author":1,"featured_media":0,"parent":0,"menu_order":0,"comment_status":"closed","ping_status":"closed","template":"","meta":{"_monsterinsights_skip_tracking":false,"_monsterinsights_sitenote_active":false,"_monsterinsights_sitenote_note":"","_monsterinsights_sitenote_category":0,"footnotes":""},"class_list":["post-6662","page","type-page","status-publish","hentry"],"_links":{"self":[{"href":"https:\/\/jlvtraductions.com\/es\/wp-json\/wp\/v2\/pages\/6662"}],"collection":[{"href":"https:\/\/jlvtraductions.com\/es\/wp-json\/wp\/v2\/pages"}],"about":[{"href":"https:\/\/jlvtraductions.com\/es\/wp-json\/wp\/v2\/types\/page"}],"author":[{"embeddable":true,"href":"https:\/\/jlvtraductions.com\/es\/wp-json\/wp\/v2\/users\/1"}],"replies":[{"embeddable":true,"href":"https:\/\/jlvtraductions.com\/es\/wp-json\/wp\/v2\/comments?post=6662"}],"version-history":[{"count":3,"href":"https:\/\/jlvtraductions.com\/es\/wp-json\/wp\/v2\/pages\/6662\/revisions"}],"predecessor-version":[{"id":6665,"href":"https:\/\/jlvtraductions.com\/es\/wp-json\/wp\/v2\/pages\/6662\/revisions\/6665"}],"wp:attachment":[{"href":"https:\/\/jlvtraductions.com\/es\/wp-json\/wp\/v2\/media?parent=6662"}],"curies":[{"name":"wp","href":"https:\/\/api.w.org\/{rel}","templated":true}]}}