{"id":4825,"date":"2021-03-19T13:00:22","date_gmt":"2021-03-19T12:00:22","guid":{"rendered":"https:\/\/jlvtraductions.com\/jobs\/"},"modified":"2021-03-22T17:15:17","modified_gmt":"2021-03-22T16:15:17","slug":"job-openings","status":"publish","type":"page","link":"https:\/\/jlvtraductions.com\/et\/job-openings\/","title":{"rendered":"Jobs"},"content":{"rendered":"\t<div class=\"awsm-job-wrap\">\n\n\t\t<div class=\"awsm-filter-wrap\"><form action=\"https:\/\/jlvtraductions.com\/wp-admin\/admin-ajax.php\" method=\"POST\"><div class=\"awsm-filter-item-search\"><div class=\"awsm-filter-item-search-in\"><label for=\"awsm-jq-1\" class=\"awsm-sr-only\">Search<\/label><input type=\"text\" id=\"awsm-jq-1\" name=\"jq\" value=\"\" placeholder=\"Search\" class=\"awsm-job-search awsm-job-form-control\"><span class=\"awsm-job-search-btn awsm-job-search-icon-wrapper\"><i class=\"awsm-job-icon-search\"><\/i><\/span><span class=\"awsm-job-search-close-btn awsm-job-search-icon-wrapper awsm-job-hide\"><i class=\"awsm-job-icon-close-circle\"><\/i><\/span><\/div><\/div><input type=\"hidden\" name=\"lang\" value=\"et\"><input type=\"hidden\" name=\"action\" value=\"jobfilter\"><\/form><\/div>\n\t\t<div class=\"awsm-job-listings awsm-row awsm-grid-col-3\" data-listings=\"10\" data-lang=\"et\">\n\t\t\t<div class=\"awsm-job-listing-item awsm-grid-item\" id=\"awsm-grid-item-4810\">\t\t<a href=\"https:\/\/jlvtraductions.com\/et\/job-openings\/spetsialiseerunud-kogenud-vabakutselisi-tolkijaid-lv-fr-lt-ee\/\" class=\"awsm-job-item\">\t\t\t<div class=\"awsm-grid-left-col\">\n\t\t\t\t\n\t\t\t\t\n\t\t\t\t<h2 class=\"awsm-job-post-title\">\n\t\t\t\t\tSPETSIALISEERUNUD KOGENUD VABAKUTSELISI T\u00d5LKIJAID LV \/ FR \/ LT \/ EE\t\t\t\t<\/h2>\n\n\t\t\t\t\t\t\t<\/div>\n\n\t\t\t<div class=\"awsm-grid-right-col\">\n\t\t\t\t<div class=\"awsm-job-more-container\"><span class=\"awsm-job-more\">More Details <span><\/span><\/span><\/div>\t\t\t<\/div>\n\t\t<\/a>\t<\/div>\t\t<\/div>\n\n\t<\/div>\n\t\n","protected":false},"excerpt":{"rendered":"OTSIME J\u00c4RGMISTELE VALDKONDADELE JA KEELEKOMBINATSIOONIDELE\u00a0SPETSIALISEERUNUD KOGENUD VABAKUTSELISI T\u00d5LKIJAID:\u00a0 TEADUS (MEDITSIIN, FARMAATSIA, PARAMEDITSIIN jne) JUURA (vandet\u00f5lgid v\u00f5i mitte) RAHANDUS KINDLUSTUS (ekspertiisiaktid, liiklus\u00f5nnetuste aktid, hinnapakkumised, arved, meditsiinilised aruanded) TEHNIKA (k\u00f5ik erialad) INFORMAATIKA (veebilehed, HTML-vormingus tekstid jne) \u00a0 L\u00c4TI-PRANTSUSE (LV &gt; FR) PRANTSUSE-L\u00c4TI (FR &gt; LV) LEEDU-PRANTSUSE (LT &gt; FR) PRANTSUSE-LEEDU (FR &gt;&hellip;","protected":false},"author":1,"featured_media":0,"parent":0,"menu_order":0,"comment_status":"closed","ping_status":"closed","template":"","meta":{"_monsterinsights_skip_tracking":false,"_monsterinsights_sitenote_active":false,"_monsterinsights_sitenote_note":"","_monsterinsights_sitenote_category":0,"footnotes":""},"class_list":["post-4825","page","type-page","status-publish","hentry"],"_links":{"self":[{"href":"https:\/\/jlvtraductions.com\/et\/wp-json\/wp\/v2\/pages\/4825"}],"collection":[{"href":"https:\/\/jlvtraductions.com\/et\/wp-json\/wp\/v2\/pages"}],"about":[{"href":"https:\/\/jlvtraductions.com\/et\/wp-json\/wp\/v2\/types\/page"}],"author":[{"embeddable":true,"href":"https:\/\/jlvtraductions.com\/et\/wp-json\/wp\/v2\/users\/1"}],"replies":[{"embeddable":true,"href":"https:\/\/jlvtraductions.com\/et\/wp-json\/wp\/v2\/comments?post=4825"}],"version-history":[{"count":1,"href":"https:\/\/jlvtraductions.com\/et\/wp-json\/wp\/v2\/pages\/4825\/revisions"}],"predecessor-version":[{"id":4826,"href":"https:\/\/jlvtraductions.com\/et\/wp-json\/wp\/v2\/pages\/4825\/revisions\/4826"}],"wp:attachment":[{"href":"https:\/\/jlvtraductions.com\/et\/wp-json\/wp\/v2\/media?parent=4825"}],"curies":[{"name":"wp","href":"https:\/\/api.w.org\/{rel}","templated":true}]}}