{"id":4827,"date":"2021-03-19T13:00:39","date_gmt":"2021-03-19T12:00:39","guid":{"rendered":"https:\/\/jlvtraductions.com\/jobs\/"},"modified":"2021-03-22T17:15:03","modified_gmt":"2021-03-22T16:15:03","slug":"job-openings","status":"publish","type":"page","link":"https:\/\/jlvtraductions.com\/fi\/job-openings\/","title":{"rendered":"Jobs"},"content":{"rendered":"\t<div class=\"awsm-job-wrap\">\n\n\t\t<div class=\"awsm-filter-wrap\"><form action=\"https:\/\/jlvtraductions.com\/wp-admin\/admin-ajax.php\" method=\"POST\"><div class=\"awsm-filter-item-search\"><div class=\"awsm-filter-item-search-in\"><label for=\"awsm-jq-1\" class=\"awsm-sr-only\">Search<\/label><input type=\"text\" id=\"awsm-jq-1\" name=\"jq\" value=\"\" placeholder=\"Search\" class=\"awsm-job-search awsm-job-form-control\"><span class=\"awsm-job-search-btn awsm-job-search-icon-wrapper\"><i class=\"awsm-job-icon-search\"><\/i><\/span><span class=\"awsm-job-search-close-btn awsm-job-search-icon-wrapper awsm-job-hide\"><i class=\"awsm-job-icon-close-circle\"><\/i><\/span><\/div><\/div><input type=\"hidden\" name=\"lang\" value=\"fi\"><input type=\"hidden\" name=\"action\" value=\"jobfilter\"><\/form><\/div>\n\t\t<div class=\"awsm-job-listings awsm-row awsm-grid-col-3\" data-listings=\"10\" data-lang=\"fi\">\n\t\t\t<div class=\"awsm-job-listing-item awsm-grid-item\" id=\"awsm-grid-item-4815\">\t\t<a href=\"https:\/\/jlvtraductions.com\/fi\/job-openings\/haemme-kokeneita-kaantajia-dk-fr-se-no-fi\/\" class=\"awsm-job-item\">\t\t\t<div class=\"awsm-grid-left-col\">\n\t\t\t\t\n\t\t\t\t\n\t\t\t\t<h2 class=\"awsm-job-post-title\">\n\t\t\t\t\tHaemme kokeneita k\u00e4\u00e4nt\u00e4ji\u00e4  DK \/ FR \/ SE \/ NO \/ FI\t\t\t\t<\/h2>\n\n\t\t\t\t\t\t\t<\/div>\n\n\t\t\t<div class=\"awsm-grid-right-col\">\n\t\t\t\t<div class=\"awsm-job-more-container\"><span class=\"awsm-job-more\">More Details <span><\/span><\/span><\/div>\t\t\t<\/div>\n\t\t<\/a>\t<\/div>\t\t<\/div>\n\n\t<\/div>\n\t\n","protected":false},"excerpt":{"rendered":"Haemme kokeneita k\u00e4\u00e4nt\u00e4ji\u00e4 seuraaviin kieliyhdistelmiin ja useille erikoisaloille: tanska-ranska (DK &gt; FR) ranska-tanska (FR &gt; DK)\u00a0 ruotsi-ranska (SE &gt; FR) \u00a0ranska-ruotsi (FR &gt; SE)\u00a0 norja-ranska (NO &gt; FR) ranska-norja (FR &gt; NO) suomi-ranska (FI &gt; FR) \u00a0ranska-suomi (FR &gt; FI) - tiede (l\u00e4\u00e4ketiede, l\u00e4\u00e4keala, terveydenhuolto jne.) - juridiikka (my\u00f6s akkreditoidut&hellip;","protected":false},"author":1,"featured_media":0,"parent":0,"menu_order":0,"comment_status":"closed","ping_status":"closed","template":"","meta":{"_monsterinsights_skip_tracking":false,"_monsterinsights_sitenote_active":false,"_monsterinsights_sitenote_note":"","_monsterinsights_sitenote_category":0,"footnotes":""},"class_list":["post-4827","page","type-page","status-publish","hentry"],"_links":{"self":[{"href":"https:\/\/jlvtraductions.com\/fi\/wp-json\/wp\/v2\/pages\/4827"}],"collection":[{"href":"https:\/\/jlvtraductions.com\/fi\/wp-json\/wp\/v2\/pages"}],"about":[{"href":"https:\/\/jlvtraductions.com\/fi\/wp-json\/wp\/v2\/types\/page"}],"author":[{"embeddable":true,"href":"https:\/\/jlvtraductions.com\/fi\/wp-json\/wp\/v2\/users\/1"}],"replies":[{"embeddable":true,"href":"https:\/\/jlvtraductions.com\/fi\/wp-json\/wp\/v2\/comments?post=4827"}],"version-history":[{"count":1,"href":"https:\/\/jlvtraductions.com\/fi\/wp-json\/wp\/v2\/pages\/4827\/revisions"}],"predecessor-version":[{"id":4828,"href":"https:\/\/jlvtraductions.com\/fi\/wp-json\/wp\/v2\/pages\/4827\/revisions\/4828"}],"wp:attachment":[{"href":"https:\/\/jlvtraductions.com\/fi\/wp-json\/wp\/v2\/media?parent=4827"}],"curies":[{"name":"wp","href":"https:\/\/api.w.org\/{rel}","templated":true}]}}