{"id":1863,"date":"2018-05-04T22:53:41","date_gmt":"2018-05-04T20:53:41","guid":{"rendered":"http:\/\/ocean-web.fr\/?page_id=1863"},"modified":"2023-04-13T10:36:36","modified_gmt":"2023-04-13T08:36:36","slug":"demande-de-traduction","status":"publish","type":"page","link":"https:\/\/jlvtraductions.com\/fr\/demande-de-traduction\/","title":{"rendered":"Demande de Traduction &#8211; vous \u00eates ?"},"content":{"rendered":"<p>[vc_row][vc_column]<div id=\"sc_title_394932593\"\n\t\tclass=\"sc_title color_style_default sc_title_default\"><h2 class=\"sc_item_title sc_title_title sc_align_center sc_item_title_style_default sc_item_title_tag\">Compl\u00e9tez ces Informations<\/h2><\/div><!-- \/.sc_title -->[vc_empty_space height=\u00a0\u00bb1em\u00a0\u00bb alter_height=\u00a0\u00bbnone\u00a0\u00bb hide_on_desktop=\u00a0\u00bb\u00a0\u00bb hide_on_notebook=\u00a0\u00bb\u00a0\u00bb hide_on_tablet=\u00a0\u00bb\u00a0\u00bb hide_on_mobile=\u00a0\u00bb\u00a0\u00bb][vc_column_text]Notre soci\u00e9t\u00e9 a obtenu la note de<strong> 9,6<\/strong> sur 10 pour la gestion de la qualit\u00e9 globale. Cette note est la synth\u00e8se des notes obtenues pour tous les processus de qualit\u00e9 :<br \/>\n&#8211; Clients<br \/>\n&#8211; RH<br \/>\n&#8211; Communication<br \/>\n&#8211; Achat fournisseurs<br \/>\n&#8211; Production service<br \/>\n&#8211; Infrastructures<br \/>\n&#8211; Contr\u00f4le[\/vc_column_text][vc_empty_space height=\u00a0\u00bb1.5em\u00a0\u00bb alter_height=\u00a0\u00bbnone\u00a0\u00bb hide_on_desktop=\u00a0\u00bb\u00a0\u00bb hide_on_notebook=\u00a0\u00bb\u00a0\u00bb hide_on_tablet=\u00a0\u00bb\u00a0\u00bb hide_on_mobile=\u00a0\u00bb1&Prime; el_id=\u00a0\u00bbcontactform\u00a0\u00bb][vc_empty_space height=\u00a0\u00bb80px\u00a0\u00bb alter_height=\u00a0\u00bbnone\u00a0\u00bb hide_on_desktop=\u00a0\u00bb\u00a0\u00bb hide_on_notebook=\u00a0\u00bb\u00a0\u00bb hide_on_tablet=\u00a0\u00bb\u00a0\u00bb hide_on_mobile=\u00a0\u00bb\u00a0\u00bb]<div id=\"sc_title_1375187743\"\n\t\tclass=\"sc_title color_style_default sc_title_default\"><h2 class=\"sc_item_title sc_title_title sc_align_center sc_item_title_style_default sc_item_title_tag\">Vous \u00eates :<\/h2><\/div><!-- \/.sc_title -->[\/vc_column][\/vc_row][vc_row][vc_column][vc_empty_space height=\u00a0\u00bb50px\u00a0\u00bb alter_height=\u00a0\u00bbnone\u00a0\u00bb hide_on_desktop=\u00a0\u00bb\u00a0\u00bb hide_on_notebook=\u00a0\u00bb\u00a0\u00bb hide_on_tablet=\u00a0\u00bb\u00a0\u00bb hide_on_mobile=\u00a0\u00bb\u00a0\u00bb][\/vc_column][\/vc_row][vc_row][vc_column width=\u00a0\u00bb1\/2&Prime; css=\u00a0\u00bb.vc_custom_1681373786400{background-color: #e8e8e8 !important;}\u00a0\u00bb][vc_empty_space]<div id=\"sc_title_806896573\"\n\t\tclass=\"sc_title color_style_dark sc_title_default\"><h3 class=\"sc_item_title sc_title_title sc_align_center sc_item_title_style_default\">Un prospect<\/h3><\/div><!-- \/.sc_title -->[vc_empty_space]<div class=\"sc_item_button sc_button_wrap sc_align_center\"><a href=\"https:\/\/jlvtraductions.com\/fr\/demande-de-traduction-prospect\/\" id=\"sc_button_1714918368\" class=\"sc_button color_style_default sc_button_default sc_button_size_normal sc_button_icon_left\"><span class=\"sc_button_text sc_align_center\"><span class=\"sc_button_title\">Faire ma demande<\/span><\/span><!-- \/.sc_button_text --><\/a><!-- \/.sc_button --><\/div><!-- \/.sc_item_button -->[vc_empty_space][\/vc_column][vc_column width=\u00a0\u00bb1\/2&Prime; css=\u00a0\u00bb.vc_custom_1681373800150{background-color: #d8d8d8 !important;}\u00a0\u00bb][vc_empty_space]<div id=\"sc_title_391327744\"\n\t\tclass=\"sc_title color_style_dark sc_title_default\"><h3 class=\"sc_item_title sc_title_title sc_align_center sc_item_title_style_default\">Un client<\/h3><\/div><!-- \/.sc_title -->[vc_empty_space]<div class=\"sc_item_button sc_button_wrap sc_align_center\"><a href=\"https:\/\/jlvtraductions.com\/fr\/demande-de-traduction-etape-1\/\" id=\"sc_button_1734629634\" class=\"sc_button color_style_default sc_button_default sc_button_size_normal sc_button_icon_left\"><span class=\"sc_button_text sc_align_center\"><span class=\"sc_button_title\">Faire ma demande<\/span><\/span><!-- \/.sc_button_text --><\/a><!-- \/.sc_button --><\/div><!-- \/.sc_item_button -->[vc_empty_space][\/vc_column][\/vc_row]<\/p>\n","protected":false},"excerpt":{"rendered":"<p>[vc_row][vc_column][vc_empty_space height=\u00a0\u00bb1em\u00a0\u00bb alter_height=\u00a0\u00bbnone\u00a0\u00bb hide_on_desktop=\u00a0\u00bb\u00a0\u00bb hide_on_notebook=\u00a0\u00bb\u00a0\u00bb hide_on_tablet=\u00a0\u00bb\u00a0\u00bb hide_on_mobile=\u00a0\u00bb\u00a0\u00bb][vc_column_text]Notre soci\u00e9t\u00e9 a obtenu la note de 9,6 sur 10 pour la gestion de la qualit\u00e9 globale. Cette note est la synth\u00e8se des notes obtenues pour tous les processus de qualit\u00e9 : &#8211; Clients &#8211; RH &#8211; Communication &#8211; Achat fournisseurs &#8211; Production service&hellip;<\/p>\n","protected":false},"author":1,"featured_media":0,"parent":0,"menu_order":0,"comment_status":"closed","ping_status":"closed","template":"","meta":{"_monsterinsights_skip_tracking":false,"_monsterinsights_sitenote_active":false,"_monsterinsights_sitenote_note":"","_monsterinsights_sitenote_category":0,"footnotes":""},"class_list":["post-1863","page","type-page","status-publish","hentry"],"_links":{"self":[{"href":"https:\/\/jlvtraductions.com\/fr\/wp-json\/wp\/v2\/pages\/1863"}],"collection":[{"href":"https:\/\/jlvtraductions.com\/fr\/wp-json\/wp\/v2\/pages"}],"about":[{"href":"https:\/\/jlvtraductions.com\/fr\/wp-json\/wp\/v2\/types\/page"}],"author":[{"embeddable":true,"href":"https:\/\/jlvtraductions.com\/fr\/wp-json\/wp\/v2\/users\/1"}],"replies":[{"embeddable":true,"href":"https:\/\/jlvtraductions.com\/fr\/wp-json\/wp\/v2\/comments?post=1863"}],"version-history":[{"count":15,"href":"https:\/\/jlvtraductions.com\/fr\/wp-json\/wp\/v2\/pages\/1863\/revisions"}],"predecessor-version":[{"id":7434,"href":"https:\/\/jlvtraductions.com\/fr\/wp-json\/wp\/v2\/pages\/1863\/revisions\/7434"}],"wp:attachment":[{"href":"https:\/\/jlvtraductions.com\/fr\/wp-json\/wp\/v2\/media?parent=1863"}],"curies":[{"name":"wp","href":"https:\/\/api.w.org\/{rel}","templated":true}]}}