{"id":2303,"date":"2018-05-02T14:42:24","date_gmt":"2018-05-02T12:42:24","guid":{"rendered":"http:\/\/ocean-web.fr\/?page_id=2303"},"modified":"2025-11-25T14:45:19","modified_gmt":"2025-11-25T13:45:19","slug":"references","status":"publish","type":"page","link":"https:\/\/jlvtraductions.com\/fr\/references\/","title":{"rendered":"R\u00e9f\u00e9rences"},"content":{"rendered":"<p>[vc_row full_width=\u00a0\u00bbstretch_row\u00a0\u00bb extra_bg_mask=\u00a0\u00bb9&Prime; hide_bg_image_on_tablet=\u00a0\u00bb\u00a0\u00bb hide_bg_image_on_mobile=\u00a0\u00bb\u00a0\u00bb css=\u00a0\u00bb.vc_custom_1526647405419{background: #ffffff url(https:\/\/jlvtraductions.com\/wp-content\/uploads\/2018\/04\/fome_7.png?id=1728) !important;background-position: top left !important;background-repeat: no-repeat !important;background-size: cover !important;}\u00a0\u00bb][vc_column][vc_empty_space height=\u00a0\u00bb1em\u00a0\u00bb alter_height=\u00a0\u00bbnone\u00a0\u00bb hide_on_desktop=\u00a0\u00bb\u00a0\u00bb hide_on_notebook=\u00a0\u00bb\u00a0\u00bb hide_on_tablet=\u00a0\u00bb\u00a0\u00bb hide_on_mobile=\u00a0\u00bb\u00a0\u00bb][vc_empty_space height=\u00a0\u00bb2em\u00a0\u00bb alter_height=\u00a0\u00bbnone\u00a0\u00bb hide_on_desktop=\u00a0\u00bb\u00a0\u00bb hide_on_notebook=\u00a0\u00bb\u00a0\u00bb hide_on_tablet=\u00a0\u00bb\u00a0\u00bb hide_on_mobile=\u00a0\u00bb1&Prime;][vc_empty_space height=\u00a0\u00bb2em\u00a0\u00bb alter_height=\u00a0\u00bbnone\u00a0\u00bb hide_on_desktop=\u00a0\u00bb\u00a0\u00bb hide_on_notebook=\u00a0\u00bb\u00a0\u00bb hide_on_tablet=\u00a0\u00bb1&Prime; hide_on_mobile=\u00a0\u00bb1&Prime;][vc_row_inner][vc_column_inner width=\u00a0\u00bb3\/4&Prime;]<div id=\"sc_title_915003869\"\n\t\tclass=\"sc_title color_style_default sc_title_default\"><h5 class=\"sc_item_title sc_title_title sc_align_left sc_item_title_style_default sc_item_title_tag\">Nos clients exigeants, <b>satisfaits<\/b> de nos travaux au point de nous solliciter depuis plusieurs lustres, sont un gage de <b>s\u00e9rieux<\/b> de nos traductions.<\/h5><\/div><!-- \/.sc_title -->[vc_empty_space height=\u00a0\u00bb2em\u00a0\u00bb alter_height=\u00a0\u00bbnone\u00a0\u00bb hide_on_desktop=\u00a0\u00bb\u00a0\u00bb hide_on_notebook=\u00a0\u00bb\u00a0\u00bb hide_on_tablet=\u00a0\u00bb\u00a0\u00bb hide_on_mobile=\u00a0\u00bb\u00a0\u00bb][vc_column_text css_animation=\u00a0\u00bbbounceInRight\u00a0\u00bb]<\/p>\n<p lang=\"fr-FR\"><big><span style=\"color: #000000;\"><span style=\"font-family: 'Calibri Light', sans-serif;\">Ils nous font <strong>confiance<\/strong> depuis plus de vingt ans et sont issus de diff\u00e9rents secteurs de l\u2019industrie, du tertiaire (soci\u00e9t\u00e9s de service, agences de traduction en France et \u00e0 l\u2019\u00e9tranger, professions lib\u00e9rales) et des institutions internationales.<\/span><\/span><\/big><\/p>\n<p lang=\"fr-FR\"><big><span style=\"color: #000000;\"><span style=\"font-family: 'Calibri Light', sans-serif;\">Notre philosophie est simple : nous ne faisons pas de diff\u00e9rence de <strong>qualit\u00e9<\/strong> entre un texte destin\u00e9 \u00e0 la publication ou un document de travail, aussi mal r\u00e9dig\u00e9 soit-il dans la langue source.<\/span><\/span><\/big><\/p>\n<p>[\/vc_column_text][\/vc_column_inner][\/vc_row_inner][vc_single_image image=\u00a0\u00bb1666&Prime; img_size=\u00a0\u00bb2000&#215;300&Prime; style=\u00a0\u00bbvc_box_shadow_3d\u00a0\u00bb css_animation=\u00a0\u00bbbounceInUp\u00a0\u00bb][vc_empty_space height=\u00a0\u00bb2em\u00a0\u00bb alter_height=\u00a0\u00bbnone\u00a0\u00bb hide_on_desktop=\u00a0\u00bb\u00a0\u00bb hide_on_notebook=\u00a0\u00bb\u00a0\u00bb hide_on_tablet=\u00a0\u00bb\u00a0\u00bb hide_on_mobile=\u00a0\u00bb\u00a0\u00bb][\/vc_column][\/vc_row][vc_row full_width=\u00a0\u00bbstretch_row\u00a0\u00bb extra_bg_mask=\u00a0\u00bb9&Prime; hide_bg_image_on_tablet=\u00a0\u00bb\u00a0\u00bb hide_bg_image_on_mobile=\u00a0\u00bb\u00a0\u00bb css=\u00a0\u00bb.vc_custom_1526647457622{background: #f3f5f9 url(https:\/\/jlvtraductions.com\/wp-content\/uploads\/2018\/04\/fome_9.png?id=1732) !important;background-position: top left !important;}\u00a0\u00bb][vc_column][vc_empty_space height=\u00a0\u00bb1em\u00a0\u00bb alter_height=\u00a0\u00bbnone\u00a0\u00bb hide_on_desktop=\u00a0\u00bb\u00a0\u00bb hide_on_notebook=\u00a0\u00bb\u00a0\u00bb hide_on_tablet=\u00a0\u00bb\u00a0\u00bb hide_on_mobile=\u00a0\u00bb\u00a0\u00bb][vc_empty_space height=\u00a0\u00bb2em\u00a0\u00bb alter_height=\u00a0\u00bbnone\u00a0\u00bb hide_on_desktop=\u00a0\u00bb\u00a0\u00bb hide_on_notebook=\u00a0\u00bb\u00a0\u00bb hide_on_tablet=\u00a0\u00bb1&Prime; hide_on_mobile=\u00a0\u00bb1&Prime;]<div id=\"sc_title_1150313111\"\n\t\tclass=\"sc_title color_style_default sc_title_default\"><h2 class=\"sc_item_title sc_title_title sc_align_left sc_item_title_style_default sc_item_title_tag\">Voici quelques-unes de nos <b>principales r\u00e9f\u00e9rences<\/b> :<\/h2><\/div><!-- \/.sc_title -->[vc_empty_space height=\u00a0\u00bb2em\u00a0\u00bb alter_height=\u00a0\u00bbnone\u00a0\u00bb hide_on_desktop=\u00a0\u00bb\u00a0\u00bb hide_on_notebook=\u00a0\u00bb\u00a0\u00bb hide_on_tablet=\u00a0\u00bb\u00a0\u00bb hide_on_mobile=\u00a0\u00bb1&Prime;][vc_empty_space height=\u00a0\u00bb2em\u00a0\u00bb alter_height=\u00a0\u00bbnone\u00a0\u00bb hide_on_desktop=\u00a0\u00bb\u00a0\u00bb hide_on_notebook=\u00a0\u00bb\u00a0\u00bb hide_on_tablet=\u00a0\u00bb\u00a0\u00bb hide_on_mobile=\u00a0\u00bb\u00a0\u00bb]<div id=\"sc_icons_2040933241\" \n\tclass=\"sc_icons sc_icons_default sc_icons_size_small sc_align_center\"><div class=\"sc_icons_columns_wrap sc_item_columns trx_addons_columns_wrap columns_padding_bottom\"><div class=\"trx_addons_column-1_5\"><div class=\"sc_icons_item\"><div id=\"sc_icons_2040933241_icon-ambulance\" class=\"sc_icons_icon sc_icon_type_ icon-ambulance\"\n\t\t\t\t\t\t\t\t\t\t\t\t><span class=\"sc_icon_type_ icon-ambulance\"><\/span><\/div><h4 class=\"sc_icons_item_title\"><span>Assurance<\/span><\/h4><div class=\"sc_icons_item_description\"><span>Axa, Dekra, Allianz<\/span><\/div><\/div><\/div><div class=\"trx_addons_column-1_5\"><div class=\"sc_icons_item\"><div id=\"sc_icons_2040933241_icon-lightbulb-light\" class=\"sc_icons_icon sc_icon_type_ icon-lightbulb-light\"\n\t\t\t\t\t\t\t\t\t\t\t\t><span class=\"sc_icon_type_ icon-lightbulb-light\"><\/span><\/div><h4 class=\"sc_icons_item_title\"><span>Conseils en propri\u00e9t\u00e9 intellectuelle<\/span><\/h4><div class=\"sc_icons_item_description\"><span>Morningside, Park IP, Cassiopi, OHMI<\/span><\/div><\/div><\/div><div class=\"trx_addons_column-1_5\"><div class=\"sc_icons_item\"><div id=\"sc_icons_2040933241_icon-globe-light\" class=\"sc_icons_icon sc_icon_type_ icon-globe-light\"\n\t\t\t\t\t\t\t\t\t\t\t\t><span class=\"sc_icon_type_ icon-globe-light\"><\/span><\/div><h4 class=\"sc_icons_item_title\"><span>Soci\u00e9t\u00e9s de traduction<\/span><\/h4><div class=\"sc_icons_item_description\"><span>Peter \u00dcehlein, Tradeuras, Donnelley, Merrilbrink, Metropol AG, Centre de traduction du Luxembourg<\/span><\/div><\/div><\/div><div class=\"trx_addons_column-1_5\"><div class=\"sc_icons_item\"><div id=\"sc_icons_2040933241_icon-wrench\" class=\"sc_icons_icon sc_icon_type_ icon-wrench\"\n\t\t\t\t\t\t\t\t\t\t\t\t><span class=\"sc_icon_type_ icon-wrench\"><\/span><\/div><h4 class=\"sc_icons_item_title\"><span>Industrie<\/span><\/h4><div class=\"sc_icons_item_description\"><span>Alstom, Proxipi, S\u00e9nalia, Boehringer-Ingelheim, Bosch, Canon, Siemens, Boc Edwards, Honda, Stein Heurtey<\/span><\/div><\/div><\/div><div class=\"trx_addons_column-1_5\"><div class=\"sc_icons_item\"><div id=\"sc_icons_2040933241_icon-box\" class=\"sc_icons_icon sc_icon_type_ icon-box\"\n\t\t\t\t\t\t\t\t\t\t\t\t><span class=\"sc_icon_type_ icon-box\"><\/span><\/div><h4 class=\"sc_icons_item_title\"><span>Divers<\/span><\/h4><div class=\"sc_icons_item_description\"><span>\u00c9ditions Belin, Goldman Sachs Group, HSBC, France T\u00e9l\u00e9visions, La Poste, Pernod-Ricard, MFP<\/span><\/div><\/div><\/div><\/div><\/div><!-- \/.sc_icons -->[vc_empty_space height=\u00a0\u00bb1em\u00a0\u00bb alter_height=\u00a0\u00bbnone\u00a0\u00bb hide_on_desktop=\u00a0\u00bb\u00a0\u00bb hide_on_notebook=\u00a0\u00bb\u00a0\u00bb hide_on_tablet=\u00a0\u00bb\u00a0\u00bb hide_on_mobile=\u00a0\u00bb1&Prime;]<div id=\"widget_slider_941949054\" class=\"widget_area sc_widget_slider vc_widget_slider wpb_content_element  vc_custom_1525271403872\"><aside id=\"widget_slider_941949054_widget\" class=\"widget widget_slider\">\t\t\t<div class=\"slider_wrap slider_engine_swiper\">\n\t\t\t\t<div id=\"widget_slider_941949054_outer\" class=\"slider_outer slider_swiper_outer slider_style_default slider_outer_direction_horizontal slider_outer_multi slider_outer_nopagination slider_outer_nocontrols slider_outer_titles_center\"><div id=\"widget_slider_941949054_swiper\" class=\"slider_container slider_swiper swiper-slider-container slider_nocontrols slider_titles_center slider_resize slider_height_auto slider_direction_horizontal slider_nopagination slider_multi slider_type_images\" data-ratio=\"4:3\" data-interval=\"3000\" data-effect=\"slide\" data-pagination=\"bullets\" data-direction=\"horizontal\" data-slides-per-view=\"5\" data-slides-space=\"0\"><div class=\"slider-wrapper swiper-wrapper\"><div  class=\"slider-slide swiper-slide\" data-image=\"https:\/\/jlvtraductions.com\/wp-content\/uploads\/2018\/04\/alstom-e1524070366504.jpg\" style=\"\"><img decoding=\"async\" src=\"https:\/\/jlvtraductions.com\/wp-content\/uploads\/2018\/04\/alstom-e1524070366504.jpg\" alt=\"\"><\/div><div  class=\"slider-slide swiper-slide\" data-image=\"https:\/\/jlvtraductions.com\/wp-content\/uploads\/2018\/04\/honda-e1524070469808.jpg\" style=\"\"><img decoding=\"async\" src=\"https:\/\/jlvtraductions.com\/wp-content\/uploads\/2018\/04\/honda-e1524070469808.jpg\" alt=\"\"><\/div><div  class=\"slider-slide swiper-slide\" data-image=\"https:\/\/jlvtraductions.com\/wp-content\/uploads\/2018\/04\/dekra-e1524070454325.jpg\" style=\"\"><img decoding=\"async\" src=\"https:\/\/jlvtraductions.com\/wp-content\/uploads\/2018\/04\/dekra-e1524070454325.jpg\" alt=\"\"><\/div><div  class=\"slider-slide swiper-slide\" data-image=\"https:\/\/jlvtraductions.com\/wp-content\/uploads\/2018\/04\/canon-e1524070435502.jpg\" style=\"\"><img decoding=\"async\" src=\"https:\/\/jlvtraductions.com\/wp-content\/uploads\/2018\/04\/canon-e1524070435502.jpg\" alt=\"\"><\/div><div  class=\"slider-slide swiper-slide\" data-image=\"https:\/\/jlvtraductions.com\/wp-content\/uploads\/2018\/04\/axa-e1524070397304.jpg\" style=\"\"><img decoding=\"async\" src=\"https:\/\/jlvtraductions.com\/wp-content\/uploads\/2018\/04\/axa-e1524070397304.jpg\" alt=\"\"><\/div><div  class=\"slider-slide swiper-slide\" data-image=\"https:\/\/jlvtraductions.com\/wp-content\/uploads\/2018\/04\/la_poste-e1524070522117.jpg\" style=\"\"><img decoding=\"async\" src=\"https:\/\/jlvtraductions.com\/wp-content\/uploads\/2018\/04\/la_poste-e1524070522117.jpg\" alt=\"\"><\/div><div  class=\"slider-slide swiper-slide\" data-image=\"https:\/\/jlvtraductions.com\/wp-content\/uploads\/2018\/04\/bosch-e1524070417722.jpg\" style=\"\"><img decoding=\"async\" src=\"https:\/\/jlvtraductions.com\/wp-content\/uploads\/2018\/04\/bosch-e1524070417722.jpg\" alt=\"\"><\/div><div  class=\"slider-slide swiper-slide\" data-image=\"https:\/\/jlvtraductions.com\/wp-content\/uploads\/2018\/04\/allianz-e1524070336850.jpg\" style=\"\"><img decoding=\"async\" src=\"https:\/\/jlvtraductions.com\/wp-content\/uploads\/2018\/04\/allianz-e1524070336850.jpg\" alt=\"\"><\/div><div  class=\"slider-slide swiper-slide\" data-image=\"https:\/\/jlvtraductions.com\/wp-content\/uploads\/2018\/04\/id_park-e1524070490795.jpg\" style=\"\"><img decoding=\"async\" src=\"https:\/\/jlvtraductions.com\/wp-content\/uploads\/2018\/04\/id_park-e1524070490795.jpg\" alt=\"\"><\/div><\/div><!-- \/.slider-wrapper --><\/div><!-- \/.slider_container --><\/div><!-- \/.slider_outer -->\t\t\t<\/div>\n\t\t\t<\/aside><\/div>[vc_empty_space height=\u00a0\u00bb2em\u00a0\u00bb alter_height=\u00a0\u00bbnone\u00a0\u00bb hide_on_desktop=\u00a0\u00bb\u00a0\u00bb hide_on_notebook=\u00a0\u00bb\u00a0\u00bb hide_on_tablet=\u00a0\u00bb\u00a0\u00bb hide_on_mobile=\u00a0\u00bb1&Prime;][vc_single_image image=\u00a0\u00bb2504&Prime; img_size=\u00a0\u00bb2000&#215;300&Prime; alignment=\u00a0\u00bbcenter\u00a0\u00bb style=\u00a0\u00bbvc_box_shadow_3d\u00a0\u00bb css_animation=\u00a0\u00bbbounceInUp\u00a0\u00bb][vc_empty_space height=\u00a0\u00bb2em\u00a0\u00bb alter_height=\u00a0\u00bbnone\u00a0\u00bb hide_on_desktop=\u00a0\u00bb\u00a0\u00bb hide_on_notebook=\u00a0\u00bb\u00a0\u00bb hide_on_tablet=\u00a0\u00bb\u00a0\u00bb hide_on_mobile=\u00a0\u00bb\u00a0\u00bb][\/vc_column][\/vc_row][vc_row][vc_column][vc_empty_space height=\u00a0\u00bb4em\u00a0\u00bb alter_height=\u00a0\u00bbnone\u00a0\u00bb hide_on_desktop=\u00a0\u00bb\u00a0\u00bb hide_on_notebook=\u00a0\u00bb\u00a0\u00bb hide_on_tablet=\u00a0\u00bb\u00a0\u00bb hide_on_mobile=\u00a0\u00bb\u00a0\u00bb][\/vc_column][\/vc_row]<\/p>\n","protected":false},"excerpt":{"rendered":"<p>[vc_row full_width=\u00a0\u00bbstretch_row\u00a0\u00bb extra_bg_mask=\u00a0\u00bb9&Prime; hide_bg_image_on_tablet=\u00a0\u00bb\u00a0\u00bb hide_bg_image_on_mobile=\u00a0\u00bb\u00a0\u00bb css=\u00a0\u00bb.vc_custom_1526647405419{background: #ffffff url(https:\/\/jlvtraductions.com\/wp-content\/uploads\/2018\/04\/fome_7.png?id=1728) !important;background-position: top left !important;background-repeat: no-repeat !important;background-size: cover !important;}\u00a0\u00bb][vc_column][vc_empty_space height=\u00a0\u00bb1em\u00a0\u00bb alter_height=\u00a0\u00bbnone\u00a0\u00bb hide_on_desktop=\u00a0\u00bb\u00a0\u00bb hide_on_notebook=\u00a0\u00bb\u00a0\u00bb hide_on_tablet=\u00a0\u00bb\u00a0\u00bb hide_on_mobile=\u00a0\u00bb\u00a0\u00bb][vc_empty_space height=\u00a0\u00bb2em\u00a0\u00bb alter_height=\u00a0\u00bbnone\u00a0\u00bb hide_on_desktop=\u00a0\u00bb\u00a0\u00bb hide_on_notebook=\u00a0\u00bb\u00a0\u00bb hide_on_tablet=\u00a0\u00bb\u00a0\u00bb hide_on_mobile=\u00a0\u00bb1&Prime;][vc_empty_space height=\u00a0\u00bb2em\u00a0\u00bb alter_height=\u00a0\u00bbnone\u00a0\u00bb hide_on_desktop=\u00a0\u00bb\u00a0\u00bb hide_on_notebook=\u00a0\u00bb\u00a0\u00bb hide_on_tablet=\u00a0\u00bb1&Prime; hide_on_mobile=\u00a0\u00bb1&Prime;][vc_row_inner][vc_column_inner width=\u00a0\u00bb3\/4&Prime;][vc_empty_space height=\u00a0\u00bb2em\u00a0\u00bb alter_height=\u00a0\u00bbnone\u00a0\u00bb hide_on_desktop=\u00a0\u00bb\u00a0\u00bb hide_on_notebook=\u00a0\u00bb\u00a0\u00bb hide_on_tablet=\u00a0\u00bb\u00a0\u00bb hide_on_mobile=\u00a0\u00bb\u00a0\u00bb][vc_column_text css_animation=\u00a0\u00bbbounceInRight\u00a0\u00bb] Ils nous font confiance depuis plus de vingt&hellip;<\/p>\n","protected":false},"author":1,"featured_media":0,"parent":0,"menu_order":0,"comment_status":"closed","ping_status":"closed","template":"","meta":{"_monsterinsights_skip_tracking":false,"_monsterinsights_sitenote_active":false,"_monsterinsights_sitenote_note":"","_monsterinsights_sitenote_category":0,"footnotes":""},"class_list":["post-2303","page","type-page","status-publish","hentry"],"_links":{"self":[{"href":"https:\/\/jlvtraductions.com\/fr\/wp-json\/wp\/v2\/pages\/2303"}],"collection":[{"href":"https:\/\/jlvtraductions.com\/fr\/wp-json\/wp\/v2\/pages"}],"about":[{"href":"https:\/\/jlvtraductions.com\/fr\/wp-json\/wp\/v2\/types\/page"}],"author":[{"embeddable":true,"href":"https:\/\/jlvtraductions.com\/fr\/wp-json\/wp\/v2\/users\/1"}],"replies":[{"embeddable":true,"href":"https:\/\/jlvtraductions.com\/fr\/wp-json\/wp\/v2\/comments?post=2303"}],"version-history":[{"count":134,"href":"https:\/\/jlvtraductions.com\/fr\/wp-json\/wp\/v2\/pages\/2303\/revisions"}],"predecessor-version":[{"id":11170,"href":"https:\/\/jlvtraductions.com\/fr\/wp-json\/wp\/v2\/pages\/2303\/revisions\/11170"}],"wp:attachment":[{"href":"https:\/\/jlvtraductions.com\/fr\/wp-json\/wp\/v2\/media?parent=2303"}],"curies":[{"name":"wp","href":"https:\/\/api.w.org\/{rel}","templated":true}]}}