{"id":4802,"date":"2021-03-19T11:53:07","date_gmt":"2021-03-19T10:53:07","guid":{"rendered":"https:\/\/jlvtraductions.com\/job-openings\/"},"modified":"2021-03-24T16:15:59","modified_gmt":"2021-03-24T15:15:59","slug":"job-openings","status":"publish","type":"page","link":"https:\/\/jlvtraductions.com\/fr\/job-openings\/","title":{"rendered":"Jobs"},"content":{"rendered":"\t<div class=\"awsm-job-wrap\">\n\n\t\t<div class=\"awsm-filter-wrap\"><form action=\"https:\/\/jlvtraductions.com\/wp-admin\/admin-ajax.php\" method=\"POST\"><div class=\"awsm-filter-item-search\"><div class=\"awsm-filter-item-search-in\"><label for=\"awsm-jq-1\" class=\"awsm-sr-only\">Search<\/label><input type=\"text\" id=\"awsm-jq-1\" name=\"jq\" value=\"\" placeholder=\"Search\" class=\"awsm-job-search awsm-job-form-control\"><span class=\"awsm-job-search-btn awsm-job-search-icon-wrapper\"><i class=\"awsm-job-icon-search\"><\/i><\/span><span class=\"awsm-job-search-close-btn awsm-job-search-icon-wrapper awsm-job-hide\"><i class=\"awsm-job-icon-close-circle\"><\/i><\/span><\/div><\/div><input type=\"hidden\" name=\"lang\" value=\"fr\"><input type=\"hidden\" name=\"action\" value=\"jobfilter\"><\/form><\/div>\n\t\t<div class=\"awsm-job-listings awsm-row awsm-grid-col-3\" data-listings=\"10\" data-lang=\"fr\">\n\t\t\t<div class=\"awsm-job-listing-item awsm-grid-item\" id=\"awsm-grid-item-4808\">\t\t<a href=\"https:\/\/jlvtraductions.com\/fr\/job-openings\/interpretes-assermentes-ar-fr-nl\/\" class=\"awsm-job-item\">\t\t\t<div class=\"awsm-grid-left-col\">\n\t\t\t\t\n\t\t\t\t\n\t\t\t\t<h2 class=\"awsm-job-post-title\">\n\t\t\t\t\tINTERPR\u00c8TES ASSERMENT\u00c9S AR \/ FR \/ NL\t\t\t\t<\/h2>\n\n\t\t\t\t\t\t\t<\/div>\n\n\t\t\t<div class=\"awsm-grid-right-col\">\n\t\t\t\t<div class=\"awsm-job-more-container\"><span class=\"awsm-job-more\">More Details <span><\/span><\/span><\/div>\t\t\t<\/div>\n\t\t<\/a>\t<\/div><div class=\"awsm-job-listing-item awsm-grid-item\" id=\"awsm-grid-item-4807\">\t\t<a href=\"https:\/\/jlvtraductions.com\/fr\/job-openings\/traducteurs-et-ou-des-interpretes-assermentes-es-fr-it-de\/\" class=\"awsm-job-item\">\t\t\t<div class=\"awsm-grid-left-col\">\n\t\t\t\t\n\t\t\t\t\n\t\t\t\t<h2 class=\"awsm-job-post-title\">\n\t\t\t\t\tTRADUCTEURS ET\/OU DES INTERPR\u00c8TES ASSERMENT\u00c9S ES \/ FR \/ IT \/ DE\t\t\t\t<\/h2>\n\n\t\t\t\t\t\t\t<\/div>\n\n\t\t\t<div class=\"awsm-grid-right-col\">\n\t\t\t\t<div class=\"awsm-job-more-container\"><span class=\"awsm-job-more\">More Details <span><\/span><\/span><\/div>\t\t\t<\/div>\n\t\t<\/a>\t<\/div><div class=\"awsm-job-listing-item awsm-grid-item\" id=\"awsm-grid-item-4806\">\t\t<a href=\"https:\/\/jlvtraductions.com\/fr\/job-openings\/traducteurs-specialises-dk-fr-se-no-fi\/\" class=\"awsm-job-item\">\t\t\t<div class=\"awsm-grid-left-col\">\n\t\t\t\t\n\t\t\t\t\n\t\t\t\t<h2 class=\"awsm-job-post-title\">\n\t\t\t\t\tTRADUCTEURS SP\u00c9CIALIS\u00c9S DK \/ FR \/ SE \/ NO \/ FI\t\t\t\t<\/h2>\n\n\t\t\t\t\t\t\t<\/div>\n\n\t\t\t<div class=\"awsm-grid-right-col\">\n\t\t\t\t<div class=\"awsm-job-more-container\"><span class=\"awsm-job-more\">More Details <span><\/span><\/span><\/div>\t\t\t<\/div>\n\t\t<\/a>\t<\/div><div class=\"awsm-job-listing-item awsm-grid-item\" id=\"awsm-grid-item-4805\">\t\t<a href=\"https:\/\/jlvtraductions.com\/fr\/job-openings\/traducteurs-specialises-de-fr-en\/\" class=\"awsm-job-item\">\t\t\t<div class=\"awsm-grid-left-col\">\n\t\t\t\t\n\t\t\t\t\n\t\t\t\t<h2 class=\"awsm-job-post-title\">\n\t\t\t\t\tTRADUCTEURS SP\u00c9CIALIS\u00c9S DE \/ FR \/ EN\t\t\t\t<\/h2>\n\n\t\t\t\t\t\t\t<\/div>\n\n\t\t\t<div class=\"awsm-grid-right-col\">\n\t\t\t\t<div class=\"awsm-job-more-container\"><span class=\"awsm-job-more\">More Details <span><\/span><\/span><\/div>\t\t\t<\/div>\n\t\t<\/a>\t<\/div><div class=\"awsm-job-listing-item awsm-grid-item\" id=\"awsm-grid-item-4804\">\t\t<a href=\"https:\/\/jlvtraductions.com\/fr\/job-openings\/traducteurs-independants-lv-fr-lt-ee\/\" class=\"awsm-job-item\">\t\t\t<div class=\"awsm-grid-left-col\">\n\t\t\t\t\n\t\t\t\t\n\t\t\t\t<h2 class=\"awsm-job-post-title\">\n\t\t\t\t\tTRADUCTEURS IND\u00c9PENDANTS LV \/ FR \/ LT \/ EE\t\t\t\t<\/h2>\n\n\t\t\t\t\t\t\t<\/div>\n\n\t\t\t<div class=\"awsm-grid-right-col\">\n\t\t\t\t<div class=\"awsm-job-more-container\"><span class=\"awsm-job-more\">More Details <span><\/span><\/span><\/div>\t\t\t<\/div>\n\t\t<\/a>\t<\/div>\t\t<\/div>\n\n\t<\/div>\n\t\n","protected":false},"excerpt":{"rendered":"RECHERCHE DE TRADUCTEURS IND\u00c9PENDANTS SP\u00c9CIALIS\u00c9S ET EXP\u00c9RIMENT\u00c9S DANS LES COMBINAISONS LINGUISTIQUES ET DOMAINES SUIVANTS\u00a0: - SCIENTIFIQUE (M\u00c9DICAL, PHARMACEUTIQUE, PARAM\u00c9DICAL, etc.) - JURIDIQUE (traducteur asserment\u00e9 ou non) - FINANCIER - ASSURANCE (rapport d\u2019expertise, constat d\u2019accident, devis, factures, rapport m\u00e9dical, etc.) - TECHNIQUE (toute sp\u00e9cialit\u00e9) - INFORMATIQUE (sites internet, texte en langage&hellip;","protected":false},"author":1,"featured_media":0,"parent":0,"menu_order":0,"comment_status":"closed","ping_status":"closed","template":"","meta":{"_monsterinsights_skip_tracking":false,"_monsterinsights_sitenote_active":false,"_monsterinsights_sitenote_note":"","_monsterinsights_sitenote_category":0,"footnotes":""},"class_list":["post-4802","page","type-page","status-publish","hentry"],"_links":{"self":[{"href":"https:\/\/jlvtraductions.com\/fr\/wp-json\/wp\/v2\/pages\/4802"}],"collection":[{"href":"https:\/\/jlvtraductions.com\/fr\/wp-json\/wp\/v2\/pages"}],"about":[{"href":"https:\/\/jlvtraductions.com\/fr\/wp-json\/wp\/v2\/types\/page"}],"author":[{"embeddable":true,"href":"https:\/\/jlvtraductions.com\/fr\/wp-json\/wp\/v2\/users\/1"}],"replies":[{"embeddable":true,"href":"https:\/\/jlvtraductions.com\/fr\/wp-json\/wp\/v2\/comments?post=4802"}],"version-history":[{"count":2,"href":"https:\/\/jlvtraductions.com\/fr\/wp-json\/wp\/v2\/pages\/4802\/revisions"}],"predecessor-version":[{"id":4817,"href":"https:\/\/jlvtraductions.com\/fr\/wp-json\/wp\/v2\/pages\/4802\/revisions\/4817"}],"wp:attachment":[{"href":"https:\/\/jlvtraductions.com\/fr\/wp-json\/wp\/v2\/media?parent=4802"}],"curies":[{"name":"wp","href":"https:\/\/api.w.org\/{rel}","templated":true}]}}