{"id":4812,"date":"2021-03-19T12:36:09","date_gmt":"2021-03-19T11:36:09","guid":{"rendered":"https:\/\/jlvtraductions.com\/darbavietas\/"},"modified":"2021-03-22T17:18:55","modified_gmt":"2021-03-22T16:18:55","slug":"job-openings","status":"publish","type":"page","link":"https:\/\/jlvtraductions.com\/lv\/job-openings\/","title":{"rendered":"Jobs"},"content":{"rendered":"\t<div class=\"awsm-job-wrap\">\n\n\t\t<div class=\"awsm-filter-wrap\"><form action=\"https:\/\/jlvtraductions.com\/wp-admin\/admin-ajax.php\" method=\"POST\"><div class=\"awsm-filter-item-search\"><div class=\"awsm-filter-item-search-in\"><label for=\"awsm-jq-1\" class=\"awsm-sr-only\">Search<\/label><input type=\"text\" id=\"awsm-jq-1\" name=\"jq\" value=\"\" placeholder=\"Search\" class=\"awsm-job-search awsm-job-form-control\"><span class=\"awsm-job-search-btn awsm-job-search-icon-wrapper\"><i class=\"awsm-job-icon-search\"><\/i><\/span><span class=\"awsm-job-search-close-btn awsm-job-search-icon-wrapper awsm-job-hide\"><i class=\"awsm-job-icon-close-circle\"><\/i><\/span><\/div><\/div><input type=\"hidden\" name=\"lang\" value=\"lv\"><input type=\"hidden\" name=\"action\" value=\"jobfilter\"><\/form><\/div>\n\t\t<div class=\"awsm-job-listings awsm-row awsm-grid-col-3\" data-listings=\"10\" data-lang=\"lv\">\n\t\t\t<div class=\"awsm-job-listing-item awsm-grid-item\" id=\"awsm-grid-item-4809\">\t\t<a href=\"https:\/\/jlvtraductions.com\/lv\/job-openings\/tulkotajus-specializejusies-lv-fr-lt-ee\/\" class=\"awsm-job-item\">\t\t\t<div class=\"awsm-grid-left-col\">\n\t\t\t\t\n\t\t\t\t\n\t\t\t\t<h2 class=\"awsm-job-post-title\">\n\t\t\t\t\tTULKOT\u0100JUS SPECIALIZ\u0112JU\u0160IES LV \/ FR \/ LT \/ EE\t\t\t\t<\/h2>\n\n\t\t\t\t\t\t\t<\/div>\n\n\t\t\t<div class=\"awsm-grid-right-col\">\n\t\t\t\t<div class=\"awsm-job-more-container\"><span class=\"awsm-job-more\">More Details <span><\/span><\/span><\/div>\t\t\t<\/div>\n\t\t<\/a>\t<\/div>\t\t<\/div>\n\n\t<\/div>\n\t\n","protected":false},"excerpt":{"rendered":"MEKL\u0112JAM \u0100R\u0160TATA TULKOT\u0100JUS, KAS SPECIALIZ\u0112JU\u0160IES UN PIEREDZ\u0112JU\u0160I \u0160\u0100D\u0100S VALODU KOMBIN\u0100CIJ\u0100S UN JOM\u0100S: - ZIN\u0100TNE (medic\u012bna, farm\u0101cija, paramedic\u012bna utt.) - JURISPRUDENCE (zv\u0113rin\u0101ts tulks vai n\u0113) - FINANSES - APDRO\u0160IN\u0100\u0160ANA (ekspertu zi\u0146ojums, negad\u012bjuma zi\u0146ojums, t\u0101mes, r\u0113\u0137ini, medic\u012bnisk\u0101 atskaite utt.) - TEHNIKA (jebkura specialit\u0101te) - IT (t\u012bmek\u013ca vietnes, teksts HTML valod\u0101 utt.) LATVIE\u0160U&hellip;","protected":false},"author":1,"featured_media":0,"parent":0,"menu_order":0,"comment_status":"closed","ping_status":"closed","template":"","meta":{"_monsterinsights_skip_tracking":false,"_monsterinsights_sitenote_active":false,"_monsterinsights_sitenote_note":"","_monsterinsights_sitenote_category":0,"footnotes":""},"class_list":["post-4812","page","type-page","status-publish","hentry"],"_links":{"self":[{"href":"https:\/\/jlvtraductions.com\/lv\/wp-json\/wp\/v2\/pages\/4812"}],"collection":[{"href":"https:\/\/jlvtraductions.com\/lv\/wp-json\/wp\/v2\/pages"}],"about":[{"href":"https:\/\/jlvtraductions.com\/lv\/wp-json\/wp\/v2\/types\/page"}],"author":[{"embeddable":true,"href":"https:\/\/jlvtraductions.com\/lv\/wp-json\/wp\/v2\/users\/1"}],"replies":[{"embeddable":true,"href":"https:\/\/jlvtraductions.com\/lv\/wp-json\/wp\/v2\/comments?post=4812"}],"version-history":[{"count":2,"href":"https:\/\/jlvtraductions.com\/lv\/wp-json\/wp\/v2\/pages\/4812\/revisions"}],"predecessor-version":[{"id":4843,"href":"https:\/\/jlvtraductions.com\/lv\/wp-json\/wp\/v2\/pages\/4812\/revisions\/4843"}],"wp:attachment":[{"href":"https:\/\/jlvtraductions.com\/lv\/wp-json\/wp\/v2\/media?parent=4812"}],"curies":[{"name":"wp","href":"https:\/\/api.w.org\/{rel}","templated":true}]}}