{"id":4841,"date":"2021-03-19T13:02:05","date_gmt":"2021-03-19T12:02:05","guid":{"rendered":"https:\/\/jlvtraductions.com\/jobs\/"},"modified":"2021-03-22T17:18:23","modified_gmt":"2021-03-22T16:18:23","slug":"job-openings","status":"publish","type":"page","link":"https:\/\/jlvtraductions.com\/sv\/job-openings\/","title":{"rendered":"Jobs"},"content":{"rendered":"\t<div class=\"awsm-job-wrap\">\n\n\t\t<div class=\"awsm-filter-wrap\"><form action=\"https:\/\/jlvtraductions.com\/wp-admin\/admin-ajax.php\" method=\"POST\"><div class=\"awsm-filter-item-search\"><div class=\"awsm-filter-item-search-in\"><label for=\"awsm-jq-1\" class=\"awsm-sr-only\">Search<\/label><input type=\"text\" id=\"awsm-jq-1\" name=\"jq\" value=\"\" placeholder=\"Search\" class=\"awsm-job-search awsm-job-form-control\"><span class=\"awsm-job-search-btn awsm-job-search-icon-wrapper\"><i class=\"awsm-job-icon-search\"><\/i><\/span><span class=\"awsm-job-search-close-btn awsm-job-search-icon-wrapper awsm-job-hide\"><i class=\"awsm-job-icon-close-circle\"><\/i><\/span><\/div><\/div><input type=\"hidden\" name=\"lang\" value=\"sv\"><input type=\"hidden\" name=\"action\" value=\"jobfilter\"><\/form><\/div>\n\t\t<div class=\"awsm-job-listings awsm-row awsm-grid-col-3\" data-listings=\"10\" data-lang=\"sv\">\n\t\t\t<div class=\"awsm-job-listing-item awsm-grid-item\" id=\"awsm-grid-item-4816\">\t\t<a href=\"https:\/\/jlvtraductions.com\/sv\/job-openings\/oversattare-specialiserade-dk-fr-se-no-fi\/\" class=\"awsm-job-item\">\t\t\t<div class=\"awsm-grid-left-col\">\n\t\t\t\t\n\t\t\t\t\n\t\t\t\t<h2 class=\"awsm-job-post-title\">\n\t\t\t\t\t\u00f6vers\u00e4ttare specialiserade  DK \/ FR \/ SE \/ NO \/ FI\t\t\t\t<\/h2>\n\n\t\t\t\t\t\t\t<\/div>\n\n\t\t\t<div class=\"awsm-grid-right-col\">\n\t\t\t\t<div class=\"awsm-job-more-container\"><span class=\"awsm-job-more\">More Details <span><\/span><\/span><\/div>\t\t\t<\/div>\n\t\t<\/a>\t<\/div>\t\t<\/div>\n\n\t<\/div>\n\t\n","protected":false},"excerpt":{"rendered":"Vi s\u00f6ker \u00f6vers\u00e4ttare som \u00e4r specialiserade och har erfarenhet av f\u00f6ljande spr\u00e5k och omr\u00e5den: DANSKA TILL FRANSKA (DK till FR) FRANSKA TILL DANSKA (FR till DK) SVENSKA TILL FRANSKA (SV till FR) FRANSKA TILL SVENSKA (FR till SV)\u00a0 NORSKA TILL FRANSKA (NO till FR) FRANSKA TILL NORSKA (FR till NO)\u00a0&hellip;","protected":false},"author":1,"featured_media":0,"parent":0,"menu_order":0,"comment_status":"closed","ping_status":"closed","template":"","meta":{"_monsterinsights_skip_tracking":false,"_monsterinsights_sitenote_active":false,"_monsterinsights_sitenote_note":"","_monsterinsights_sitenote_category":0,"footnotes":""},"class_list":["post-4841","page","type-page","status-publish","hentry"],"_links":{"self":[{"href":"https:\/\/jlvtraductions.com\/sv\/wp-json\/wp\/v2\/pages\/4841"}],"collection":[{"href":"https:\/\/jlvtraductions.com\/sv\/wp-json\/wp\/v2\/pages"}],"about":[{"href":"https:\/\/jlvtraductions.com\/sv\/wp-json\/wp\/v2\/types\/page"}],"author":[{"embeddable":true,"href":"https:\/\/jlvtraductions.com\/sv\/wp-json\/wp\/v2\/users\/1"}],"replies":[{"embeddable":true,"href":"https:\/\/jlvtraductions.com\/sv\/wp-json\/wp\/v2\/comments?post=4841"}],"version-history":[{"count":1,"href":"https:\/\/jlvtraductions.com\/sv\/wp-json\/wp\/v2\/pages\/4841\/revisions"}],"predecessor-version":[{"id":4842,"href":"https:\/\/jlvtraductions.com\/sv\/wp-json\/wp\/v2\/pages\/4841\/revisions\/4842"}],"wp:attachment":[{"href":"https:\/\/jlvtraductions.com\/sv\/wp-json\/wp\/v2\/media?parent=4841"}],"curies":[{"name":"wp","href":"https:\/\/api.w.org\/{rel}","templated":true}]}}